{"id":191,"date":"2022-09-27T08:28:14","date_gmt":"2022-09-27T08:28:14","guid":{"rendered":"https:\/\/petuya.fr\/?page_id=191"},"modified":"2025-11-25T15:17:58","modified_gmt":"2025-11-25T15:17:58","slug":"la-boutique","status":"publish","type":"page","link":"http:\/\/petuya.fr\/en\/la-boutique\/","title":{"rendered":"La boutique"},"content":{"rendered":"<div data-elementor-type=\"wp-page\" data-elementor-id=\"191\" class=\"elementor elementor-191\" data-elementor-post-type=\"page\">\n\t\t\t\t\t\t<section class=\"elementor-section elementor-top-section elementor-element elementor-element-3b6ffd46 elementor-section-boxed elementor-section-height-default elementor-section-height-default\" data-id=\"3b6ffd46\" data-element_type=\"section\" data-e-type=\"section\" data-settings=\"{&quot;background_background&quot;:&quot;classic&quot;}\">\n\t\t\t\t\t\t<div class=\"elementor-container elementor-column-gap-default\">\n\t\t\t\t\t<div class=\"elementor-column elementor-col-100 elementor-top-column elementor-element elementor-element-2d9f529a\" data-id=\"2d9f529a\" data-element_type=\"column\" data-e-type=\"column\">\n\t\t\t<div class=\"elementor-widget-wrap elementor-element-populated\">\n\t\t\t\t\t\t<div class=\"elementor-element elementor-element-2d6e5daa elementor-widget elementor-widget-spacer\" data-id=\"2d6e5daa\" data-element_type=\"widget\" data-e-type=\"widget\" data-widget_type=\"spacer.default\">\n\t\t\t\t<div class=\"elementor-widget-container\">\n\t\t\t\t\t\t\t<div class=\"elementor-spacer\">\n\t\t\t<div class=\"elementor-spacer-inner\"><\/div>\n\t\t<\/div>\n\t\t\t\t\t\t<\/div>\n\t\t\t\t<\/div>\n\t\t\t\t<div class=\"elementor-element elementor-element-5d714453 elementor-widget elementor-widget-heading\" data-id=\"5d714453\" data-element_type=\"widget\" data-e-type=\"widget\" data-widget_type=\"heading.default\">\n\t\t\t\t<div class=\"elementor-widget-container\">\n\t\t\t\t\t<h1 class=\"elementor-heading-title elementor-size-default\">La Boutique<\/h1>\t\t\t\t<\/div>\n\t\t\t\t<\/div>\n\t\t\t\t<div class=\"elementor-element elementor-element-477eeae8 elementor-widget elementor-widget-heading\" data-id=\"477eeae8\" data-element_type=\"widget\" data-e-type=\"widget\" data-widget_type=\"heading.default\">\n\t\t\t\t<div class=\"elementor-widget-container\">\n\t\t\t\t\t<h2 class=\"elementor-heading-title elementor-size-default\">Tous nos produits de literie haut de gamme pour am\u00e9liorer vos nuits<\/h2>\t\t\t\t<\/div>\n\t\t\t\t<\/div>\n\t\t\t\t<div class=\"elementor-element elementor-element-57d6c4a5 elementor-widget elementor-widget-spacer\" data-id=\"57d6c4a5\" data-element_type=\"widget\" data-e-type=\"widget\" data-widget_type=\"spacer.default\">\n\t\t\t\t<div class=\"elementor-widget-container\">\n\t\t\t\t\t\t\t<div class=\"elementor-spacer\">\n\t\t\t<div class=\"elementor-spacer-inner\"><\/div>\n\t\t<\/div>\n\t\t\t\t\t\t<\/div>\n\t\t\t\t<\/div>\n\t\t\t\t\t<\/div>\n\t\t<\/div>\n\t\t\t\t\t<\/div>\n\t\t<\/section>\n\t\t\t\t<section class=\"elementor-section elementor-top-section elementor-element elementor-element-2b0b24de elementor-section-boxed elementor-section-height-default elementor-section-height-default\" data-id=\"2b0b24de\" data-element_type=\"section\" data-e-type=\"section\" data-settings=\"{&quot;background_background&quot;:&quot;classic&quot;}\">\n\t\t\t\t\t\t<div class=\"elementor-container elementor-column-gap-default\">\n\t\t\t\t\t<div class=\"elementor-column elementor-col-100 elementor-top-column elementor-element elementor-element-66b07c62\" data-id=\"66b07c62\" data-element_type=\"column\" data-e-type=\"column\">\n\t\t\t<div class=\"elementor-widget-wrap elementor-element-populated\">\n\t\t\t\t\t\t<div class=\"elementor-element elementor-element-44ba3514 elementor-widget elementor-widget-breadcrumbs\" data-id=\"44ba3514\" data-element_type=\"widget\" data-e-type=\"widget\" data-widget_type=\"breadcrumbs.default\">\n\t\t\t\t<div class=\"elementor-widget-container\">\n\t\t\t\t\t<p id=\"breadcrumbs\"><span><span><a href=\"http:\/\/petuya.fr\/en\/\">Accueil<\/a><\/span><\/span><\/p>\t\t\t\t<\/div>\n\t\t\t\t<\/div>\n\t\t\t\t\t<\/div>\n\t\t<\/div>\n\t\t\t\t\t<\/div>\n\t\t<\/section>\n\t\t\t\t<section class=\"elementor-section elementor-top-section elementor-element elementor-element-cf2ac7a elementor-section-boxed elementor-section-height-default elementor-section-height-default\" data-id=\"cf2ac7a\" data-element_type=\"section\" data-e-type=\"section\" data-settings=\"{&quot;background_background&quot;:&quot;classic&quot;}\">\n\t\t\t\t\t\t<div class=\"elementor-container elementor-column-gap-default\">\n\t\t\t\t\t<div class=\"make-column-clickable-elementor elementor-column elementor-col-33 elementor-top-column elementor-element elementor-element-1c92427c\" style=\"cursor: pointer;\" data-column-clickable=\"https:\/\/petuya.fr\/la-marque\/notre-histoire\/\" data-column-clickable-blank=\"_self\" data-id=\"1c92427c\" data-element_type=\"column\" data-e-type=\"column\">\n\t\t\t<div class=\"elementor-widget-wrap elementor-element-populated\">\n\t\t\t\t\t\t<div class=\"elementor-element elementor-element-5da80ff2 elementor-widget elementor-widget-image\" data-id=\"5da80ff2\" data-element_type=\"widget\" data-e-type=\"widget\" data-widget_type=\"image.default\">\n\t\t\t\t<div class=\"elementor-widget-container\">\n\t\t\t\t\t\t\t\t\t\t\t\t\t\t\t\t<a href=\"https:\/\/petuya.fr\/en\/product\/couette-en-pure-laine-et-lin-naturel\/\">\n\t\t\t\t\t\t\t<img decoding=\"async\" src=\"https:\/\/i0.wp.com\/petuya.fr\/wp-content\/uploads\/2022\/11\/couette-petuya-scaled.jpg?fit=396%2C264&#038;ssl=1\" title=\"couette petuya\" alt=\"couette Maison petuya\" loading=\"lazy\" \/>\t\t\t\t\t\t\t\t<\/a>\n\t\t\t\t\t\t\t\t\t\t\t\t\t\t\t<\/div>\n\t\t\t\t<\/div>\n\t\t\t\t<div class=\"elementor-element elementor-element-27ee05dc elementor-widget elementor-widget-heading\" data-id=\"27ee05dc\" data-element_type=\"widget\" data-e-type=\"widget\" data-widget_type=\"heading.default\">\n\t\t\t\t<div class=\"elementor-widget-container\">\n\t\t\t\t\t<h3 class=\"elementor-heading-title elementor-size-default\"><a href=\"https:\/\/petuya.fr\/en\/product\/couette-en-pure-laine-et-lin-naturel\/\">Couettes<\/a><\/h3>\t\t\t\t<\/div>\n\t\t\t\t<\/div>\n\t\t\t\t\t<\/div>\n\t\t<\/div>\n\t\t\t\t<div class=\"make-column-clickable-elementor elementor-column elementor-col-33 elementor-top-column elementor-element elementor-element-60b38de\" style=\"cursor: pointer;\" data-column-clickable=\"https:\/\/petuya.fr\/la-marque\/notre-savoir-faire\/\" data-column-clickable-blank=\"_self\" data-id=\"60b38de\" data-element_type=\"column\" data-e-type=\"column\">\n\t\t\t<div class=\"elementor-widget-wrap elementor-element-populated\">\n\t\t\t\t\t\t<div class=\"elementor-element elementor-element-1353f830 elementor-widget elementor-widget-image\" data-id=\"1353f830\" data-element_type=\"widget\" data-e-type=\"widget\" data-widget_type=\"image.default\">\n\t\t\t\t<div class=\"elementor-widget-container\">\n\t\t\t\t\t\t\t\t\t\t\t\t\t\t\t\t<a href=\"https:\/\/petuya.fr\/en\/product-category\/lit\/sur-matelas\/\">\n\t\t\t\t\t\t\t<img decoding=\"async\" src=\"https:\/\/i0.wp.com\/petuya.fr\/wp-content\/uploads\/2022\/12\/surmatelas-francais-scaled.jpg?fit=396%2C264&#038;ssl=1\" title=\"surmatelas francais\" alt=\"surmatelas francais\" loading=\"lazy\" \/>\t\t\t\t\t\t\t\t<\/a>\n\t\t\t\t\t\t\t\t\t\t\t\t\t\t\t<\/div>\n\t\t\t\t<\/div>\n\t\t\t\t<div class=\"elementor-element elementor-element-70b79c09 elementor-widget elementor-widget-heading\" data-id=\"70b79c09\" data-element_type=\"widget\" data-e-type=\"widget\" data-widget_type=\"heading.default\">\n\t\t\t\t<div class=\"elementor-widget-container\">\n\t\t\t\t\t<h3 class=\"elementor-heading-title elementor-size-default\"><a href=\"https:\/\/petuya.fr\/en\/product-category\/lit\/sur-matelas\/\">Surmatelas<\/a><\/h3>\t\t\t\t<\/div>\n\t\t\t\t<\/div>\n\t\t\t\t\t<\/div>\n\t\t<\/div>\n\t\t\t\t<div class=\"make-column-clickable-elementor elementor-column elementor-col-33 elementor-top-column elementor-element elementor-element-872d487\" style=\"cursor: pointer;\" data-column-clickable=\"https:\/\/petuya.fr\/la-marque\/notre-philosophie\/\" data-column-clickable-blank=\"_self\" data-id=\"872d487\" data-element_type=\"column\" data-e-type=\"column\">\n\t\t\t<div class=\"elementor-widget-wrap elementor-element-populated\">\n\t\t\t\t\t\t<div class=\"elementor-element elementor-element-6aafcd86 elementor-widget elementor-widget-image\" data-id=\"6aafcd86\" data-element_type=\"widget\" data-e-type=\"widget\" data-widget_type=\"image.default\">\n\t\t\t\t<div class=\"elementor-widget-container\">\n\t\t\t\t\t\t\t\t\t\t\t\t\t\t\t\t<a href=\"https:\/\/petuya.fr\/en\/product-category\/lit\/oreillers\/\">\n\t\t\t\t\t\t\t<img decoding=\"async\" src=\"https:\/\/i0.wp.com\/petuya.fr\/wp-content\/uploads\/2022\/09\/oreiller-stephanie-petuya-scaled-e1711483174179.jpg?fit=396%2C264&#038;ssl=1\" title=\"oreiller stephanie petuya\" alt=\"oreiller stephanie petuya\" loading=\"lazy\" \/>\t\t\t\t\t\t\t\t<\/a>\n\t\t\t\t\t\t\t\t\t\t\t\t\t\t\t<\/div>\n\t\t\t\t<\/div>\n\t\t\t\t<div class=\"elementor-element elementor-element-4a065769 elementor-widget elementor-widget-heading\" data-id=\"4a065769\" data-element_type=\"widget\" data-e-type=\"widget\" data-widget_type=\"heading.default\">\n\t\t\t\t<div class=\"elementor-widget-container\">\n\t\t\t\t\t<h3 class=\"elementor-heading-title elementor-size-default\"><a href=\"https:\/\/petuya.fr\/en\/product-category\/lit\/oreillers\/\">Oreillers<\/a><\/h3>\t\t\t\t<\/div>\n\t\t\t\t<\/div>\n\t\t\t\t\t<\/div>\n\t\t<\/div>\n\t\t\t\t\t<\/div>\n\t\t<\/section>\n\t\t\t\t<section class=\"elementor-section elementor-top-section elementor-element elementor-element-6bb503cd elementor-section-boxed elementor-section-height-default elementor-section-height-default\" data-id=\"6bb503cd\" data-element_type=\"section\" data-e-type=\"section\" data-settings=\"{&quot;background_background&quot;:&quot;classic&quot;}\">\n\t\t\t\t\t\t<div class=\"elementor-container elementor-column-gap-default\">\n\t\t\t\t\t<div class=\"make-column-clickable-elementor elementor-column elementor-col-33 elementor-top-column elementor-element elementor-element-544f8391\" style=\"cursor: pointer;\" data-column-clickable=\"https:\/\/petuya.fr\/la-marque\/nos-matieres-dexception\/\" data-column-clickable-blank=\"_self\" data-id=\"544f8391\" data-element_type=\"column\" data-e-type=\"column\">\n\t\t\t<div class=\"elementor-widget-wrap elementor-element-populated\">\n\t\t\t\t\t\t<div class=\"elementor-element elementor-element-120666c4 elementor-widget elementor-widget-image\" data-id=\"120666c4\" data-element_type=\"widget\" data-e-type=\"widget\" data-widget_type=\"image.default\">\n\t\t\t\t<div class=\"elementor-widget-container\">\n\t\t\t\t\t\t\t\t\t\t\t\t\t\t\t\t<a href=\"https:\/\/petuya.fr\/en\/product-category\/bien-etre\/\">\n\t\t\t\t\t\t\t<img decoding=\"async\" src=\"https:\/\/i0.wp.com\/petuya.fr\/wp-content\/uploads\/2022\/12\/bien-etre--scaled.jpg?fit=396%2C264&#038;ssl=1\" title=\"bien etre\" alt=\"bien etre\" loading=\"lazy\" \/>\t\t\t\t\t\t\t\t<\/a>\n\t\t\t\t\t\t\t\t\t\t\t\t\t\t\t<\/div>\n\t\t\t\t<\/div>\n\t\t\t\t<div class=\"elementor-element elementor-element-60b8da80 elementor-widget elementor-widget-heading\" data-id=\"60b8da80\" data-element_type=\"widget\" data-e-type=\"widget\" data-widget_type=\"heading.default\">\n\t\t\t\t<div class=\"elementor-widget-container\">\n\t\t\t\t\t<h3 class=\"elementor-heading-title elementor-size-default\"><a href=\"https:\/\/petuya.fr\/en\/product-category\/bien-etre\/\">Collection Bien-\u00eatre<\/a><\/h3>\t\t\t\t<\/div>\n\t\t\t\t<\/div>\n\t\t\t\t\t<\/div>\n\t\t<\/div>\n\t\t\t\t<div class=\"make-column-clickable-elementor elementor-column elementor-col-33 elementor-top-column elementor-element elementor-element-c3025a9\" style=\"cursor: pointer;\" data-column-clickable=\"https:\/\/petuya.fr\/la-marque\/nos-temoignages\/\" data-column-clickable-blank=\"_self\" data-id=\"c3025a9\" data-element_type=\"column\" data-e-type=\"column\">\n\t\t\t<div class=\"elementor-widget-wrap elementor-element-populated\">\n\t\t\t\t\t\t<div class=\"elementor-element elementor-element-adefa51 elementor-widget elementor-widget-image\" data-id=\"adefa51\" data-element_type=\"widget\" data-e-type=\"widget\" data-widget_type=\"image.default\">\n\t\t\t\t<div class=\"elementor-widget-container\">\n\t\t\t\t\t\t\t\t\t\t\t\t\t\t\t\t<a href=\"https:\/\/petuya.fr\/en\/product-category\/collection-decoration\/\">\n\t\t\t\t\t\t\t<img decoding=\"async\" src=\"https:\/\/i0.wp.com\/petuya.fr\/wp-content\/uploads\/2022\/12\/Photo_67-2-scaled.jpg?fit=396%2C264&#038;ssl=1\" title=\"Coussin feutre\" alt=\"coussin feutre\" loading=\"lazy\" \/>\t\t\t\t\t\t\t\t<\/a>\n\t\t\t\t\t\t\t\t\t\t\t\t\t\t\t<\/div>\n\t\t\t\t<\/div>\n\t\t\t\t<div class=\"elementor-element elementor-element-69085e17 elementor-widget elementor-widget-heading\" data-id=\"69085e17\" data-element_type=\"widget\" data-e-type=\"widget\" data-widget_type=\"heading.default\">\n\t\t\t\t<div class=\"elementor-widget-container\">\n\t\t\t\t\t<h3 class=\"elementor-heading-title elementor-size-default\"><a href=\"https:\/\/petuya.fr\/en\/product-category\/collection-decoration\/\">Collection D\u00e9coration<\/a><\/h3>\t\t\t\t<\/div>\n\t\t\t\t<\/div>\n\t\t\t\t\t<\/div>\n\t\t<\/div>\n\t\t\t\t<div class=\"make-column-clickable-elementor elementor-column elementor-col-33 elementor-top-column elementor-element elementor-element-203a88cc\" style=\"cursor: pointer;\" data-column-clickable=\"https:\/\/petuya.fr\/boutique\/\" data-column-clickable-blank=\"_self\" data-id=\"203a88cc\" data-element_type=\"column\" data-e-type=\"column\">\n\t\t\t<div class=\"elementor-widget-wrap elementor-element-populated\">\n\t\t\t\t\t\t<div class=\"elementor-element elementor-element-501f75a elementor-widget elementor-widget-image\" data-id=\"501f75a\" data-element_type=\"widget\" data-e-type=\"widget\" data-widget_type=\"image.default\">\n\t\t\t\t<div class=\"elementor-widget-container\">\n\t\t\t\t\t\t\t\t\t\t\t\t\t\t\t\t<a href=\"https:\/\/petuya.fr\/en\/product-category\/collection-nomade\/\">\n\t\t\t\t\t\t\t<img decoding=\"async\" src=\"https:\/\/i0.wp.com\/petuya.fr\/wp-content\/uploads\/2022\/09\/couette-petuya-scaled.jpg?fit=396%2C264&#038;ssl=1\" title=\"couette petuya\" alt=\"couette petuya\" loading=\"lazy\" \/>\t\t\t\t\t\t\t\t<\/a>\n\t\t\t\t\t\t\t\t\t\t\t\t\t\t\t<\/div>\n\t\t\t\t<\/div>\n\t\t\t\t<div class=\"elementor-element elementor-element-c326482 elementor-widget elementor-widget-heading\" data-id=\"c326482\" data-element_type=\"widget\" data-e-type=\"widget\" data-widget_type=\"heading.default\">\n\t\t\t\t<div class=\"elementor-widget-container\">\n\t\t\t\t\t<h3 class=\"elementor-heading-title elementor-size-default\"><a href=\"https:\/\/petuya.fr\/en\/product-category\/collection-nomade\/\">Collection Nomade<\/a><\/h3>\t\t\t\t<\/div>\n\t\t\t\t<\/div>\n\t\t\t\t\t<\/div>\n\t\t<\/div>\n\t\t\t\t\t<\/div>\n\t\t<\/section>\n\t\t\t\t<\/div>","protected":false},"excerpt":{"rendered":"<p>La Boutique Tous nos produits de literie haut de gamme pour am\u00e9liorer vos nuits Couettes Surmatelas Oreillers Collection Bien-\u00eatre Collection D\u00e9coration Collection Nomade<\/p>","protected":false},"author":1,"featured_media":0,"parent":0,"menu_order":0,"comment_status":"closed","ping_status":"closed","template":"elementor_header_footer","meta":{"site-sidebar-layout":"default","site-content-layout":"","ast-site-content-layout":"default","site-content-style":"default","site-sidebar-style":"default","ast-global-header-display":"","ast-banner-title-visibility":"","ast-main-header-display":"","ast-hfb-above-header-display":"","ast-hfb-below-header-display":"","ast-hfb-mobile-header-display":"","site-post-title":"","ast-breadcrumbs-content":"","ast-featured-img":"","footer-sml-layout":"","ast-disable-related-posts":"","theme-transparent-header-meta":"","adv-header-id-meta":"","stick-header-meta":"","header-above-stick-meta":"","header-main-stick-meta":"","header-below-stick-meta":"","astra-migrate-meta-layouts":"set","ast-page-background-enabled":"default","ast-page-background-meta":{"desktop":{"background-color":"var(--ast-global-color-4)","background-image":"","background-repeat":"repeat","background-position":"center center","background-size":"auto","background-attachment":"scroll","background-type":"","background-media":"","overlay-type":"","overlay-color":"","overlay-opacity":"","overlay-gradient":""},"tablet":{"background-color":"","background-image":"","background-repeat":"repeat","background-position":"center center","background-size":"auto","background-attachment":"scroll","background-type":"","background-media":"","overlay-type":"","overlay-color":"","overlay-opacity":"","overlay-gradient":""},"mobile":{"background-color":"","background-image":"","background-repeat":"repeat","background-position":"center center","background-size":"auto","background-attachment":"scroll","background-type":"","background-media":"","overlay-type":"","overlay-color":"","overlay-opacity":"","overlay-gradient":""}},"ast-content-background-meta":{"desktop":{"background-color":"var(--ast-global-color-5)","background-image":"","background-repeat":"repeat","background-position":"center center","background-size":"auto","background-attachment":"scroll","background-type":"","background-media":"","overlay-type":"","overlay-color":"","overlay-opacity":"","overlay-gradient":""},"tablet":{"background-color":"var(--ast-global-color-5)","background-image":"","background-repeat":"repeat","background-position":"center center","background-size":"auto","background-attachment":"scroll","background-type":"","background-media":"","overlay-type":"","overlay-color":"","overlay-opacity":"","overlay-gradient":""},"mobile":{"background-color":"var(--ast-global-color-5)","background-image":"","background-repeat":"repeat","background-position":"center center","background-size":"auto","background-attachment":"scroll","background-type":"","background-media":"","overlay-type":"","overlay-color":"","overlay-opacity":"","overlay-gradient":""}},"footnotes":""},"class_list":["post-191","page","type-page","status-publish","hentry"],"yoast_head":"<!-- This site is optimized with the Yoast SEO plugin v27.5 - https:\/\/yoast.com\/product\/yoast-seo-wordpress\/ -->\n<title>La boutique - Petuya - Couette et Oreillers laine et lin - Made in France<\/title>\n<meta name=\"robots\" content=\"noindex, follow\" \/>\n<meta property=\"og:locale\" content=\"en_US\" \/>\n<meta property=\"og:type\" content=\"article\" \/>\n<meta property=\"og:title\" content=\"La boutique - Petuya - Couette et Oreillers laine et lin - Made in France\" \/>\n<meta property=\"og:description\" content=\"La Boutique Tous nos produits de literie haut de gamme pour am\u00e9liorer vos nuits Couettes Surmatelas Oreillers Collection Bien-\u00eatre Collection D\u00e9coration Collection Nomade\" \/>\n<meta property=\"og:url\" content=\"https:\/\/petuya.fr\/en\/la-boutique\/\" \/>\n<meta property=\"og:site_name\" content=\"Petuya - Couette et Oreillers laine et lin - Made in France\" \/>\n<meta property=\"article:publisher\" content=\"https:\/\/www.facebook.com\/StephaniePetuya.Literie\" \/>\n<meta property=\"article:modified_time\" content=\"2025-11-25T15:17:58+00:00\" \/>\n<meta property=\"og:image\" content=\"https:\/\/petuya.fr\/wp-content\/uploads\/elementor\/thumbs\/couette-petuya-scaled-pyf3ywf5ey4jfz7a2f0k094ssapgtl2q0zzbpswy8g.jpg\" \/>\n<meta name=\"twitter:card\" content=\"summary_large_image\" \/>\n<meta name=\"twitter:label1\" content=\"Est. reading time\" \/>\n\t<meta name=\"twitter:data1\" content=\"2 minutes\" \/>\n<script type=\"application\/ld+json\" class=\"yoast-schema-graph\">{\"@context\":\"https:\\\/\\\/schema.org\",\"@graph\":[{\"@type\":\"WebPage\",\"@id\":\"https:\\\/\\\/petuya.fr\\\/en\\\/la-boutique\\\/\",\"url\":\"https:\\\/\\\/petuya.fr\\\/en\\\/la-boutique\\\/\",\"name\":\"La boutique - Petuya - Couette et Oreillers laine et lin - Made in France\",\"isPartOf\":{\"@id\":\"https:\\\/\\\/www.petuya.fr\\\/#website\"},\"primaryImageOfPage\":{\"@id\":\"https:\\\/\\\/petuya.fr\\\/en\\\/la-boutique\\\/#primaryimage\"},\"image\":{\"@id\":\"https:\\\/\\\/petuya.fr\\\/en\\\/la-boutique\\\/#primaryimage\"},\"thumbnailUrl\":\"https:\\\/\\\/petuya.fr\\\/wp-content\\\/uploads\\\/elementor\\\/thumbs\\\/couette-petuya-scaled-pyf3ywf5ey4jfz7a2f0k094ssapgtl2q0zzbpswy8g.jpg\",\"datePublished\":\"2022-09-27T08:28:14+00:00\",\"dateModified\":\"2025-11-25T15:17:58+00:00\",\"breadcrumb\":{\"@id\":\"https:\\\/\\\/petuya.fr\\\/en\\\/la-boutique\\\/#breadcrumb\"},\"inLanguage\":\"en-US\",\"potentialAction\":[{\"@type\":\"ReadAction\",\"target\":[\"https:\\\/\\\/petuya.fr\\\/en\\\/la-boutique\\\/\"]}]},{\"@type\":\"ImageObject\",\"inLanguage\":\"en-US\",\"@id\":\"https:\\\/\\\/petuya.fr\\\/en\\\/la-boutique\\\/#primaryimage\",\"url\":\"https:\\\/\\\/petuya.fr\\\/wp-content\\\/uploads\\\/elementor\\\/thumbs\\\/couette-petuya-scaled-pyf3ywf5ey4jfz7a2f0k094ssapgtl2q0zzbpswy8g.jpg\",\"contentUrl\":\"https:\\\/\\\/petuya.fr\\\/wp-content\\\/uploads\\\/elementor\\\/thumbs\\\/couette-petuya-scaled-pyf3ywf5ey4jfz7a2f0k094ssapgtl2q0zzbpswy8g.jpg\"},{\"@type\":\"BreadcrumbList\",\"@id\":\"https:\\\/\\\/petuya.fr\\\/en\\\/la-boutique\\\/#breadcrumb\",\"itemListElement\":[{\"@type\":\"ListItem\",\"position\":1,\"name\":\"Accueil\",\"item\":\"https:\\\/\\\/www.petuya.fr\\\/\"},{\"@type\":\"ListItem\",\"position\":2,\"name\":\"La boutique\"}]},{\"@type\":\"WebSite\",\"@id\":\"https:\\\/\\\/www.petuya.fr\\\/#website\",\"url\":\"https:\\\/\\\/www.petuya.fr\\\/\",\"name\":\"P\u00e9tuya\",\"description\":\"\",\"publisher\":{\"@id\":\"https:\\\/\\\/www.petuya.fr\\\/#organization\"},\"potentialAction\":[{\"@type\":\"SearchAction\",\"target\":{\"@type\":\"EntryPoint\",\"urlTemplate\":\"https:\\\/\\\/www.petuya.fr\\\/?s={search_term_string}\"},\"query-input\":{\"@type\":\"PropertyValueSpecification\",\"valueRequired\":true,\"valueName\":\"search_term_string\"}}],\"inLanguage\":\"en-US\"},{\"@type\":\"Organization\",\"@id\":\"https:\\\/\\\/www.petuya.fr\\\/#organization\",\"name\":\"P\u00e9tuya\",\"url\":\"https:\\\/\\\/www.petuya.fr\\\/\",\"logo\":{\"@type\":\"ImageObject\",\"inLanguage\":\"en-US\",\"@id\":\"https:\\\/\\\/www.petuya.fr\\\/#\\\/schema\\\/logo\\\/image\\\/\",\"url\":\"https:\\\/\\\/i0.wp.com\\\/petuya.fr\\\/wp-content\\\/uploads\\\/2022\\\/12\\\/PETUYA-2211-GRIS-FONCE-03.png?fit=1773%2C804&ssl=1\",\"contentUrl\":\"https:\\\/\\\/i0.wp.com\\\/petuya.fr\\\/wp-content\\\/uploads\\\/2022\\\/12\\\/PETUYA-2211-GRIS-FONCE-03.png?fit=1773%2C804&ssl=1\",\"width\":1773,\"height\":804,\"caption\":\"P\u00e9tuya\"},\"image\":{\"@id\":\"https:\\\/\\\/www.petuya.fr\\\/#\\\/schema\\\/logo\\\/image\\\/\"},\"sameAs\":[\"https:\\\/\\\/www.facebook.com\\\/StephaniePetuya.Literie\",\"https:\\\/\\\/www.instagram.com\\\/stephaniepetuya\\\/?igshid=YmMyMTA2M2Y\",\"https:\\\/\\\/www.pinterest.fr\\\/maisonpetuya\\\/\"]}]}<\/script>\n<!-- \/ Yoast SEO plugin. -->","yoast_head_json":{"title":"La boutique - Petuya - Couette et Oreillers laine et lin - Made in France","robots":{"index":"noindex","follow":"follow"},"og_locale":"en_US","og_type":"article","og_title":"La boutique - Petuya - Couette et Oreillers laine et lin - Made in France","og_description":"La Boutique Tous nos produits de literie haut de gamme pour am\u00e9liorer vos nuits Couettes Surmatelas Oreillers Collection Bien-\u00eatre Collection D\u00e9coration Collection Nomade","og_url":"https:\/\/petuya.fr\/en\/la-boutique\/","og_site_name":"Petuya - Couette et Oreillers laine et lin - Made in France","article_publisher":"https:\/\/www.facebook.com\/StephaniePetuya.Literie","article_modified_time":"2025-11-25T15:17:58+00:00","og_image":[{"url":"https:\/\/petuya.fr\/wp-content\/uploads\/elementor\/thumbs\/couette-petuya-scaled-pyf3ywf5ey4jfz7a2f0k094ssapgtl2q0zzbpswy8g.jpg","type":"","width":"","height":""}],"twitter_card":"summary_large_image","twitter_misc":{"Est. reading time":"2 minutes"},"schema":{"@context":"https:\/\/schema.org","@graph":[{"@type":"WebPage","@id":"https:\/\/petuya.fr\/en\/la-boutique\/","url":"https:\/\/petuya.fr\/en\/la-boutique\/","name":"La boutique - Petuya - Couette et Oreillers laine et lin - Made in France","isPartOf":{"@id":"https:\/\/www.petuya.fr\/#website"},"primaryImageOfPage":{"@id":"https:\/\/petuya.fr\/en\/la-boutique\/#primaryimage"},"image":{"@id":"https:\/\/petuya.fr\/en\/la-boutique\/#primaryimage"},"thumbnailUrl":"https:\/\/petuya.fr\/wp-content\/uploads\/elementor\/thumbs\/couette-petuya-scaled-pyf3ywf5ey4jfz7a2f0k094ssapgtl2q0zzbpswy8g.jpg","datePublished":"2022-09-27T08:28:14+00:00","dateModified":"2025-11-25T15:17:58+00:00","breadcrumb":{"@id":"https:\/\/petuya.fr\/en\/la-boutique\/#breadcrumb"},"inLanguage":"en-US","potentialAction":[{"@type":"ReadAction","target":["https:\/\/petuya.fr\/en\/la-boutique\/"]}]},{"@type":"ImageObject","inLanguage":"en-US","@id":"https:\/\/petuya.fr\/en\/la-boutique\/#primaryimage","url":"https:\/\/petuya.fr\/wp-content\/uploads\/elementor\/thumbs\/couette-petuya-scaled-pyf3ywf5ey4jfz7a2f0k094ssapgtl2q0zzbpswy8g.jpg","contentUrl":"https:\/\/petuya.fr\/wp-content\/uploads\/elementor\/thumbs\/couette-petuya-scaled-pyf3ywf5ey4jfz7a2f0k094ssapgtl2q0zzbpswy8g.jpg"},{"@type":"BreadcrumbList","@id":"https:\/\/petuya.fr\/en\/la-boutique\/#breadcrumb","itemListElement":[{"@type":"ListItem","position":1,"name":"Accueil","item":"https:\/\/www.petuya.fr\/"},{"@type":"ListItem","position":2,"name":"La boutique"}]},{"@type":"WebSite","@id":"https:\/\/www.petuya.fr\/#website","url":"https:\/\/www.petuya.fr\/","name":"P\u00e9tuya","description":"","publisher":{"@id":"https:\/\/www.petuya.fr\/#organization"},"potentialAction":[{"@type":"SearchAction","target":{"@type":"EntryPoint","urlTemplate":"https:\/\/www.petuya.fr\/?s={search_term_string}"},"query-input":{"@type":"PropertyValueSpecification","valueRequired":true,"valueName":"search_term_string"}}],"inLanguage":"en-US"},{"@type":"Organization","@id":"https:\/\/www.petuya.fr\/#organization","name":"P\u00e9tuya","url":"https:\/\/www.petuya.fr\/","logo":{"@type":"ImageObject","inLanguage":"en-US","@id":"https:\/\/www.petuya.fr\/#\/schema\/logo\/image\/","url":"https:\/\/i0.wp.com\/petuya.fr\/wp-content\/uploads\/2022\/12\/PETUYA-2211-GRIS-FONCE-03.png?fit=1773%2C804&ssl=1","contentUrl":"https:\/\/i0.wp.com\/petuya.fr\/wp-content\/uploads\/2022\/12\/PETUYA-2211-GRIS-FONCE-03.png?fit=1773%2C804&ssl=1","width":1773,"height":804,"caption":"P\u00e9tuya"},"image":{"@id":"https:\/\/www.petuya.fr\/#\/schema\/logo\/image\/"},"sameAs":["https:\/\/www.facebook.com\/StephaniePetuya.Literie","https:\/\/www.instagram.com\/stephaniepetuya\/?igshid=YmMyMTA2M2Y","https:\/\/www.pinterest.fr\/maisonpetuya\/"]}]}},"jetpack_sharing_enabled":true,"_links":{"self":[{"href":"http:\/\/petuya.fr\/en\/wp-json\/wp\/v2\/pages\/191","targetHints":{"allow":["GET"]}}],"collection":[{"href":"http:\/\/petuya.fr\/en\/wp-json\/wp\/v2\/pages"}],"about":[{"href":"http:\/\/petuya.fr\/en\/wp-json\/wp\/v2\/types\/page"}],"author":[{"embeddable":true,"href":"http:\/\/petuya.fr\/en\/wp-json\/wp\/v2\/users\/1"}],"replies":[{"embeddable":true,"href":"http:\/\/petuya.fr\/en\/wp-json\/wp\/v2\/comments?post=191"}],"version-history":[{"count":12,"href":"http:\/\/petuya.fr\/en\/wp-json\/wp\/v2\/pages\/191\/revisions"}],"predecessor-version":[{"id":3383,"href":"http:\/\/petuya.fr\/en\/wp-json\/wp\/v2\/pages\/191\/revisions\/3383"}],"wp:attachment":[{"href":"http:\/\/petuya.fr\/en\/wp-json\/wp\/v2\/media?parent=191"}],"curies":[{"name":"wp","href":"https:\/\/api.w.org\/{rel}","templated":true}]}}