{"id":1366,"date":"2022-12-08T15:41:34","date_gmt":"2022-12-08T15:41:34","guid":{"rendered":"https:\/\/www.petuya.fr\/?post_type=product&#038;p=1366"},"modified":"2025-09-02T15:54:44","modified_gmt":"2025-09-02T15:54:44","slug":"collection-etoile-loreiller-naturel-moelleux","status":"publish","type":"product","link":"http:\/\/petuya.fr\/en\/product\/collection-etoile-loreiller-naturel-moelleux\/","title":{"rendered":"Collection Etoile \u2013 L\u2019oreiller naturel moelleux"},"content":{"rendered":"<p><strong>Caract\u00e9ristiques de l&rsquo;oreiller :<br \/>\n<\/strong><span style=\"font-weight: 400;\">Oreiller en laine d\u00e9houssable<br \/>\n<\/span><span style=\"font-weight: 400;\"><strong>Tailles :<\/strong> 40&#215;60 \u2013 60&#215;60 &#8211; 50&#215;70<br \/>\n<strong>Garnissage :<\/strong> Pure laine<br \/>\n<strong>Enveloppe :<\/strong> Lin naturel, fermeture \u00e0 glissi\u00e8re<br \/>\n<\/span><\/p>\n<p><strong>Pourquoi choisir cet oreiller ?<br \/>\n<\/strong><span style=\"font-weight: 400;\">Un <strong>confort unique<\/strong>, du fait que la <strong>laine<\/strong> et le <strong>lin<\/strong> sont naturellement les plus performants du monde pour r\u00e9guler l\u2019humidit\u00e9 : un atout des plus importants quand on sait que l\u2019on transpire entre 30 et 50 cl par nuit.<br \/>\n<\/span><span style=\"font-weight: 400;\">Faites l\u2019essai lors d\u2019une balade avec une chaussette en laine et une en coton, un t-shirt en lin et un t-shirt en coton. Votre corps reste au sec avec la laine et le lin tandis qu\u2019il sera dans son humidit\u00e9 avec du coton.<br \/>\n<\/span><span style=\"font-weight: 400;\">Nous avons garni cet oreiller de <strong>laine en flocons<\/strong>, card\u00e9e par nos soins (pure laine en flocons Texel d\u2019Alsace) pour donner du gonflant.<\/span><\/p>\n<p><span style=\"font-weight: 400;\">L\u2019enveloppe est en <strong>lin naturel<\/strong> fran\u00e7ais \u00e9quip\u00e9e d\u2019une fermeture \u00e0 glissi\u00e8re qui vous permet :<\/span><\/p>\n<ul>\n<li><span style=\"font-weight: 400;\">d\u2019ajuster la quantit\u00e9 de laine pour une fermet\u00e9 id\u00e9ale<\/span><\/li>\n<li>de vider l\u2019oreiller pour a\u00e9rer la laine et\/ou la laver<\/li>\n<li>de laver l\u2019enveloppe ind\u00e9pendamment de la laine<\/li>\n<\/ul>\n<p><span style=\"font-weight: 400;\"><strong>Entretien :<br \/>\n<\/strong><\/span><span style=\"font-weight: 400;\">Pensez \u00e0 a\u00e9rer r\u00e9guli\u00e8rement votre laine, \u00e0 l\u2019air ou mieux au soleil. C\u2019est comme cela qu\u2019elle se r\u00e9g\u00e9n\u00e8re, s\u2019auto-nettoie et reprend du gonflant.<br \/>\n<\/span><span style=\"font-weight: 400;\">Si besoin, la laine se lave \u00e0 froid, pr\u00e9f\u00e9rez un faible essorage (400 tours\/min max) et un s\u00e9chage \u00e0 l\u2019air ou au soleil.<br \/>\n<\/span><span style=\"font-weight: 400;\">Des recharges de laine en flocons de 200 gr ou 250 gr peuvent compl\u00e9ter le garnissage.<\/span><\/p>\n<p><strong>Livraison :<\/strong><br \/>\n<span style=\"font-weight: 400;\">Sous 1 mois, sous r\u00e9serve de stocks<\/span><\/p>","protected":false},"excerpt":{"rendered":"<p>Oreiller en laine d\u00e9houssable. L\u2019oreiller \u00c9toile est id\u00e9al pour ceux qui pr\u00e9f\u00e8rent un maintien moelleux. \u00c9galement pour ceux qui aiment triturer, boxer, malaxer leur oreiller ou bien faire des batailles d\u2019oreillers.<br \/>\n<a href=\"http:\/\/petuya.fr\/en\/guide-des-tailles\/\">Guide des tailles <\/a>&#8211; <a href=\"http:\/\/petuya.fr\/en\/guide-dentretien\/\">Guide d&rsquo;entretien<\/a><\/p>","protected":false},"featured_media":2274,"template":"","meta":{"site-sidebar-layout":"default","site-content-layout":"default","ast-site-content-layout":"default","site-content-style":"default","site-sidebar-style":"default","ast-global-header-display":"","ast-banner-title-visibility":"","ast-main-header-display":"","ast-hfb-above-header-display":"","ast-hfb-below-header-display":"","ast-hfb-mobile-header-display":"","site-post-title":"","ast-breadcrumbs-content":"","ast-featured-img":"","footer-sml-layout":"","ast-disable-related-posts":"","theme-transparent-header-meta":"default","adv-header-id-meta":"","stick-header-meta":"","header-above-stick-meta":"","header-main-stick-meta":"","header-below-stick-meta":"","astra-migrate-meta-layouts":"default","ast-page-background-enabled":"default","ast-page-background-meta":{"desktop":{"background-color":"var(--ast-global-color-4)","background-image":"","background-repeat":"repeat","background-position":"center center","background-size":"auto","background-attachment":"scroll","background-type":"","background-media":"","overlay-type":"","overlay-color":"","overlay-opacity":"","overlay-gradient":""},"tablet":{"background-color":"","background-image":"","background-repeat":"repeat","background-position":"center center","background-size":"auto","background-attachment":"scroll","background-type":"","background-media":"","overlay-type":"","overlay-color":"","overlay-opacity":"","overlay-gradient":""},"mobile":{"background-color":"","background-image":"","background-repeat":"repeat","background-position":"center center","background-size":"auto","background-attachment":"scroll","background-type":"","background-media":"","overlay-type":"","overlay-color":"","overlay-opacity":"","overlay-gradient":""}},"ast-content-background-meta":{"desktop":{"background-color":"var(--ast-global-color-5)","background-image":"","background-repeat":"repeat","background-position":"center center","background-size":"auto","background-attachment":"scroll","background-type":"","background-media":"","overlay-type":"","overlay-color":"","overlay-opacity":"","overlay-gradient":""},"tablet":{"background-color":"var(--ast-global-color-5)","background-image":"","background-repeat":"repeat","background-position":"center center","background-size":"auto","background-attachment":"scroll","background-type":"","background-media":"","overlay-type":"","overlay-color":"","overlay-opacity":"","overlay-gradient":""},"mobile":{"background-color":"var(--ast-global-color-5)","background-image":"","background-repeat":"repeat","background-position":"center center","background-size":"auto","background-attachment":"scroll","background-type":"","background-media":"","overlay-type":"","overlay-color":"","overlay-opacity":"","overlay-gradient":""}}},"product_brand":[],"product_cat":[26,25],"product_tag":[],"class_list":{"0":"post-1366","1":"product","2":"type-product","3":"status-publish","4":"has-post-thumbnail","6":"product_cat-lit","7":"product_cat-oreillers","8":"product_shipping_class-colissimo-avec-signature","9":"desktop-align-left","10":"tablet-align-left","11":"mobile-align-left","13":"first","14":"instock","15":"taxable","16":"shipping-taxable","17":"purchasable","18":"product-type-variable"},"yoast_head":"<!-- This site is optimized with the Yoast SEO plugin v27.5 - https:\/\/yoast.com\/product\/yoast-seo-wordpress\/ -->\n<title>Collection Etoile \u2013 L\u2019oreiller naturel moelleux - P\u00e9tuya<\/title>\n<meta name=\"description\" content=\"D\u00e9couvrez la collection \u00e9toile de la marque P\u00e9tuya, un oreiller naturellement moelleux gr\u00e2ce \u00e0 sa laine en flocons et son enveloppe en lin naturel.\" \/>\n<meta name=\"robots\" content=\"index, follow, max-snippet:-1, max-image-preview:large, max-video-preview:-1\" \/>\n<link rel=\"canonical\" href=\"https:\/\/petuya.fr\/en\/product\/collection-etoile-loreiller-naturel-moelleux\/\" \/>\n<meta property=\"og:locale\" content=\"en_US\" \/>\n<meta property=\"og:type\" content=\"article\" \/>\n<meta property=\"og:title\" content=\"Collection Etoile \u2013 L\u2019oreiller naturel moelleux - P\u00e9tuya\" \/>\n<meta property=\"og:description\" content=\"D\u00e9couvrez la collection \u00e9toile de la marque P\u00e9tuya, un oreiller naturellement moelleux gr\u00e2ce \u00e0 sa laine en flocons et son enveloppe en lin naturel.\" \/>\n<meta property=\"og:url\" content=\"https:\/\/petuya.fr\/en\/product\/collection-etoile-loreiller-naturel-moelleux\/\" \/>\n<meta property=\"og:site_name\" content=\"Petuya - Couette et Oreillers laine et lin - Made in France\" \/>\n<meta property=\"article:publisher\" content=\"https:\/\/www.facebook.com\/StephaniePetuya.Literie\" \/>\n<meta property=\"article:modified_time\" content=\"2025-09-02T15:54:44+00:00\" \/>\n<meta property=\"og:image\" content=\"https:\/\/i0.wp.com\/petuya.fr\/wp-content\/uploads\/2022\/12\/Oreiller-etoile-scaled.jpg?fit=2560%2C1708&ssl=1\" \/>\n\t<meta property=\"og:image:width\" content=\"2560\" \/>\n\t<meta property=\"og:image:height\" content=\"1708\" \/>\n\t<meta property=\"og:image:type\" content=\"image\/jpeg\" \/>\n<meta name=\"twitter:card\" content=\"summary_large_image\" \/>\n<meta name=\"twitter:label1\" content=\"Est. reading time\" \/>\n\t<meta name=\"twitter:data1\" content=\"2 minutes\" \/>\n<script type=\"application\/ld+json\" class=\"yoast-schema-graph\">{\"@context\":\"https:\\\/\\\/schema.org\",\"@graph\":[{\"@type\":\"WebPage\",\"@id\":\"https:\\\/\\\/petuya.fr\\\/en\\\/product\\\/collection-etoile-loreiller-naturel-moelleux\\\/\",\"url\":\"https:\\\/\\\/petuya.fr\\\/en\\\/product\\\/collection-etoile-loreiller-naturel-moelleux\\\/\",\"name\":\"Collection Etoile \u2013 L\u2019oreiller naturel moelleux - P\u00e9tuya\",\"isPartOf\":{\"@id\":\"https:\\\/\\\/www.petuya.fr\\\/#website\"},\"primaryImageOfPage\":{\"@id\":\"https:\\\/\\\/petuya.fr\\\/en\\\/product\\\/collection-etoile-loreiller-naturel-moelleux\\\/#primaryimage\"},\"image\":{\"@id\":\"https:\\\/\\\/petuya.fr\\\/en\\\/product\\\/collection-etoile-loreiller-naturel-moelleux\\\/#primaryimage\"},\"thumbnailUrl\":\"https:\\\/\\\/i0.wp.com\\\/petuya.fr\\\/wp-content\\\/uploads\\\/2022\\\/12\\\/Oreiller-etoile-scaled.jpg?fit=2560%2C1708&ssl=1\",\"datePublished\":\"2022-12-08T15:41:34+00:00\",\"dateModified\":\"2025-09-02T15:54:44+00:00\",\"description\":\"D\u00e9couvrez la collection \u00e9toile de la marque P\u00e9tuya, un oreiller naturellement moelleux gr\u00e2ce \u00e0 sa laine en flocons et son enveloppe en lin naturel.\",\"breadcrumb\":{\"@id\":\"https:\\\/\\\/petuya.fr\\\/en\\\/product\\\/collection-etoile-loreiller-naturel-moelleux\\\/#breadcrumb\"},\"inLanguage\":\"en-US\",\"potentialAction\":[{\"@type\":\"ReadAction\",\"target\":[\"https:\\\/\\\/petuya.fr\\\/en\\\/product\\\/collection-etoile-loreiller-naturel-moelleux\\\/\"]}]},{\"@type\":\"ImageObject\",\"inLanguage\":\"en-US\",\"@id\":\"https:\\\/\\\/petuya.fr\\\/en\\\/product\\\/collection-etoile-loreiller-naturel-moelleux\\\/#primaryimage\",\"url\":\"https:\\\/\\\/i0.wp.com\\\/petuya.fr\\\/wp-content\\\/uploads\\\/2022\\\/12\\\/Oreiller-etoile-scaled.jpg?fit=2560%2C1708&ssl=1\",\"contentUrl\":\"https:\\\/\\\/i0.wp.com\\\/petuya.fr\\\/wp-content\\\/uploads\\\/2022\\\/12\\\/Oreiller-etoile-scaled.jpg?fit=2560%2C1708&ssl=1\",\"width\":2560,\"height\":1708,\"caption\":\"Oreiller e\u0301toile lin naturel\"},{\"@type\":\"BreadcrumbList\",\"@id\":\"https:\\\/\\\/petuya.fr\\\/en\\\/product\\\/collection-etoile-loreiller-naturel-moelleux\\\/#breadcrumb\",\"itemListElement\":[{\"@type\":\"ListItem\",\"position\":1,\"name\":\"Accueil\",\"item\":\"https:\\\/\\\/www.petuya.fr\\\/\"},{\"@type\":\"ListItem\",\"position\":2,\"name\":\"Produits\",\"item\":\"https:\\\/\\\/www.petuya.fr\\\/shop\\\/\"},{\"@type\":\"ListItem\",\"position\":3,\"name\":\"Collection Etoile \u2013 L\u2019oreiller naturel moelleux\"}]},{\"@type\":\"WebSite\",\"@id\":\"https:\\\/\\\/www.petuya.fr\\\/#website\",\"url\":\"https:\\\/\\\/www.petuya.fr\\\/\",\"name\":\"P\u00e9tuya\",\"description\":\"\",\"publisher\":{\"@id\":\"https:\\\/\\\/www.petuya.fr\\\/#organization\"},\"potentialAction\":[{\"@type\":\"SearchAction\",\"target\":{\"@type\":\"EntryPoint\",\"urlTemplate\":\"https:\\\/\\\/www.petuya.fr\\\/?s={search_term_string}\"},\"query-input\":{\"@type\":\"PropertyValueSpecification\",\"valueRequired\":true,\"valueName\":\"search_term_string\"}}],\"inLanguage\":\"en-US\"},{\"@type\":\"Organization\",\"@id\":\"https:\\\/\\\/www.petuya.fr\\\/#organization\",\"name\":\"P\u00e9tuya\",\"url\":\"https:\\\/\\\/www.petuya.fr\\\/\",\"logo\":{\"@type\":\"ImageObject\",\"inLanguage\":\"en-US\",\"@id\":\"https:\\\/\\\/www.petuya.fr\\\/#\\\/schema\\\/logo\\\/image\\\/\",\"url\":\"https:\\\/\\\/i0.wp.com\\\/petuya.fr\\\/wp-content\\\/uploads\\\/2022\\\/12\\\/PETUYA-2211-GRIS-FONCE-03.png?fit=1773%2C804&ssl=1\",\"contentUrl\":\"https:\\\/\\\/i0.wp.com\\\/petuya.fr\\\/wp-content\\\/uploads\\\/2022\\\/12\\\/PETUYA-2211-GRIS-FONCE-03.png?fit=1773%2C804&ssl=1\",\"width\":1773,\"height\":804,\"caption\":\"P\u00e9tuya\"},\"image\":{\"@id\":\"https:\\\/\\\/www.petuya.fr\\\/#\\\/schema\\\/logo\\\/image\\\/\"},\"sameAs\":[\"https:\\\/\\\/www.facebook.com\\\/StephaniePetuya.Literie\",\"https:\\\/\\\/www.instagram.com\\\/stephaniepetuya\\\/?igshid=YmMyMTA2M2Y\",\"https:\\\/\\\/www.pinterest.fr\\\/maisonpetuya\\\/\"]}]}<\/script>\n<!-- \/ Yoast SEO plugin. -->","yoast_head_json":{"title":"Collection Etoile \u2013 L\u2019oreiller naturel moelleux - P\u00e9tuya","description":"D\u00e9couvrez la collection \u00e9toile de la marque P\u00e9tuya, un oreiller naturellement moelleux gr\u00e2ce \u00e0 sa laine en flocons et son enveloppe en lin naturel.","robots":{"index":"index","follow":"follow","max-snippet":"max-snippet:-1","max-image-preview":"max-image-preview:large","max-video-preview":"max-video-preview:-1"},"canonical":"https:\/\/petuya.fr\/en\/product\/collection-etoile-loreiller-naturel-moelleux\/","og_locale":"en_US","og_type":"article","og_title":"Collection Etoile \u2013 L\u2019oreiller naturel moelleux - P\u00e9tuya","og_description":"D\u00e9couvrez la collection \u00e9toile de la marque P\u00e9tuya, un oreiller naturellement moelleux gr\u00e2ce \u00e0 sa laine en flocons et son enveloppe en lin naturel.","og_url":"https:\/\/petuya.fr\/en\/product\/collection-etoile-loreiller-naturel-moelleux\/","og_site_name":"Petuya - Couette et Oreillers laine et lin - Made in France","article_publisher":"https:\/\/www.facebook.com\/StephaniePetuya.Literie","article_modified_time":"2025-09-02T15:54:44+00:00","og_image":[{"width":2560,"height":1708,"url":"https:\/\/i0.wp.com\/petuya.fr\/wp-content\/uploads\/2022\/12\/Oreiller-etoile-scaled.jpg?fit=2560%2C1708&ssl=1","type":"image\/jpeg"}],"twitter_card":"summary_large_image","twitter_misc":{"Est. reading time":"2 minutes"},"schema":{"@context":"https:\/\/schema.org","@graph":[{"@type":"WebPage","@id":"https:\/\/petuya.fr\/en\/product\/collection-etoile-loreiller-naturel-moelleux\/","url":"https:\/\/petuya.fr\/en\/product\/collection-etoile-loreiller-naturel-moelleux\/","name":"Collection Etoile \u2013 L\u2019oreiller naturel moelleux - P\u00e9tuya","isPartOf":{"@id":"https:\/\/www.petuya.fr\/#website"},"primaryImageOfPage":{"@id":"https:\/\/petuya.fr\/en\/product\/collection-etoile-loreiller-naturel-moelleux\/#primaryimage"},"image":{"@id":"https:\/\/petuya.fr\/en\/product\/collection-etoile-loreiller-naturel-moelleux\/#primaryimage"},"thumbnailUrl":"https:\/\/i0.wp.com\/petuya.fr\/wp-content\/uploads\/2022\/12\/Oreiller-etoile-scaled.jpg?fit=2560%2C1708&ssl=1","datePublished":"2022-12-08T15:41:34+00:00","dateModified":"2025-09-02T15:54:44+00:00","description":"D\u00e9couvrez la collection \u00e9toile de la marque P\u00e9tuya, un oreiller naturellement moelleux gr\u00e2ce \u00e0 sa laine en flocons et son enveloppe en lin naturel.","breadcrumb":{"@id":"https:\/\/petuya.fr\/en\/product\/collection-etoile-loreiller-naturel-moelleux\/#breadcrumb"},"inLanguage":"en-US","potentialAction":[{"@type":"ReadAction","target":["https:\/\/petuya.fr\/en\/product\/collection-etoile-loreiller-naturel-moelleux\/"]}]},{"@type":"ImageObject","inLanguage":"en-US","@id":"https:\/\/petuya.fr\/en\/product\/collection-etoile-loreiller-naturel-moelleux\/#primaryimage","url":"https:\/\/i0.wp.com\/petuya.fr\/wp-content\/uploads\/2022\/12\/Oreiller-etoile-scaled.jpg?fit=2560%2C1708&ssl=1","contentUrl":"https:\/\/i0.wp.com\/petuya.fr\/wp-content\/uploads\/2022\/12\/Oreiller-etoile-scaled.jpg?fit=2560%2C1708&ssl=1","width":2560,"height":1708,"caption":"Oreiller e\u0301toile lin naturel"},{"@type":"BreadcrumbList","@id":"https:\/\/petuya.fr\/en\/product\/collection-etoile-loreiller-naturel-moelleux\/#breadcrumb","itemListElement":[{"@type":"ListItem","position":1,"name":"Accueil","item":"https:\/\/www.petuya.fr\/"},{"@type":"ListItem","position":2,"name":"Produits","item":"https:\/\/www.petuya.fr\/shop\/"},{"@type":"ListItem","position":3,"name":"Collection Etoile \u2013 L\u2019oreiller naturel moelleux"}]},{"@type":"WebSite","@id":"https:\/\/www.petuya.fr\/#website","url":"https:\/\/www.petuya.fr\/","name":"P\u00e9tuya","description":"","publisher":{"@id":"https:\/\/www.petuya.fr\/#organization"},"potentialAction":[{"@type":"SearchAction","target":{"@type":"EntryPoint","urlTemplate":"https:\/\/www.petuya.fr\/?s={search_term_string}"},"query-input":{"@type":"PropertyValueSpecification","valueRequired":true,"valueName":"search_term_string"}}],"inLanguage":"en-US"},{"@type":"Organization","@id":"https:\/\/www.petuya.fr\/#organization","name":"P\u00e9tuya","url":"https:\/\/www.petuya.fr\/","logo":{"@type":"ImageObject","inLanguage":"en-US","@id":"https:\/\/www.petuya.fr\/#\/schema\/logo\/image\/","url":"https:\/\/i0.wp.com\/petuya.fr\/wp-content\/uploads\/2022\/12\/PETUYA-2211-GRIS-FONCE-03.png?fit=1773%2C804&ssl=1","contentUrl":"https:\/\/i0.wp.com\/petuya.fr\/wp-content\/uploads\/2022\/12\/PETUYA-2211-GRIS-FONCE-03.png?fit=1773%2C804&ssl=1","width":1773,"height":804,"caption":"P\u00e9tuya"},"image":{"@id":"https:\/\/www.petuya.fr\/#\/schema\/logo\/image\/"},"sameAs":["https:\/\/www.facebook.com\/StephaniePetuya.Literie","https:\/\/www.instagram.com\/stephaniepetuya\/?igshid=YmMyMTA2M2Y","https:\/\/www.pinterest.fr\/maisonpetuya\/"]}]}},"jetpack_sharing_enabled":true,"_links":{"self":[{"href":"http:\/\/petuya.fr\/en\/wp-json\/wp\/v2\/product\/1366","targetHints":{"allow":["GET"]}}],"collection":[{"href":"http:\/\/petuya.fr\/en\/wp-json\/wp\/v2\/product"}],"about":[{"href":"http:\/\/petuya.fr\/en\/wp-json\/wp\/v2\/types\/product"}],"wp:featuredmedia":[{"embeddable":true,"href":"http:\/\/petuya.fr\/en\/wp-json\/wp\/v2\/media\/2274"}],"wp:attachment":[{"href":"http:\/\/petuya.fr\/en\/wp-json\/wp\/v2\/media?parent=1366"}],"wp:term":[{"taxonomy":"product_brand","embeddable":true,"href":"http:\/\/petuya.fr\/en\/wp-json\/wp\/v2\/product_brand?post=1366"},{"taxonomy":"product_cat","embeddable":true,"href":"http:\/\/petuya.fr\/en\/wp-json\/wp\/v2\/product_cat?post=1366"},{"taxonomy":"product_tag","embeddable":true,"href":"http:\/\/petuya.fr\/en\/wp-json\/wp\/v2\/product_tag?post=1366"}],"curies":[{"name":"wp","href":"https:\/\/api.w.org\/{rel}","templated":true}]}}