{"id":1415,"date":"2022-12-08T16:38:27","date_gmt":"2022-12-08T16:38:27","guid":{"rendered":"https:\/\/www.petuya.fr\/?post_type=product&#038;p=1415"},"modified":"2025-09-02T15:47:35","modified_gmt":"2025-09-02T15:47:35","slug":"le-tapis-de-sol","status":"publish","type":"product","link":"http:\/\/petuya.fr\/en\/product\/le-tapis-de-sol\/","title":{"rendered":"Le Tapis de sol"},"content":{"rendered":"<p><strong>Caract\u00e9ristiques du tapis de sol :<br \/>\n<\/strong><span style=\"font-weight: 400;\"><strong>Tailles : <\/strong><\/span><span style=\"font-weight: 400;\">70&#215;190 \u2013 80&#215;200<br \/>\n<strong>Garnissage :<\/strong> Feutre de laine<br \/>\n<strong>Tissu :<\/strong> Lin naturel<br \/>\n<\/span><\/p>\n<p><span style=\"font-weight: 400;\"><strong>Couleurs des points de fixation au choix :<br \/>\n<\/strong><\/span><span style=\"font-weight: 400;\">Rouge \u2013 Rose \u2013 Orange \u2013 Safran \u2013 Orange \u2013 Bleu \u2013 Gris \u2013 Taupe \u2013 Camel (pure laine teinture v\u00e9g\u00e9tale)<\/span><\/p>\n<p><span style=\"font-weight: 400;\">\u00a0<\/span><strong>Pourquoi choisir ce tapis de sol ?<br \/>\n<\/strong><span style=\"font-weight: 400;\">Ce tapis de sol s\u2019utilise pour tous vos moments de : <strong>yoga<\/strong>, <strong>m\u00e9ditation<\/strong>, <strong>relaxation<\/strong>, <strong>sieste<\/strong>.<br \/>\n<\/span><span style=\"font-weight: 400;\">Offrez-vous un moment de <strong>respiration<\/strong>, de <strong>calme<\/strong> et de <strong>d\u00e9tente<\/strong>.<br \/>\n<\/span><span style=\"font-weight: 400;\">Un <strong>confort unique<\/strong> : aucune autre fibre naturelle ou synth\u00e9tique n\u2019atteint les propri\u00e9t\u00e9s isolantes, thermiques et r\u00e9gulatrices du feutre de laine.<br \/>\n<\/span><span style=\"font-weight: 400;\">Le <strong>feutre de laine<\/strong> est un des plus anciens textiles du monde. La laine est lav\u00e9e, s\u00e9ch\u00e9e, card\u00e9e, peign\u00e9e, aiguillet\u00e9e. Sous l\u2019effet de l\u2019eau chaude, du savon et du frottement les fibres de laine s\u2019entrem\u00ealent et la mati\u00e8re se densifie jusqu\u2019\u00e0 devenir un tissu (non tiss\u00e9).<br \/>\n<\/span><span style=\"font-weight: 400;\">Le tapis de sol est garni d\u2019une couche de feutre de literie artisanal (r\u00e9alis\u00e9 par nos soins). L\u2019enveloppe est en <strong>lin naturel<\/strong> fran\u00e7ais : du lin \u00e9pais pour la partie en contact avec le sol et du lin plus doux pour l\u2019autre face. Les points de fixation sont en pure laine teinture v\u00e9g\u00e9tale.<\/span><span style=\"font-weight: 400;\">\u00a0<\/span><\/p>\n<p><span style=\"font-weight: 400;\">Pensez \u00e0 a\u00e9rer r\u00e9guli\u00e8rement votre tapis de sol, au grand air ou au soleil. C\u2019est comme cela que le feutre se r\u00e9g\u00e9n\u00e8re, s\u2019auto-nettoie.<br \/>\n<\/span><span style=\"font-weight: 400;\">Taille sp\u00e9ciale, <a href=\"https:\/\/petuya.fr\/en\/contact\/\">nous consulter<\/a><\/span><\/p>\n<p><strong>Livraison :<\/strong><br \/>\n<span style=\"font-weight: 400;\">Sous 1 mois, sous r\u00e9serve de stocks<\/span><\/p>","protected":false},"excerpt":{"rendered":"<p>Fait \u00e0 la main, dans la pure tradition, en pi\u00e8ce unique.<br \/>\nCe tapis de sol s\u2019utilise pour tous vos moments de : yoga, m\u00e9ditation, relaxation, sieste.<\/p>","protected":false},"featured_media":2283,"template":"","meta":{"site-sidebar-layout":"default","site-content-layout":"default","ast-site-content-layout":"default","site-content-style":"default","site-sidebar-style":"default","ast-global-header-display":"","ast-banner-title-visibility":"","ast-main-header-display":"","ast-hfb-above-header-display":"","ast-hfb-below-header-display":"","ast-hfb-mobile-header-display":"","site-post-title":"","ast-breadcrumbs-content":"","ast-featured-img":"","footer-sml-layout":"","ast-disable-related-posts":"","theme-transparent-header-meta":"default","adv-header-id-meta":"","stick-header-meta":"","header-above-stick-meta":"","header-main-stick-meta":"","header-below-stick-meta":"","astra-migrate-meta-layouts":"default","ast-page-background-enabled":"default","ast-page-background-meta":{"desktop":{"background-color":"var(--ast-global-color-4)","background-image":"","background-repeat":"repeat","background-position":"center center","background-size":"auto","background-attachment":"scroll","background-type":"","background-media":"","overlay-type":"","overlay-color":"","overlay-opacity":"","overlay-gradient":""},"tablet":{"background-color":"","background-image":"","background-repeat":"repeat","background-position":"center center","background-size":"auto","background-attachment":"scroll","background-type":"","background-media":"","overlay-type":"","overlay-color":"","overlay-opacity":"","overlay-gradient":""},"mobile":{"background-color":"","background-image":"","background-repeat":"repeat","background-position":"center center","background-size":"auto","background-attachment":"scroll","background-type":"","background-media":"","overlay-type":"","overlay-color":"","overlay-opacity":"","overlay-gradient":""}},"ast-content-background-meta":{"desktop":{"background-color":"var(--ast-global-color-5)","background-image":"","background-repeat":"repeat","background-position":"center center","background-size":"auto","background-attachment":"scroll","background-type":"","background-media":"","overlay-type":"","overlay-color":"","overlay-opacity":"","overlay-gradient":""},"tablet":{"background-color":"var(--ast-global-color-5)","background-image":"","background-repeat":"repeat","background-position":"center center","background-size":"auto","background-attachment":"scroll","background-type":"","background-media":"","overlay-type":"","overlay-color":"","overlay-opacity":"","overlay-gradient":""},"mobile":{"background-color":"var(--ast-global-color-5)","background-image":"","background-repeat":"repeat","background-position":"center center","background-size":"auto","background-attachment":"scroll","background-type":"","background-media":"","overlay-type":"","overlay-color":"","overlay-opacity":"","overlay-gradient":""}}},"product_brand":[],"product_cat":[28,55,39],"product_tag":[],"class_list":{"0":"post-1415","1":"product","2":"type-product","3":"status-publish","4":"has-post-thumbnail","6":"product_cat-bien-etre","7":"product_cat-collection-nomade","8":"product_cat-tapis-de-sol","9":"product_shipping_class-colissimo-avec-signature","10":"desktop-align-left","11":"tablet-align-left","12":"mobile-align-left","14":"first","15":"instock","16":"taxable","17":"shipping-taxable","18":"purchasable","19":"product-type-variable"},"yoast_head":"<!-- This site is optimized with the Yoast SEO plugin v27.5 - https:\/\/yoast.com\/product\/yoast-seo-wordpress\/ -->\n<title>Le Tapis de sol - P\u00e9tuya<\/title>\n<meta name=\"description\" content=\"D\u00e9couvrez le tapis de sol de la marque P\u00e9tuya pour un confort unique lors de vos moments de respiration, calme, relaxation, yoga ou d\u00e9tente.\" \/>\n<meta name=\"robots\" content=\"index, follow, max-snippet:-1, max-image-preview:large, max-video-preview:-1\" \/>\n<link rel=\"canonical\" href=\"https:\/\/www.petuya.fr\/produit\/le-tapis-de-sol\/\" \/>\n<meta property=\"og:locale\" content=\"en_US\" \/>\n<meta property=\"og:type\" content=\"article\" \/>\n<meta property=\"og:title\" content=\"Le Tapis de sol - P\u00e9tuya\" \/>\n<meta property=\"og:description\" content=\"D\u00e9couvrez le tapis de sol de la marque P\u00e9tuya pour un confort unique lors de vos moments de respiration, calme, relaxation, yoga ou d\u00e9tente.\" \/>\n<meta property=\"og:url\" content=\"https:\/\/www.petuya.fr\/produit\/le-tapis-de-sol\/\" \/>\n<meta property=\"og:site_name\" content=\"Petuya - Couette et Oreillers laine et lin - Made in France\" \/>\n<meta property=\"article:publisher\" content=\"https:\/\/www.facebook.com\/StephaniePetuya.Literie\" \/>\n<meta property=\"article:modified_time\" content=\"2025-09-02T15:47:35+00:00\" \/>\n<meta property=\"og:image\" content=\"https:\/\/i0.wp.com\/www.petuya.fr\/wp-content\/uploads\/2022\/12\/Tapis-de-sol-scaled.jpg?fit=2560%2C1920&ssl=1\" \/>\n\t<meta property=\"og:image:width\" content=\"2560\" \/>\n\t<meta property=\"og:image:height\" content=\"1920\" \/>\n\t<meta property=\"og:image:type\" content=\"image\/jpeg\" \/>\n<meta name=\"twitter:card\" content=\"summary_large_image\" \/>\n<meta name=\"twitter:label1\" content=\"Est. reading time\" \/>\n\t<meta name=\"twitter:data1\" content=\"2 minutes\" \/>\n<script type=\"application\/ld+json\" class=\"yoast-schema-graph\">{\"@context\":\"https:\\\/\\\/schema.org\",\"@graph\":[{\"@type\":\"WebPage\",\"@id\":\"https:\\\/\\\/www.petuya.fr\\\/produit\\\/le-tapis-de-sol\\\/\",\"url\":\"https:\\\/\\\/www.petuya.fr\\\/produit\\\/le-tapis-de-sol\\\/\",\"name\":\"Le Tapis de sol - P\u00e9tuya\",\"isPartOf\":{\"@id\":\"https:\\\/\\\/www.petuya.fr\\\/#website\"},\"primaryImageOfPage\":{\"@id\":\"https:\\\/\\\/www.petuya.fr\\\/produit\\\/le-tapis-de-sol\\\/#primaryimage\"},\"image\":{\"@id\":\"https:\\\/\\\/www.petuya.fr\\\/produit\\\/le-tapis-de-sol\\\/#primaryimage\"},\"thumbnailUrl\":\"https:\\\/\\\/i0.wp.com\\\/petuya.fr\\\/wp-content\\\/uploads\\\/2022\\\/12\\\/Tapis-de-sol-scaled.jpg?fit=2560%2C1920&ssl=1\",\"datePublished\":\"2022-12-08T16:38:27+00:00\",\"dateModified\":\"2025-09-02T15:47:35+00:00\",\"description\":\"D\u00e9couvrez le tapis de sol de la marque P\u00e9tuya pour un confort unique lors de vos moments de respiration, calme, relaxation, yoga ou d\u00e9tente.\",\"breadcrumb\":{\"@id\":\"https:\\\/\\\/www.petuya.fr\\\/produit\\\/le-tapis-de-sol\\\/#breadcrumb\"},\"inLanguage\":\"en-US\",\"potentialAction\":[{\"@type\":\"ReadAction\",\"target\":[\"https:\\\/\\\/www.petuya.fr\\\/produit\\\/le-tapis-de-sol\\\/\"]}]},{\"@type\":\"ImageObject\",\"inLanguage\":\"en-US\",\"@id\":\"https:\\\/\\\/www.petuya.fr\\\/produit\\\/le-tapis-de-sol\\\/#primaryimage\",\"url\":\"https:\\\/\\\/i0.wp.com\\\/petuya.fr\\\/wp-content\\\/uploads\\\/2022\\\/12\\\/Tapis-de-sol-scaled.jpg?fit=2560%2C1920&ssl=1\",\"contentUrl\":\"https:\\\/\\\/i0.wp.com\\\/petuya.fr\\\/wp-content\\\/uploads\\\/2022\\\/12\\\/Tapis-de-sol-scaled.jpg?fit=2560%2C1920&ssl=1\",\"width\":2560,\"height\":1920,\"caption\":\"Tapis de sol m\u00e9ditation\"},{\"@type\":\"BreadcrumbList\",\"@id\":\"https:\\\/\\\/www.petuya.fr\\\/produit\\\/le-tapis-de-sol\\\/#breadcrumb\",\"itemListElement\":[{\"@type\":\"ListItem\",\"position\":1,\"name\":\"Accueil\",\"item\":\"https:\\\/\\\/www.petuya.fr\\\/\"},{\"@type\":\"ListItem\",\"position\":2,\"name\":\"Produits\",\"item\":\"https:\\\/\\\/www.petuya.fr\\\/shop\\\/\"},{\"@type\":\"ListItem\",\"position\":3,\"name\":\"Le Tapis de sol\"}]},{\"@type\":\"WebSite\",\"@id\":\"https:\\\/\\\/www.petuya.fr\\\/#website\",\"url\":\"https:\\\/\\\/www.petuya.fr\\\/\",\"name\":\"P\u00e9tuya\",\"description\":\"\",\"publisher\":{\"@id\":\"https:\\\/\\\/www.petuya.fr\\\/#organization\"},\"potentialAction\":[{\"@type\":\"SearchAction\",\"target\":{\"@type\":\"EntryPoint\",\"urlTemplate\":\"https:\\\/\\\/www.petuya.fr\\\/?s={search_term_string}\"},\"query-input\":{\"@type\":\"PropertyValueSpecification\",\"valueRequired\":true,\"valueName\":\"search_term_string\"}}],\"inLanguage\":\"en-US\"},{\"@type\":\"Organization\",\"@id\":\"https:\\\/\\\/www.petuya.fr\\\/#organization\",\"name\":\"P\u00e9tuya\",\"url\":\"https:\\\/\\\/www.petuya.fr\\\/\",\"logo\":{\"@type\":\"ImageObject\",\"inLanguage\":\"en-US\",\"@id\":\"https:\\\/\\\/www.petuya.fr\\\/#\\\/schema\\\/logo\\\/image\\\/\",\"url\":\"https:\\\/\\\/i0.wp.com\\\/petuya.fr\\\/wp-content\\\/uploads\\\/2022\\\/12\\\/PETUYA-2211-GRIS-FONCE-03.png?fit=1773%2C804&ssl=1\",\"contentUrl\":\"https:\\\/\\\/i0.wp.com\\\/petuya.fr\\\/wp-content\\\/uploads\\\/2022\\\/12\\\/PETUYA-2211-GRIS-FONCE-03.png?fit=1773%2C804&ssl=1\",\"width\":1773,\"height\":804,\"caption\":\"P\u00e9tuya\"},\"image\":{\"@id\":\"https:\\\/\\\/www.petuya.fr\\\/#\\\/schema\\\/logo\\\/image\\\/\"},\"sameAs\":[\"https:\\\/\\\/www.facebook.com\\\/StephaniePetuya.Literie\",\"https:\\\/\\\/www.instagram.com\\\/stephaniepetuya\\\/?igshid=YmMyMTA2M2Y\",\"https:\\\/\\\/www.pinterest.fr\\\/maisonpetuya\\\/\"]}]}<\/script>\n<!-- \/ Yoast SEO plugin. -->","yoast_head_json":{"title":"Le Tapis de sol - P\u00e9tuya","description":"D\u00e9couvrez le tapis de sol de la marque P\u00e9tuya pour un confort unique lors de vos moments de respiration, calme, relaxation, yoga ou d\u00e9tente.","robots":{"index":"index","follow":"follow","max-snippet":"max-snippet:-1","max-image-preview":"max-image-preview:large","max-video-preview":"max-video-preview:-1"},"canonical":"https:\/\/www.petuya.fr\/produit\/le-tapis-de-sol\/","og_locale":"en_US","og_type":"article","og_title":"Le Tapis de sol - P\u00e9tuya","og_description":"D\u00e9couvrez le tapis de sol de la marque P\u00e9tuya pour un confort unique lors de vos moments de respiration, calme, relaxation, yoga ou d\u00e9tente.","og_url":"https:\/\/www.petuya.fr\/produit\/le-tapis-de-sol\/","og_site_name":"Petuya - Couette et Oreillers laine et lin - Made in France","article_publisher":"https:\/\/www.facebook.com\/StephaniePetuya.Literie","article_modified_time":"2025-09-02T15:47:35+00:00","og_image":[{"width":2560,"height":1920,"url":"https:\/\/i0.wp.com\/www.petuya.fr\/wp-content\/uploads\/2022\/12\/Tapis-de-sol-scaled.jpg?fit=2560%2C1920&ssl=1","type":"image\/jpeg"}],"twitter_card":"summary_large_image","twitter_misc":{"Est. reading time":"2 minutes"},"schema":{"@context":"https:\/\/schema.org","@graph":[{"@type":"WebPage","@id":"https:\/\/www.petuya.fr\/produit\/le-tapis-de-sol\/","url":"https:\/\/www.petuya.fr\/produit\/le-tapis-de-sol\/","name":"Le Tapis de sol - P\u00e9tuya","isPartOf":{"@id":"https:\/\/www.petuya.fr\/#website"},"primaryImageOfPage":{"@id":"https:\/\/www.petuya.fr\/produit\/le-tapis-de-sol\/#primaryimage"},"image":{"@id":"https:\/\/www.petuya.fr\/produit\/le-tapis-de-sol\/#primaryimage"},"thumbnailUrl":"https:\/\/i0.wp.com\/petuya.fr\/wp-content\/uploads\/2022\/12\/Tapis-de-sol-scaled.jpg?fit=2560%2C1920&ssl=1","datePublished":"2022-12-08T16:38:27+00:00","dateModified":"2025-09-02T15:47:35+00:00","description":"D\u00e9couvrez le tapis de sol de la marque P\u00e9tuya pour un confort unique lors de vos moments de respiration, calme, relaxation, yoga ou d\u00e9tente.","breadcrumb":{"@id":"https:\/\/www.petuya.fr\/produit\/le-tapis-de-sol\/#breadcrumb"},"inLanguage":"en-US","potentialAction":[{"@type":"ReadAction","target":["https:\/\/www.petuya.fr\/produit\/le-tapis-de-sol\/"]}]},{"@type":"ImageObject","inLanguage":"en-US","@id":"https:\/\/www.petuya.fr\/produit\/le-tapis-de-sol\/#primaryimage","url":"https:\/\/i0.wp.com\/petuya.fr\/wp-content\/uploads\/2022\/12\/Tapis-de-sol-scaled.jpg?fit=2560%2C1920&ssl=1","contentUrl":"https:\/\/i0.wp.com\/petuya.fr\/wp-content\/uploads\/2022\/12\/Tapis-de-sol-scaled.jpg?fit=2560%2C1920&ssl=1","width":2560,"height":1920,"caption":"Tapis de sol m\u00e9ditation"},{"@type":"BreadcrumbList","@id":"https:\/\/www.petuya.fr\/produit\/le-tapis-de-sol\/#breadcrumb","itemListElement":[{"@type":"ListItem","position":1,"name":"Accueil","item":"https:\/\/www.petuya.fr\/"},{"@type":"ListItem","position":2,"name":"Produits","item":"https:\/\/www.petuya.fr\/shop\/"},{"@type":"ListItem","position":3,"name":"Le Tapis de sol"}]},{"@type":"WebSite","@id":"https:\/\/www.petuya.fr\/#website","url":"https:\/\/www.petuya.fr\/","name":"P\u00e9tuya","description":"","publisher":{"@id":"https:\/\/www.petuya.fr\/#organization"},"potentialAction":[{"@type":"SearchAction","target":{"@type":"EntryPoint","urlTemplate":"https:\/\/www.petuya.fr\/?s={search_term_string}"},"query-input":{"@type":"PropertyValueSpecification","valueRequired":true,"valueName":"search_term_string"}}],"inLanguage":"en-US"},{"@type":"Organization","@id":"https:\/\/www.petuya.fr\/#organization","name":"P\u00e9tuya","url":"https:\/\/www.petuya.fr\/","logo":{"@type":"ImageObject","inLanguage":"en-US","@id":"https:\/\/www.petuya.fr\/#\/schema\/logo\/image\/","url":"https:\/\/i0.wp.com\/petuya.fr\/wp-content\/uploads\/2022\/12\/PETUYA-2211-GRIS-FONCE-03.png?fit=1773%2C804&ssl=1","contentUrl":"https:\/\/i0.wp.com\/petuya.fr\/wp-content\/uploads\/2022\/12\/PETUYA-2211-GRIS-FONCE-03.png?fit=1773%2C804&ssl=1","width":1773,"height":804,"caption":"P\u00e9tuya"},"image":{"@id":"https:\/\/www.petuya.fr\/#\/schema\/logo\/image\/"},"sameAs":["https:\/\/www.facebook.com\/StephaniePetuya.Literie","https:\/\/www.instagram.com\/stephaniepetuya\/?igshid=YmMyMTA2M2Y","https:\/\/www.pinterest.fr\/maisonpetuya\/"]}]}},"jetpack_sharing_enabled":true,"_links":{"self":[{"href":"http:\/\/petuya.fr\/en\/wp-json\/wp\/v2\/product\/1415","targetHints":{"allow":["GET"]}}],"collection":[{"href":"http:\/\/petuya.fr\/en\/wp-json\/wp\/v2\/product"}],"about":[{"href":"http:\/\/petuya.fr\/en\/wp-json\/wp\/v2\/types\/product"}],"wp:featuredmedia":[{"embeddable":true,"href":"http:\/\/petuya.fr\/en\/wp-json\/wp\/v2\/media\/2283"}],"wp:attachment":[{"href":"http:\/\/petuya.fr\/en\/wp-json\/wp\/v2\/media?parent=1415"}],"wp:term":[{"taxonomy":"product_brand","embeddable":true,"href":"http:\/\/petuya.fr\/en\/wp-json\/wp\/v2\/product_brand?post=1415"},{"taxonomy":"product_cat","embeddable":true,"href":"http:\/\/petuya.fr\/en\/wp-json\/wp\/v2\/product_cat?post=1415"},{"taxonomy":"product_tag","embeddable":true,"href":"http:\/\/petuya.fr\/en\/wp-json\/wp\/v2\/product_tag?post=1415"}],"curies":[{"name":"wp","href":"https:\/\/api.w.org\/{rel}","templated":true}]}}