{"id":1423,"date":"2022-12-08T16:56:15","date_gmt":"2022-12-08T16:56:15","guid":{"rendered":"https:\/\/www.petuya.fr\/?post_type=product&#038;p=1423"},"modified":"2026-01-21T13:28:10","modified_gmt":"2026-01-21T13:28:10","slug":"bandeau-relaxant-dehoussable","status":"publish","type":"product","link":"http:\/\/petuya.fr\/en\/product\/bandeau-relaxant-dehoussable\/","title":{"rendered":"Bandeau relaxant d\u00e9houssable"},"content":{"rendered":"<p><strong>Caract\u00e9ristiques du bandeau :<br \/>\n<\/strong><span style=\"font-weight: 400;\"><strong>Dimensions :<\/strong> 9 x 21 x 2 cm<br \/>\n<\/span><span style=\"font-weight: 400;\"><strong>Poids :<\/strong> 0,18 kg<br \/>\n<\/span><span style=\"font-weight: 400;\"><strong>Housse :<\/strong> amovible et lavable \u00e0 30\u00b0C<br \/>\n<strong>Enveloppes :<\/strong> 100% lin naturel<br \/>\n<strong>Garnissage :<\/strong> graines de lin bio \u2013 lavandin bio<br \/>\n<\/span><\/p>\n<p><strong>Pourquoi choisir ce bandeau ?<br \/>\n<\/strong><span style=\"font-weight: 400;\">Ce bandeau s\u2019utilise pour tous vos moments de <strong>d\u00e9tente<\/strong> : <strong>yoga<\/strong>, <strong>m\u00e9ditation<\/strong>, <strong>relaxation<\/strong>, <strong>sieste<\/strong> ou simplement pour <strong>s\u2019endormir<\/strong>.<br \/>\n<\/span><span style=\"font-weight: 400;\">Le poids des graines de lin et l\u2019obscurit\u00e9 sur vos yeux permettent de ralentir le rythme cardiaque. De plus vous b\u00e9n\u00e9ficiez des vertus relaxantes et d\u00e9stressantes du lin et de la lavande.<\/span><span style=\"font-weight: 400;\"><br \/>\n<\/span><span style=\"font-weight: 400;\">Offrez-vous un moment \u00ab off \u00bb de respiration, de <strong>calme<\/strong> et de d\u00e9tente.<br \/>\n<\/span><span style=\"font-weight: 400;\">Un cadeau utile sur votre table de chevet et facile \u00e0 emporter partout avec vous.<\/span><\/p>\n<p><strong>Conseil d\u2019utilisation :<\/strong><\/p>\n<ul>\n<li><span style=\"font-weight: 400;\">Malaxer afin d\u2019activer la douce odeur de lavande<\/span><\/li>\n<li>Placer sur les yeux<\/li>\n<li>Le bandeau ne se passe pas au four<\/li>\n<\/ul>\n<p><strong>Conseil d\u2019entretien :<br \/>\n<\/strong><span style=\"font-weight: 400;\">Conserver dans un endroit sec et frais (-15\u00b0)<\/span><\/p>\n<p><strong>Livraison :<\/strong><br \/>\n<span style=\"font-weight: 400;\">Sous 1 semaine, sous r\u00e9serve de stocks<\/span><\/p>","protected":false},"excerpt":{"rendered":"<p>Fait \u00e0 la main, dans la pure tradition, en s\u00e9rie limit\u00e9e. Ce bandeau s\u2019utilise pour tous vos moments de d\u00e9tente : yoga, m\u00e9ditation, relaxation, sieste ou simplement pour s\u2019endormir. Ce produit participe \u00e0 valorisation des chutes de lin dans l&rsquo;entreprise.<\/p>","protected":false},"featured_media":1132,"template":"","meta":{"site-sidebar-layout":"default","site-content-layout":"default","ast-site-content-layout":"default","site-content-style":"default","site-sidebar-style":"default","ast-global-header-display":"","ast-banner-title-visibility":"","ast-main-header-display":"","ast-hfb-above-header-display":"","ast-hfb-below-header-display":"","ast-hfb-mobile-header-display":"","site-post-title":"","ast-breadcrumbs-content":"","ast-featured-img":"","footer-sml-layout":"","ast-disable-related-posts":"","theme-transparent-header-meta":"default","adv-header-id-meta":"","stick-header-meta":"","header-above-stick-meta":"","header-main-stick-meta":"","header-below-stick-meta":"","astra-migrate-meta-layouts":"set","ast-page-background-enabled":"default","ast-page-background-meta":{"desktop":{"background-color":"var(--ast-global-color-4)","background-image":"","background-repeat":"repeat","background-position":"center center","background-size":"auto","background-attachment":"scroll","background-type":"","background-media":"","overlay-type":"","overlay-color":"","overlay-opacity":"","overlay-gradient":""},"tablet":{"background-color":"","background-image":"","background-repeat":"repeat","background-position":"center center","background-size":"auto","background-attachment":"scroll","background-type":"","background-media":"","overlay-type":"","overlay-color":"","overlay-opacity":"","overlay-gradient":""},"mobile":{"background-color":"","background-image":"","background-repeat":"repeat","background-position":"center center","background-size":"auto","background-attachment":"scroll","background-type":"","background-media":"","overlay-type":"","overlay-color":"","overlay-opacity":"","overlay-gradient":""}},"ast-content-background-meta":{"desktop":{"background-color":"var(--ast-global-color-5)","background-image":"","background-repeat":"repeat","background-position":"center center","background-size":"auto","background-attachment":"scroll","background-type":"","background-media":"","overlay-type":"","overlay-color":"","overlay-opacity":"","overlay-gradient":""},"tablet":{"background-color":"var(--ast-global-color-5)","background-image":"","background-repeat":"repeat","background-position":"center center","background-size":"auto","background-attachment":"scroll","background-type":"","background-media":"","overlay-type":"","overlay-color":"","overlay-opacity":"","overlay-gradient":""},"mobile":{"background-color":"var(--ast-global-color-5)","background-image":"","background-repeat":"repeat","background-position":"center center","background-size":"auto","background-attachment":"scroll","background-type":"","background-media":"","overlay-type":"","overlay-color":"","overlay-opacity":"","overlay-gradient":""}}},"product_brand":[],"product_cat":[28,35],"product_tag":[],"class_list":{"0":"post-1423","1":"product","2":"type-product","3":"status-publish","4":"has-post-thumbnail","6":"product_cat-bien-etre","7":"product_cat-masque-de-sommeil","8":"product_shipping_class-lettre-suivie","9":"desktop-align-left","10":"tablet-align-left","11":"mobile-align-left","13":"first","14":"instock","15":"taxable","16":"shipping-taxable","17":"purchasable","18":"product-type-simple"},"yoast_head":"<!-- This site is optimized with the Yoast SEO plugin v27.5 - https:\/\/yoast.com\/product\/yoast-seo-wordpress\/ -->\n<title>Bandeau relaxant d\u00e9houssable - P\u00e9tuya<\/title>\n<meta name=\"description\" content=\"D\u00e9couvrez le bandeau relaxant de la marque P\u00e9tuya, fait \u00e0 la main, Made in France, pour vos moments de d\u00e9tente, relaxation, yoga ou pour vous endormir.\" \/>\n<meta name=\"robots\" content=\"index, follow, max-snippet:-1, max-image-preview:large, max-video-preview:-1\" \/>\n<link rel=\"canonical\" href=\"https:\/\/petuya.fr\/en\/product\/bandeau-relaxant-dehoussable\/\" \/>\n<meta property=\"og:locale\" content=\"en_US\" \/>\n<meta property=\"og:type\" content=\"article\" \/>\n<meta property=\"og:title\" content=\"Bandeau relaxant d\u00e9houssable - P\u00e9tuya\" \/>\n<meta property=\"og:description\" content=\"D\u00e9couvrez le bandeau relaxant de la marque P\u00e9tuya, fait \u00e0 la main, Made in France, pour vos moments de d\u00e9tente, relaxation, yoga ou pour vous endormir.\" \/>\n<meta property=\"og:url\" content=\"https:\/\/petuya.fr\/en\/product\/bandeau-relaxant-dehoussable\/\" \/>\n<meta property=\"og:site_name\" content=\"Petuya - Couette et Oreillers laine et lin - Made in France\" \/>\n<meta property=\"article:publisher\" content=\"https:\/\/www.facebook.com\/StephaniePetuya.Literie\" \/>\n<meta property=\"article:modified_time\" content=\"2026-01-21T13:28:10+00:00\" \/>\n<meta property=\"og:image\" content=\"https:\/\/i0.wp.com\/petuya.fr\/wp-content\/uploads\/2022\/12\/accessoires-petuya-scaled.jpg?fit=2560%2C1708&ssl=1\" \/>\n\t<meta property=\"og:image:width\" content=\"2560\" \/>\n\t<meta property=\"og:image:height\" content=\"1708\" \/>\n\t<meta property=\"og:image:type\" content=\"image\/jpeg\" \/>\n<meta name=\"twitter:card\" content=\"summary_large_image\" \/>\n<meta name=\"twitter:label1\" content=\"Est. reading time\" \/>\n\t<meta name=\"twitter:data1\" content=\"1 minute\" \/>\n<script type=\"application\/ld+json\" class=\"yoast-schema-graph\">{\"@context\":\"https:\\\/\\\/schema.org\",\"@graph\":[{\"@type\":\"WebPage\",\"@id\":\"https:\\\/\\\/petuya.fr\\\/produit\\\/bandeau-relaxant-dehoussable\\\/\",\"url\":\"https:\\\/\\\/petuya.fr\\\/produit\\\/bandeau-relaxant-dehoussable\\\/\",\"name\":\"Bandeau relaxant d\u00e9houssable - P\u00e9tuya\",\"isPartOf\":{\"@id\":\"https:\\\/\\\/www.petuya.fr\\\/#website\"},\"primaryImageOfPage\":{\"@id\":\"https:\\\/\\\/petuya.fr\\\/produit\\\/bandeau-relaxant-dehoussable\\\/#primaryimage\"},\"image\":{\"@id\":\"https:\\\/\\\/petuya.fr\\\/produit\\\/bandeau-relaxant-dehoussable\\\/#primaryimage\"},\"thumbnailUrl\":\"https:\\\/\\\/i0.wp.com\\\/petuya.fr\\\/wp-content\\\/uploads\\\/2022\\\/12\\\/accessoires-petuya-scaled.jpg?fit=2560%2C1708&ssl=1\",\"datePublished\":\"2022-12-08T16:56:15+00:00\",\"dateModified\":\"2026-01-21T13:28:10+00:00\",\"description\":\"D\u00e9couvrez le bandeau relaxant de la marque P\u00e9tuya, fait \u00e0 la main, Made in France, pour vos moments de d\u00e9tente, relaxation, yoga ou pour vous endormir.\",\"breadcrumb\":{\"@id\":\"https:\\\/\\\/petuya.fr\\\/produit\\\/bandeau-relaxant-dehoussable\\\/#breadcrumb\"},\"inLanguage\":\"en-US\",\"potentialAction\":[{\"@type\":\"ReadAction\",\"target\":[\"https:\\\/\\\/petuya.fr\\\/produit\\\/bandeau-relaxant-dehoussable\\\/\"]}]},{\"@type\":\"ImageObject\",\"inLanguage\":\"en-US\",\"@id\":\"https:\\\/\\\/petuya.fr\\\/produit\\\/bandeau-relaxant-dehoussable\\\/#primaryimage\",\"url\":\"https:\\\/\\\/i0.wp.com\\\/petuya.fr\\\/wp-content\\\/uploads\\\/2022\\\/12\\\/accessoires-petuya-scaled.jpg?fit=2560%2C1708&ssl=1\",\"contentUrl\":\"https:\\\/\\\/i0.wp.com\\\/petuya.fr\\\/wp-content\\\/uploads\\\/2022\\\/12\\\/accessoires-petuya-scaled.jpg?fit=2560%2C1708&ssl=1\",\"width\":2560,\"height\":1708,\"caption\":\"accessoires petuya\"},{\"@type\":\"BreadcrumbList\",\"@id\":\"https:\\\/\\\/petuya.fr\\\/produit\\\/bandeau-relaxant-dehoussable\\\/#breadcrumb\",\"itemListElement\":[{\"@type\":\"ListItem\",\"position\":1,\"name\":\"Accueil\",\"item\":\"https:\\\/\\\/www.petuya.fr\\\/\"},{\"@type\":\"ListItem\",\"position\":2,\"name\":\"Produits\",\"item\":\"https:\\\/\\\/www.petuya.fr\\\/shop\\\/\"},{\"@type\":\"ListItem\",\"position\":3,\"name\":\"Bandeau relaxant d\u00e9houssable\"}]},{\"@type\":\"WebSite\",\"@id\":\"https:\\\/\\\/www.petuya.fr\\\/#website\",\"url\":\"https:\\\/\\\/www.petuya.fr\\\/\",\"name\":\"P\u00e9tuya\",\"description\":\"\",\"publisher\":{\"@id\":\"https:\\\/\\\/www.petuya.fr\\\/#organization\"},\"potentialAction\":[{\"@type\":\"SearchAction\",\"target\":{\"@type\":\"EntryPoint\",\"urlTemplate\":\"https:\\\/\\\/www.petuya.fr\\\/?s={search_term_string}\"},\"query-input\":{\"@type\":\"PropertyValueSpecification\",\"valueRequired\":true,\"valueName\":\"search_term_string\"}}],\"inLanguage\":\"en-US\"},{\"@type\":\"Organization\",\"@id\":\"https:\\\/\\\/www.petuya.fr\\\/#organization\",\"name\":\"P\u00e9tuya\",\"url\":\"https:\\\/\\\/www.petuya.fr\\\/\",\"logo\":{\"@type\":\"ImageObject\",\"inLanguage\":\"en-US\",\"@id\":\"https:\\\/\\\/www.petuya.fr\\\/#\\\/schema\\\/logo\\\/image\\\/\",\"url\":\"https:\\\/\\\/i0.wp.com\\\/petuya.fr\\\/wp-content\\\/uploads\\\/2022\\\/12\\\/PETUYA-2211-GRIS-FONCE-03.png?fit=1773%2C804&ssl=1\",\"contentUrl\":\"https:\\\/\\\/i0.wp.com\\\/petuya.fr\\\/wp-content\\\/uploads\\\/2022\\\/12\\\/PETUYA-2211-GRIS-FONCE-03.png?fit=1773%2C804&ssl=1\",\"width\":1773,\"height\":804,\"caption\":\"P\u00e9tuya\"},\"image\":{\"@id\":\"https:\\\/\\\/www.petuya.fr\\\/#\\\/schema\\\/logo\\\/image\\\/\"},\"sameAs\":[\"https:\\\/\\\/www.facebook.com\\\/StephaniePetuya.Literie\",\"https:\\\/\\\/www.instagram.com\\\/stephaniepetuya\\\/?igshid=YmMyMTA2M2Y\",\"https:\\\/\\\/www.pinterest.fr\\\/maisonpetuya\\\/\"]}]}<\/script>\n<!-- \/ Yoast SEO plugin. -->","yoast_head_json":{"title":"Bandeau relaxant d\u00e9houssable - P\u00e9tuya","description":"D\u00e9couvrez le bandeau relaxant de la marque P\u00e9tuya, fait \u00e0 la main, Made in France, pour vos moments de d\u00e9tente, relaxation, yoga ou pour vous endormir.","robots":{"index":"index","follow":"follow","max-snippet":"max-snippet:-1","max-image-preview":"max-image-preview:large","max-video-preview":"max-video-preview:-1"},"canonical":"https:\/\/petuya.fr\/en\/product\/bandeau-relaxant-dehoussable\/","og_locale":"en_US","og_type":"article","og_title":"Bandeau relaxant d\u00e9houssable - P\u00e9tuya","og_description":"D\u00e9couvrez le bandeau relaxant de la marque P\u00e9tuya, fait \u00e0 la main, Made in France, pour vos moments de d\u00e9tente, relaxation, yoga ou pour vous endormir.","og_url":"https:\/\/petuya.fr\/en\/product\/bandeau-relaxant-dehoussable\/","og_site_name":"Petuya - Couette et Oreillers laine et lin - Made in France","article_publisher":"https:\/\/www.facebook.com\/StephaniePetuya.Literie","article_modified_time":"2026-01-21T13:28:10+00:00","og_image":[{"width":2560,"height":1708,"url":"https:\/\/i0.wp.com\/petuya.fr\/wp-content\/uploads\/2022\/12\/accessoires-petuya-scaled.jpg?fit=2560%2C1708&ssl=1","type":"image\/jpeg"}],"twitter_card":"summary_large_image","twitter_misc":{"Est. reading time":"1 minute"},"schema":{"@context":"https:\/\/schema.org","@graph":[{"@type":"WebPage","@id":"https:\/\/petuya.fr\/produit\/bandeau-relaxant-dehoussable\/","url":"https:\/\/petuya.fr\/produit\/bandeau-relaxant-dehoussable\/","name":"Bandeau relaxant d\u00e9houssable - P\u00e9tuya","isPartOf":{"@id":"https:\/\/www.petuya.fr\/#website"},"primaryImageOfPage":{"@id":"https:\/\/petuya.fr\/produit\/bandeau-relaxant-dehoussable\/#primaryimage"},"image":{"@id":"https:\/\/petuya.fr\/produit\/bandeau-relaxant-dehoussable\/#primaryimage"},"thumbnailUrl":"https:\/\/i0.wp.com\/petuya.fr\/wp-content\/uploads\/2022\/12\/accessoires-petuya-scaled.jpg?fit=2560%2C1708&ssl=1","datePublished":"2022-12-08T16:56:15+00:00","dateModified":"2026-01-21T13:28:10+00:00","description":"D\u00e9couvrez le bandeau relaxant de la marque P\u00e9tuya, fait \u00e0 la main, Made in France, pour vos moments de d\u00e9tente, relaxation, yoga ou pour vous endormir.","breadcrumb":{"@id":"https:\/\/petuya.fr\/produit\/bandeau-relaxant-dehoussable\/#breadcrumb"},"inLanguage":"en-US","potentialAction":[{"@type":"ReadAction","target":["https:\/\/petuya.fr\/produit\/bandeau-relaxant-dehoussable\/"]}]},{"@type":"ImageObject","inLanguage":"en-US","@id":"https:\/\/petuya.fr\/produit\/bandeau-relaxant-dehoussable\/#primaryimage","url":"https:\/\/i0.wp.com\/petuya.fr\/wp-content\/uploads\/2022\/12\/accessoires-petuya-scaled.jpg?fit=2560%2C1708&ssl=1","contentUrl":"https:\/\/i0.wp.com\/petuya.fr\/wp-content\/uploads\/2022\/12\/accessoires-petuya-scaled.jpg?fit=2560%2C1708&ssl=1","width":2560,"height":1708,"caption":"accessoires petuya"},{"@type":"BreadcrumbList","@id":"https:\/\/petuya.fr\/produit\/bandeau-relaxant-dehoussable\/#breadcrumb","itemListElement":[{"@type":"ListItem","position":1,"name":"Accueil","item":"https:\/\/www.petuya.fr\/"},{"@type":"ListItem","position":2,"name":"Produits","item":"https:\/\/www.petuya.fr\/shop\/"},{"@type":"ListItem","position":3,"name":"Bandeau relaxant d\u00e9houssable"}]},{"@type":"WebSite","@id":"https:\/\/www.petuya.fr\/#website","url":"https:\/\/www.petuya.fr\/","name":"P\u00e9tuya","description":"","publisher":{"@id":"https:\/\/www.petuya.fr\/#organization"},"potentialAction":[{"@type":"SearchAction","target":{"@type":"EntryPoint","urlTemplate":"https:\/\/www.petuya.fr\/?s={search_term_string}"},"query-input":{"@type":"PropertyValueSpecification","valueRequired":true,"valueName":"search_term_string"}}],"inLanguage":"en-US"},{"@type":"Organization","@id":"https:\/\/www.petuya.fr\/#organization","name":"P\u00e9tuya","url":"https:\/\/www.petuya.fr\/","logo":{"@type":"ImageObject","inLanguage":"en-US","@id":"https:\/\/www.petuya.fr\/#\/schema\/logo\/image\/","url":"https:\/\/i0.wp.com\/petuya.fr\/wp-content\/uploads\/2022\/12\/PETUYA-2211-GRIS-FONCE-03.png?fit=1773%2C804&ssl=1","contentUrl":"https:\/\/i0.wp.com\/petuya.fr\/wp-content\/uploads\/2022\/12\/PETUYA-2211-GRIS-FONCE-03.png?fit=1773%2C804&ssl=1","width":1773,"height":804,"caption":"P\u00e9tuya"},"image":{"@id":"https:\/\/www.petuya.fr\/#\/schema\/logo\/image\/"},"sameAs":["https:\/\/www.facebook.com\/StephaniePetuya.Literie","https:\/\/www.instagram.com\/stephaniepetuya\/?igshid=YmMyMTA2M2Y","https:\/\/www.pinterest.fr\/maisonpetuya\/"]}]}},"jetpack_sharing_enabled":true,"_links":{"self":[{"href":"http:\/\/petuya.fr\/en\/wp-json\/wp\/v2\/product\/1423","targetHints":{"allow":["GET"]}}],"collection":[{"href":"http:\/\/petuya.fr\/en\/wp-json\/wp\/v2\/product"}],"about":[{"href":"http:\/\/petuya.fr\/en\/wp-json\/wp\/v2\/types\/product"}],"wp:featuredmedia":[{"embeddable":true,"href":"http:\/\/petuya.fr\/en\/wp-json\/wp\/v2\/media\/1132"}],"wp:attachment":[{"href":"http:\/\/petuya.fr\/en\/wp-json\/wp\/v2\/media?parent=1423"}],"wp:term":[{"taxonomy":"product_brand","embeddable":true,"href":"http:\/\/petuya.fr\/en\/wp-json\/wp\/v2\/product_brand?post=1423"},{"taxonomy":"product_cat","embeddable":true,"href":"http:\/\/petuya.fr\/en\/wp-json\/wp\/v2\/product_cat?post=1423"},{"taxonomy":"product_tag","embeddable":true,"href":"http:\/\/petuya.fr\/en\/wp-json\/wp\/v2\/product_tag?post=1423"}],"curies":[{"name":"wp","href":"https:\/\/api.w.org\/{rel}","templated":true}]}}