{"id":1437,"date":"2022-12-08T17:21:04","date_gmt":"2022-12-08T17:21:04","guid":{"rendered":"https:\/\/www.petuya.fr\/?post_type=product&#038;p=1437"},"modified":"2025-09-02T15:20:58","modified_gmt":"2025-09-02T15:20:58","slug":"bonnet-en-feutre-de-laine","status":"publish","type":"product","link":"http:\/\/petuya.fr\/en\/product\/bonnet-en-feutre-de-laine\/","title":{"rendered":"Bonnet en feutre de laine"},"content":{"rendered":"<p><strong>Caract\u00e9ristiques du bonnet :<br \/>\n<\/strong><span style=\"font-weight: 400;\"><strong>Taille :<\/strong> S\u00a0 \u2013 M\u00a0 \u2013 L\u00a0 \u2013 XL<br \/>\n<\/span><span style=\"font-weight: 400;\"><strong>Couleur :<\/strong> beige \u2013 gris \u2013 gris fonc\u00e9 \u2013 marron fonc\u00e9<br \/>\n<\/span><span style=\"font-weight: 400;\"><strong>Composition :<\/strong> 100% feutre de laine<br \/>\n<strong>Tissu :<\/strong> Feutre de laine<\/span><\/p>\n<p><strong>Pourquoi choisir ce bonnet ?<br \/>\n<\/strong><span style=\"font-weight: 400;\">Ce bonnet peut vous accompagner 8 mois de l\u2019ann\u00e9e sur 12. Vous aimez les bonnets enveloppants ou tel un calot marin. Dans les 2 cas, votre t\u00eate est <strong>prot\u00e9g\u00e9e<\/strong> et <strong>au sec<\/strong>, le feutre peut absorber 4 fois son poids en humidit\u00e9 tout en vous laissant au sec.<br \/>\n<\/span><span style=\"font-weight: 400;\">Un confort unique : aucune autre fibre naturelle ou synth\u00e9tique n\u2019atteint les <strong>propri\u00e9t\u00e9s isolantes<\/strong>, <strong>thermiques<\/strong> et <strong>r\u00e9gulatrices<\/strong> du <strong>feutre de laine<\/strong>.<br \/>\n<\/span><span style=\"font-weight: 400;\">Le feutre de laine est un des plus anciens textiles du monde. La laine est lav\u00e9e, s\u00e9ch\u00e9e, card\u00e9e, peign\u00e9e, aiguillet\u00e9e. Sous l\u2019effet de l\u2019eau chaude, du savon et du frottement les fibres de laine s\u2019entrem\u00ealent et la mati\u00e8re se densifie jusqu\u2019\u00e0 devenir un tissu (non tiss\u00e9).<\/span><\/p>\n<p><strong>Entretien :<\/strong><\/p>\n<ul>\n<li><span style=\"font-weight: 400;\">Le laver et rincer \u00e0 l\u2019eau froide dans une bassine avec un peu de lessive douce,<\/span><\/li>\n<li><span style=\"font-weight: 400;\">Le faire s\u00e9cher \u00e0 plat<\/span><\/li>\n<\/ul>\n<p><strong>Livraison :<\/strong><br \/>\n<span style=\"font-weight: 400;\">Sous 1 semaine, sous r\u00e9serve de stocks<\/span><\/p>","protected":false},"excerpt":{"rendered":"<p>Fait \u00e0 la main, dans la pure tradition, en s\u00e9rie limit\u00e9e. Vous aimez les bonnets enveloppants ou tel un calot marin. Dans les 2 cas, votre t\u00eate est prot\u00e9g\u00e9e et au sec, le feutre peut absorber 4 fois son poids en humidit\u00e9 tout en vous laissant au sec.<\/p>","protected":false},"featured_media":1599,"template":"","meta":{"site-sidebar-layout":"default","site-content-layout":"default","ast-site-content-layout":"default","site-content-style":"default","site-sidebar-style":"default","ast-global-header-display":"","ast-banner-title-visibility":"","ast-main-header-display":"","ast-hfb-above-header-display":"","ast-hfb-below-header-display":"","ast-hfb-mobile-header-display":"","site-post-title":"","ast-breadcrumbs-content":"","ast-featured-img":"","footer-sml-layout":"","ast-disable-related-posts":"","theme-transparent-header-meta":"default","adv-header-id-meta":"","stick-header-meta":"","header-above-stick-meta":"","header-main-stick-meta":"","header-below-stick-meta":"","astra-migrate-meta-layouts":"default","ast-page-background-enabled":"default","ast-page-background-meta":{"desktop":{"background-color":"var(--ast-global-color-4)","background-image":"","background-repeat":"repeat","background-position":"center center","background-size":"auto","background-attachment":"scroll","background-type":"","background-media":"","overlay-type":"","overlay-color":"","overlay-opacity":"","overlay-gradient":""},"tablet":{"background-color":"","background-image":"","background-repeat":"repeat","background-position":"center center","background-size":"auto","background-attachment":"scroll","background-type":"","background-media":"","overlay-type":"","overlay-color":"","overlay-opacity":"","overlay-gradient":""},"mobile":{"background-color":"","background-image":"","background-repeat":"repeat","background-position":"center center","background-size":"auto","background-attachment":"scroll","background-type":"","background-media":"","overlay-type":"","overlay-color":"","overlay-opacity":"","overlay-gradient":""}},"ast-content-background-meta":{"desktop":{"background-color":"var(--ast-global-color-5)","background-image":"","background-repeat":"repeat","background-position":"center center","background-size":"auto","background-attachment":"scroll","background-type":"","background-media":"","overlay-type":"","overlay-color":"","overlay-opacity":"","overlay-gradient":""},"tablet":{"background-color":"var(--ast-global-color-5)","background-image":"","background-repeat":"repeat","background-position":"center center","background-size":"auto","background-attachment":"scroll","background-type":"","background-media":"","overlay-type":"","overlay-color":"","overlay-opacity":"","overlay-gradient":""},"mobile":{"background-color":"var(--ast-global-color-5)","background-image":"","background-repeat":"repeat","background-position":"center center","background-size":"auto","background-attachment":"scroll","background-type":"","background-media":"","overlay-type":"","overlay-color":"","overlay-opacity":"","overlay-gradient":""}}},"product_brand":[],"product_cat":[37,28],"product_tag":[],"class_list":{"0":"post-1437","1":"product","2":"type-product","3":"status-publish","4":"has-post-thumbnail","6":"product_cat-bonnets","7":"product_cat-bien-etre","8":"product_shipping_class-lettre-suivie","9":"desktop-align-left","10":"tablet-align-left","11":"mobile-align-left","13":"first","14":"instock","15":"taxable","16":"shipping-taxable","17":"purchasable","18":"product-type-variable"},"yoast_head":"<!-- This site is optimized with the Yoast SEO plugin v27.5 - https:\/\/yoast.com\/product\/yoast-seo-wordpress\/ -->\n<title>Bonnet en feutre de laine - P\u00e9tuya<\/title>\n<meta name=\"description\" content=\"D\u00e9couvrez le bonnet en feutre de laine de la marque P\u00e9tuya pour un confort unique et une t\u00eate prot\u00e9g\u00e9e r\u00e9alis\u00e9 par nos soins dans notre atelier en Alsace.\" \/>\n<meta name=\"robots\" content=\"index, follow, max-snippet:-1, max-image-preview:large, max-video-preview:-1\" \/>\n<link rel=\"canonical\" href=\"http:\/\/www.petuya.fr\/produit\/bonnet-en-feutre-de-laine\/\" \/>\n<meta property=\"og:locale\" content=\"en_US\" \/>\n<meta property=\"og:type\" content=\"article\" \/>\n<meta property=\"og:title\" content=\"Bonnet en feutre de laine - P\u00e9tuya\" \/>\n<meta property=\"og:description\" content=\"D\u00e9couvrez le bonnet en feutre de laine de la marque P\u00e9tuya pour un confort unique et une t\u00eate prot\u00e9g\u00e9e r\u00e9alis\u00e9 par nos soins dans notre atelier en Alsace.\" \/>\n<meta property=\"og:url\" content=\"http:\/\/www.petuya.fr\/produit\/bonnet-en-feutre-de-laine\/\" \/>\n<meta property=\"og:site_name\" content=\"Petuya - Couette et Oreillers laine et lin - Made in France\" \/>\n<meta property=\"article:publisher\" content=\"https:\/\/www.facebook.com\/StephaniePetuya.Literie\" \/>\n<meta property=\"article:modified_time\" content=\"2025-09-02T15:20:58+00:00\" \/>\n<meta property=\"og:image\" content=\"https:\/\/i0.wp.com\/www.petuya.fr\/wp-content\/uploads\/2022\/12\/IMG-0071-scaled.jpg?fit=2560%2C1920\" \/>\n\t<meta property=\"og:image:width\" content=\"2560\" \/>\n\t<meta property=\"og:image:height\" content=\"1920\" \/>\n\t<meta property=\"og:image:type\" content=\"image\/jpeg\" \/>\n<meta name=\"twitter:card\" content=\"summary_large_image\" \/>\n<meta name=\"twitter:label1\" content=\"Est. reading time\" \/>\n\t<meta name=\"twitter:data1\" content=\"1 minute\" \/>\n<script type=\"application\/ld+json\" class=\"yoast-schema-graph\">{\"@context\":\"https:\\\/\\\/schema.org\",\"@graph\":[{\"@type\":\"WebPage\",\"@id\":\"http:\\\/\\\/www.petuya.fr\\\/produit\\\/bonnet-en-feutre-de-laine\\\/\",\"url\":\"http:\\\/\\\/www.petuya.fr\\\/produit\\\/bonnet-en-feutre-de-laine\\\/\",\"name\":\"Bonnet en feutre de laine - P\u00e9tuya\",\"isPartOf\":{\"@id\":\"https:\\\/\\\/www.petuya.fr\\\/#website\"},\"primaryImageOfPage\":{\"@id\":\"http:\\\/\\\/www.petuya.fr\\\/produit\\\/bonnet-en-feutre-de-laine\\\/#primaryimage\"},\"image\":{\"@id\":\"http:\\\/\\\/www.petuya.fr\\\/produit\\\/bonnet-en-feutre-de-laine\\\/#primaryimage\"},\"thumbnailUrl\":\"https:\\\/\\\/i0.wp.com\\\/petuya.fr\\\/wp-content\\\/uploads\\\/2022\\\/12\\\/IMG-0071-scaled.jpg?fit=2560%2C1920&ssl=1\",\"datePublished\":\"2022-12-08T17:21:04+00:00\",\"dateModified\":\"2025-09-02T15:20:58+00:00\",\"description\":\"D\u00e9couvrez le bonnet en feutre de laine de la marque P\u00e9tuya pour un confort unique et une t\u00eate prot\u00e9g\u00e9e r\u00e9alis\u00e9 par nos soins dans notre atelier en Alsace.\",\"breadcrumb\":{\"@id\":\"http:\\\/\\\/www.petuya.fr\\\/produit\\\/bonnet-en-feutre-de-laine\\\/#breadcrumb\"},\"inLanguage\":\"en-US\",\"potentialAction\":[{\"@type\":\"ReadAction\",\"target\":[\"http:\\\/\\\/www.petuya.fr\\\/produit\\\/bonnet-en-feutre-de-laine\\\/\"]}]},{\"@type\":\"ImageObject\",\"inLanguage\":\"en-US\",\"@id\":\"http:\\\/\\\/www.petuya.fr\\\/produit\\\/bonnet-en-feutre-de-laine\\\/#primaryimage\",\"url\":\"https:\\\/\\\/i0.wp.com\\\/petuya.fr\\\/wp-content\\\/uploads\\\/2022\\\/12\\\/IMG-0071-scaled.jpg?fit=2560%2C1920&ssl=1\",\"contentUrl\":\"https:\\\/\\\/i0.wp.com\\\/petuya.fr\\\/wp-content\\\/uploads\\\/2022\\\/12\\\/IMG-0071-scaled.jpg?fit=2560%2C1920&ssl=1\",\"width\":2560,\"height\":1920,\"caption\":\"Bonnet en feutre\"},{\"@type\":\"BreadcrumbList\",\"@id\":\"http:\\\/\\\/www.petuya.fr\\\/produit\\\/bonnet-en-feutre-de-laine\\\/#breadcrumb\",\"itemListElement\":[{\"@type\":\"ListItem\",\"position\":1,\"name\":\"Accueil\",\"item\":\"https:\\\/\\\/www.petuya.fr\\\/\"},{\"@type\":\"ListItem\",\"position\":2,\"name\":\"Produits\",\"item\":\"https:\\\/\\\/www.petuya.fr\\\/shop\\\/\"},{\"@type\":\"ListItem\",\"position\":3,\"name\":\"Bonnet en feutre de laine\"}]},{\"@type\":\"WebSite\",\"@id\":\"https:\\\/\\\/www.petuya.fr\\\/#website\",\"url\":\"https:\\\/\\\/www.petuya.fr\\\/\",\"name\":\"P\u00e9tuya\",\"description\":\"\",\"publisher\":{\"@id\":\"https:\\\/\\\/www.petuya.fr\\\/#organization\"},\"potentialAction\":[{\"@type\":\"SearchAction\",\"target\":{\"@type\":\"EntryPoint\",\"urlTemplate\":\"https:\\\/\\\/www.petuya.fr\\\/?s={search_term_string}\"},\"query-input\":{\"@type\":\"PropertyValueSpecification\",\"valueRequired\":true,\"valueName\":\"search_term_string\"}}],\"inLanguage\":\"en-US\"},{\"@type\":\"Organization\",\"@id\":\"https:\\\/\\\/www.petuya.fr\\\/#organization\",\"name\":\"P\u00e9tuya\",\"url\":\"https:\\\/\\\/www.petuya.fr\\\/\",\"logo\":{\"@type\":\"ImageObject\",\"inLanguage\":\"en-US\",\"@id\":\"https:\\\/\\\/www.petuya.fr\\\/#\\\/schema\\\/logo\\\/image\\\/\",\"url\":\"https:\\\/\\\/i0.wp.com\\\/petuya.fr\\\/wp-content\\\/uploads\\\/2022\\\/12\\\/PETUYA-2211-GRIS-FONCE-03.png?fit=1773%2C804&ssl=1\",\"contentUrl\":\"https:\\\/\\\/i0.wp.com\\\/petuya.fr\\\/wp-content\\\/uploads\\\/2022\\\/12\\\/PETUYA-2211-GRIS-FONCE-03.png?fit=1773%2C804&ssl=1\",\"width\":1773,\"height\":804,\"caption\":\"P\u00e9tuya\"},\"image\":{\"@id\":\"https:\\\/\\\/www.petuya.fr\\\/#\\\/schema\\\/logo\\\/image\\\/\"},\"sameAs\":[\"https:\\\/\\\/www.facebook.com\\\/StephaniePetuya.Literie\",\"https:\\\/\\\/www.instagram.com\\\/stephaniepetuya\\\/?igshid=YmMyMTA2M2Y\",\"https:\\\/\\\/www.pinterest.fr\\\/maisonpetuya\\\/\"]}]}<\/script>\n<!-- \/ Yoast SEO plugin. -->","yoast_head_json":{"title":"Bonnet en feutre de laine - P\u00e9tuya","description":"D\u00e9couvrez le bonnet en feutre de laine de la marque P\u00e9tuya pour un confort unique et une t\u00eate prot\u00e9g\u00e9e r\u00e9alis\u00e9 par nos soins dans notre atelier en Alsace.","robots":{"index":"index","follow":"follow","max-snippet":"max-snippet:-1","max-image-preview":"max-image-preview:large","max-video-preview":"max-video-preview:-1"},"canonical":"http:\/\/www.petuya.fr\/produit\/bonnet-en-feutre-de-laine\/","og_locale":"en_US","og_type":"article","og_title":"Bonnet en feutre de laine - P\u00e9tuya","og_description":"D\u00e9couvrez le bonnet en feutre de laine de la marque P\u00e9tuya pour un confort unique et une t\u00eate prot\u00e9g\u00e9e r\u00e9alis\u00e9 par nos soins dans notre atelier en Alsace.","og_url":"http:\/\/www.petuya.fr\/produit\/bonnet-en-feutre-de-laine\/","og_site_name":"Petuya - Couette et Oreillers laine et lin - Made in France","article_publisher":"https:\/\/www.facebook.com\/StephaniePetuya.Literie","article_modified_time":"2025-09-02T15:20:58+00:00","og_image":[{"width":2560,"height":1920,"url":"https:\/\/i0.wp.com\/www.petuya.fr\/wp-content\/uploads\/2022\/12\/IMG-0071-scaled.jpg?fit=2560%2C1920","type":"image\/jpeg"}],"twitter_card":"summary_large_image","twitter_misc":{"Est. reading time":"1 minute"},"schema":{"@context":"https:\/\/schema.org","@graph":[{"@type":"WebPage","@id":"http:\/\/www.petuya.fr\/produit\/bonnet-en-feutre-de-laine\/","url":"http:\/\/www.petuya.fr\/produit\/bonnet-en-feutre-de-laine\/","name":"Bonnet en feutre de laine - P\u00e9tuya","isPartOf":{"@id":"https:\/\/www.petuya.fr\/#website"},"primaryImageOfPage":{"@id":"http:\/\/www.petuya.fr\/produit\/bonnet-en-feutre-de-laine\/#primaryimage"},"image":{"@id":"http:\/\/www.petuya.fr\/produit\/bonnet-en-feutre-de-laine\/#primaryimage"},"thumbnailUrl":"https:\/\/i0.wp.com\/petuya.fr\/wp-content\/uploads\/2022\/12\/IMG-0071-scaled.jpg?fit=2560%2C1920&ssl=1","datePublished":"2022-12-08T17:21:04+00:00","dateModified":"2025-09-02T15:20:58+00:00","description":"D\u00e9couvrez le bonnet en feutre de laine de la marque P\u00e9tuya pour un confort unique et une t\u00eate prot\u00e9g\u00e9e r\u00e9alis\u00e9 par nos soins dans notre atelier en Alsace.","breadcrumb":{"@id":"http:\/\/www.petuya.fr\/produit\/bonnet-en-feutre-de-laine\/#breadcrumb"},"inLanguage":"en-US","potentialAction":[{"@type":"ReadAction","target":["http:\/\/www.petuya.fr\/produit\/bonnet-en-feutre-de-laine\/"]}]},{"@type":"ImageObject","inLanguage":"en-US","@id":"http:\/\/www.petuya.fr\/produit\/bonnet-en-feutre-de-laine\/#primaryimage","url":"https:\/\/i0.wp.com\/petuya.fr\/wp-content\/uploads\/2022\/12\/IMG-0071-scaled.jpg?fit=2560%2C1920&ssl=1","contentUrl":"https:\/\/i0.wp.com\/petuya.fr\/wp-content\/uploads\/2022\/12\/IMG-0071-scaled.jpg?fit=2560%2C1920&ssl=1","width":2560,"height":1920,"caption":"Bonnet en feutre"},{"@type":"BreadcrumbList","@id":"http:\/\/www.petuya.fr\/produit\/bonnet-en-feutre-de-laine\/#breadcrumb","itemListElement":[{"@type":"ListItem","position":1,"name":"Accueil","item":"https:\/\/www.petuya.fr\/"},{"@type":"ListItem","position":2,"name":"Produits","item":"https:\/\/www.petuya.fr\/shop\/"},{"@type":"ListItem","position":3,"name":"Bonnet en feutre de laine"}]},{"@type":"WebSite","@id":"https:\/\/www.petuya.fr\/#website","url":"https:\/\/www.petuya.fr\/","name":"P\u00e9tuya","description":"","publisher":{"@id":"https:\/\/www.petuya.fr\/#organization"},"potentialAction":[{"@type":"SearchAction","target":{"@type":"EntryPoint","urlTemplate":"https:\/\/www.petuya.fr\/?s={search_term_string}"},"query-input":{"@type":"PropertyValueSpecification","valueRequired":true,"valueName":"search_term_string"}}],"inLanguage":"en-US"},{"@type":"Organization","@id":"https:\/\/www.petuya.fr\/#organization","name":"P\u00e9tuya","url":"https:\/\/www.petuya.fr\/","logo":{"@type":"ImageObject","inLanguage":"en-US","@id":"https:\/\/www.petuya.fr\/#\/schema\/logo\/image\/","url":"https:\/\/i0.wp.com\/petuya.fr\/wp-content\/uploads\/2022\/12\/PETUYA-2211-GRIS-FONCE-03.png?fit=1773%2C804&ssl=1","contentUrl":"https:\/\/i0.wp.com\/petuya.fr\/wp-content\/uploads\/2022\/12\/PETUYA-2211-GRIS-FONCE-03.png?fit=1773%2C804&ssl=1","width":1773,"height":804,"caption":"P\u00e9tuya"},"image":{"@id":"https:\/\/www.petuya.fr\/#\/schema\/logo\/image\/"},"sameAs":["https:\/\/www.facebook.com\/StephaniePetuya.Literie","https:\/\/www.instagram.com\/stephaniepetuya\/?igshid=YmMyMTA2M2Y","https:\/\/www.pinterest.fr\/maisonpetuya\/"]}]}},"jetpack_sharing_enabled":true,"_links":{"self":[{"href":"http:\/\/petuya.fr\/en\/wp-json\/wp\/v2\/product\/1437","targetHints":{"allow":["GET"]}}],"collection":[{"href":"http:\/\/petuya.fr\/en\/wp-json\/wp\/v2\/product"}],"about":[{"href":"http:\/\/petuya.fr\/en\/wp-json\/wp\/v2\/types\/product"}],"wp:featuredmedia":[{"embeddable":true,"href":"http:\/\/petuya.fr\/en\/wp-json\/wp\/v2\/media\/1599"}],"wp:attachment":[{"href":"http:\/\/petuya.fr\/en\/wp-json\/wp\/v2\/media?parent=1437"}],"wp:term":[{"taxonomy":"product_brand","embeddable":true,"href":"http:\/\/petuya.fr\/en\/wp-json\/wp\/v2\/product_brand?post=1437"},{"taxonomy":"product_cat","embeddable":true,"href":"http:\/\/petuya.fr\/en\/wp-json\/wp\/v2\/product_cat?post=1437"},{"taxonomy":"product_tag","embeddable":true,"href":"http:\/\/petuya.fr\/en\/wp-json\/wp\/v2\/product_tag?post=1437"}],"curies":[{"name":"wp","href":"https:\/\/api.w.org\/{rel}","templated":true}]}}