{"id":1534,"date":"2022-12-10T20:55:13","date_gmt":"2022-12-10T20:55:13","guid":{"rendered":"https:\/\/www.petuya.fr\/?post_type=product&#038;p=1534"},"modified":"2025-09-02T15:44:50","modified_gmt":"2025-09-02T15:44:50","slug":"la-courtepointe-le-retour-aux-sources-de-lheritage-du-geste","status":"publish","type":"product","link":"http:\/\/petuya.fr\/en\/product\/la-courtepointe-le-retour-aux-sources-de-lheritage-du-geste\/","title":{"rendered":"La courtepointe : le retour aux sources de l\u2019h\u00e9ritage du geste"},"content":{"rendered":"<p><strong>Caract\u00e9ristiques de la courtepointe :<br \/>\n<\/strong><span style=\"font-weight: 400;\"><strong>Tailles :<\/strong> 85&#215;160<br \/>\n<\/span><span style=\"font-weight: 400;\"><strong>Grammage au choix:<\/strong> 350g\/m<\/span>\u00b2 ou 50<span style=\"font-weight: 400;\">0g\/m<\/span>\u00b2<br \/>\n<span style=\"font-weight: 400;\"><strong>Couleurs des points de fixation au choix :<\/strong> <\/span><span style=\"font-weight: 400;\">Nord \u2013 Sud \u2013 Est \u2013 Ouest (en lin c\u00e2bl\u00e9) \u2013 <\/span><span style=\"font-weight: 400;\">Rouge \u2013 Rose \u2013 Orange \u2013 Safran \u2013 Orange \u2013 Bleu \u2013 Gris \u2013 Taupe \u2013 Camel (pure laine teinture v\u00e9g\u00e9tale)<br \/>\n<strong>Garnissage :<\/strong> Pure laine<br \/>\n<strong>Tissu :<\/strong> Lin naturel<br \/>\n<\/span><\/p>\n<p><span style=\"font-weight: 400;\"><strong>Pourquoi choisir cette courtepointe ?<br \/>\n<\/strong><\/span><span style=\"font-weight: 400;\">La courtepointe est une <strong>couverture<\/strong> ou <strong>\u00e9dredon<\/strong> qui habille le dessus du lit. Elle apporte un <strong>confort<\/strong> suppl\u00e9mentaire sur le bas du corps. Elle magnifiera votre canap\u00e9 et trouvera d\u2019autres utilisations en fonction de votre imagination. La <strong>ligne \u00e9pur\u00e9e et simple<\/strong> met en valeur la <strong>noblesse de la mati\u00e8re brute<\/strong>.<br \/>\n<\/span><span style=\"font-weight: 400;\">A 75 ans, nous aurons, en moyenne, dormi 25 ans.<br \/>\n<\/span><span style=\"font-weight: 400;\">C\u2019est aujourd\u2019hui scientifiquement prouv\u00e9 : une literie en laine et lin favorise un <strong>sommeil<\/strong> environ 25% <strong>plus r\u00e9g\u00e9n\u00e9rateur<\/strong> et diminue statistiquement le rythme cardiaque.<\/span><\/p>\n<p><span style=\"font-weight: 400;\">La laine, avec ses 80% d\u2019air, se met rapidement \u00e0 la temp\u00e9rature du corps accueilli. Enfin une couette qui met les couples d\u2019accord ! Offrez \u00e0 vos corps tout le confort et la juste chaleur dont chacun a besoin en \u00e9tant sous la m\u00eame couette.<br \/>\n<\/span><span style=\"font-weight: 400;\">Un <strong>confort unique<\/strong>, du fait que la laine et le lin sont naturellement les plus performants du monde pour r\u00e9guler l\u2019humidit\u00e9 : un atout des plus importants quand on sait que l\u2019on transpire entre 30 et 50cl par nuit.<br \/>\n<\/span><span style=\"font-weight: 400;\">Faites l\u2019essai lors d\u2019une ballade avec une chaussette en laine et une en coton, un t-shirt en lin et un t-shirt en coton. Votre corps reste au sec avec la laine et le lin tandis qu\u2019il sera dans son humidit\u00e9 avec du coton.<br \/>\n<\/span><span style=\"font-weight: 400;\">La courtepointe est garnie de <strong>pure laine napp\u00e9e<\/strong> (pure laine Blanche du Massif Central) et envelopp\u00e9e de <strong>tissu en lin naturel<\/strong>. Les points de fixation sont en lin c\u00e2bl\u00e9 ou en pure laine teinture v\u00e9g\u00e9tale (couleur au choix).<\/span><\/p>\n<p><span style=\"font-weight: 400;\">Le choix de la densit\u00e9 de votre courtepointe va d\u00e9pendre de l\u2019endroit o\u00f9 vous vivez (en montagne, dans une r\u00e9gion humide ou s\u00e8che, \u2026) de l\u2019isolation de votre lieu de vie, de votre fa\u00e7on de chauffer votre chambre.<br \/>\n<\/span><span style=\"font-weight: 400;\">A titre de rep\u00e8re et de fa\u00e7on commune :<\/span><\/p>\n<ul>\n<li><span style=\"font-weight: 400;\">500g\/m<\/span>\u00b2 <span style=\"font-weight: 400;\">pour les chambres peu chauff\u00e9es,<\/span><\/li>\n<li>350g\/m<span style=\"font-size: 16px; font-family: -apple-system, BlinkMacSystemFont, 'Segoe UI', Roboto, Oxygen-Sans, Ubuntu, Cantarell, 'Helvetica Neue', sans-serif;\">\u00b2 <\/span><span style=\"font-weight: 400;\">pour toute l\u2019ann\u00e9e et les chambres chauff\u00e9es en hiver.<\/span><\/li>\n<\/ul>\n<p><span style=\"font-weight: 400;\">Pensez \u00e0 a\u00e9rer r\u00e9guli\u00e8rement votre courtepointe, au grand air ou au soleil. C\u2019est comme cela que la laine se r\u00e9g\u00e9n\u00e8re, s\u2019auto-nettoie et reprend du gonflant.<br \/>\n<\/span><span style=\"font-weight: 400;\">Taille sp\u00e9ciale et\/ou autre grammage, <a href=\"https:\/\/petuya.fr\/en\/contact\/\">nous consulter<\/a><\/span><\/p>\n<p><strong>Livraison :<\/strong><br \/>\n<span style=\"font-weight: 400;\">Sous 2 mois, sous r\u00e9serve de stocks<\/span><\/p>","protected":false},"excerpt":{"rendered":"<p>Fait \u00e0 la main, dans la pure tradition, en pi\u00e8ce unique. La courtepointe est une couverture ou \u00e9dredon qui habille le dessus du lit. Elle apporte un confort suppl\u00e9mentaire sur le bas du corps. Elle magnifiera votre canap\u00e9 et trouvera d\u2019autres utilisations en fonction de votre imagination.<\/p>","protected":false},"featured_media":1547,"template":"","meta":{"site-sidebar-layout":"default","site-content-layout":"default","ast-site-content-layout":"default","site-content-style":"default","site-sidebar-style":"default","ast-global-header-display":"","ast-banner-title-visibility":"","ast-main-header-display":"","ast-hfb-above-header-display":"","ast-hfb-below-header-display":"","ast-hfb-mobile-header-display":"","site-post-title":"","ast-breadcrumbs-content":"","ast-featured-img":"","footer-sml-layout":"","ast-disable-related-posts":"","theme-transparent-header-meta":"default","adv-header-id-meta":"","stick-header-meta":"","header-above-stick-meta":"","header-main-stick-meta":"","header-below-stick-meta":"","astra-migrate-meta-layouts":"default","ast-page-background-enabled":"default","ast-page-background-meta":{"desktop":{"background-color":"var(--ast-global-color-4)","background-image":"","background-repeat":"repeat","background-position":"center center","background-size":"auto","background-attachment":"scroll","background-type":"","background-media":"","overlay-type":"","overlay-color":"","overlay-opacity":"","overlay-gradient":""},"tablet":{"background-color":"","background-image":"","background-repeat":"repeat","background-position":"center center","background-size":"auto","background-attachment":"scroll","background-type":"","background-media":"","overlay-type":"","overlay-color":"","overlay-opacity":"","overlay-gradient":""},"mobile":{"background-color":"","background-image":"","background-repeat":"repeat","background-position":"center center","background-size":"auto","background-attachment":"scroll","background-type":"","background-media":"","overlay-type":"","overlay-color":"","overlay-opacity":"","overlay-gradient":""}},"ast-content-background-meta":{"desktop":{"background-color":"var(--ast-global-color-5)","background-image":"","background-repeat":"repeat","background-position":"center center","background-size":"auto","background-attachment":"scroll","background-type":"","background-media":"","overlay-type":"","overlay-color":"","overlay-opacity":"","overlay-gradient":""},"tablet":{"background-color":"var(--ast-global-color-5)","background-image":"","background-repeat":"repeat","background-position":"center center","background-size":"auto","background-attachment":"scroll","background-type":"","background-media":"","overlay-type":"","overlay-color":"","overlay-opacity":"","overlay-gradient":""},"mobile":{"background-color":"var(--ast-global-color-5)","background-image":"","background-repeat":"repeat","background-position":"center center","background-size":"auto","background-attachment":"scroll","background-type":"","background-media":"","overlay-type":"","overlay-color":"","overlay-opacity":"","overlay-gradient":""}}},"product_brand":[],"product_cat":[27,56],"product_tag":[],"class_list":{"0":"post-1534","1":"product","2":"type-product","3":"status-publish","4":"has-post-thumbnail","6":"product_cat-collection-decoration","7":"product_cat-courtepointe","8":"product_shipping_class-colissimo-avec-signature","9":"desktop-align-left","10":"tablet-align-left","11":"mobile-align-left","13":"first","14":"instock","15":"taxable","16":"shipping-taxable","17":"purchasable","18":"product-type-variable"},"yoast_head":"<!-- This site is optimized with the Yoast SEO plugin v27.5 - https:\/\/yoast.com\/product\/yoast-seo-wordpress\/ -->\n<title>La courtepointe : le retour aux sources de l\u2019h\u00e9ritage du geste - Petuya<\/title>\n<meta name=\"description\" content=\"D\u00e9couvrez notre courtepointe, couverture ou \u00e9dredon qui habille le dessus de votre lit, en lin naturel et pure laine bio dans notre atelier en Alsace.\" \/>\n<meta name=\"robots\" content=\"index, follow, max-snippet:-1, max-image-preview:large, max-video-preview:-1\" \/>\n<link rel=\"canonical\" href=\"https:\/\/www.petuya.fr\/produit\/la-courtepointe-le-retour-aux-sources-de-lheritage-du-geste\/\" \/>\n<meta property=\"og:locale\" content=\"en_US\" \/>\n<meta property=\"og:type\" content=\"article\" \/>\n<meta property=\"og:title\" content=\"La courtepointe : le retour aux sources de l\u2019h\u00e9ritage du geste - Petuya\" \/>\n<meta property=\"og:description\" content=\"D\u00e9couvrez notre courtepointe, couverture ou \u00e9dredon qui habille le dessus de votre lit, en lin naturel et pure laine bio dans notre atelier en Alsace.\" \/>\n<meta property=\"og:url\" content=\"https:\/\/www.petuya.fr\/produit\/la-courtepointe-le-retour-aux-sources-de-lheritage-du-geste\/\" \/>\n<meta property=\"og:site_name\" content=\"Petuya - Couette et Oreillers laine et lin - Made in France\" \/>\n<meta property=\"article:publisher\" content=\"https:\/\/www.facebook.com\/StephaniePetuya.Literie\" \/>\n<meta property=\"article:modified_time\" content=\"2025-09-02T15:44:50+00:00\" \/>\n<meta property=\"og:image\" content=\"https:\/\/i0.wp.com\/www.petuya.fr\/wp-content\/uploads\/2022\/12\/Photo-AMBIANCE060-scaled.jpg?fit=2560%2C1708&ssl=1\" \/>\n\t<meta property=\"og:image:width\" content=\"2560\" \/>\n\t<meta property=\"og:image:height\" content=\"1708\" \/>\n\t<meta property=\"og:image:type\" content=\"image\/jpeg\" \/>\n<meta name=\"twitter:card\" content=\"summary_large_image\" \/>\n<meta name=\"twitter:label1\" content=\"Est. reading time\" \/>\n\t<meta name=\"twitter:data1\" content=\"3 minutes\" \/>\n<script type=\"application\/ld+json\" class=\"yoast-schema-graph\">{\"@context\":\"https:\\\/\\\/schema.org\",\"@graph\":[{\"@type\":\"WebPage\",\"@id\":\"https:\\\/\\\/www.petuya.fr\\\/produit\\\/la-courtepointe-le-retour-aux-sources-de-lheritage-du-geste\\\/\",\"url\":\"https:\\\/\\\/www.petuya.fr\\\/produit\\\/la-courtepointe-le-retour-aux-sources-de-lheritage-du-geste\\\/\",\"name\":\"La courtepointe : le retour aux sources de l\u2019h\u00e9ritage du geste - Petuya\",\"isPartOf\":{\"@id\":\"https:\\\/\\\/www.petuya.fr\\\/#website\"},\"primaryImageOfPage\":{\"@id\":\"https:\\\/\\\/www.petuya.fr\\\/produit\\\/la-courtepointe-le-retour-aux-sources-de-lheritage-du-geste\\\/#primaryimage\"},\"image\":{\"@id\":\"https:\\\/\\\/www.petuya.fr\\\/produit\\\/la-courtepointe-le-retour-aux-sources-de-lheritage-du-geste\\\/#primaryimage\"},\"thumbnailUrl\":\"https:\\\/\\\/i0.wp.com\\\/petuya.fr\\\/wp-content\\\/uploads\\\/2022\\\/12\\\/Photo-AMBIANCE060-scaled.jpg?fit=2560%2C1708&ssl=1\",\"datePublished\":\"2022-12-10T20:55:13+00:00\",\"dateModified\":\"2025-09-02T15:44:50+00:00\",\"description\":\"D\u00e9couvrez notre courtepointe, couverture ou \u00e9dredon qui habille le dessus de votre lit, en lin naturel et pure laine bio dans notre atelier en Alsace.\",\"breadcrumb\":{\"@id\":\"https:\\\/\\\/www.petuya.fr\\\/produit\\\/la-courtepointe-le-retour-aux-sources-de-lheritage-du-geste\\\/#breadcrumb\"},\"inLanguage\":\"en-US\",\"potentialAction\":[{\"@type\":\"ReadAction\",\"target\":[\"https:\\\/\\\/www.petuya.fr\\\/produit\\\/la-courtepointe-le-retour-aux-sources-de-lheritage-du-geste\\\/\"]}]},{\"@type\":\"ImageObject\",\"inLanguage\":\"en-US\",\"@id\":\"https:\\\/\\\/www.petuya.fr\\\/produit\\\/la-courtepointe-le-retour-aux-sources-de-lheritage-du-geste\\\/#primaryimage\",\"url\":\"https:\\\/\\\/i0.wp.com\\\/petuya.fr\\\/wp-content\\\/uploads\\\/2022\\\/12\\\/Photo-AMBIANCE060-scaled.jpg?fit=2560%2C1708&ssl=1\",\"contentUrl\":\"https:\\\/\\\/i0.wp.com\\\/petuya.fr\\\/wp-content\\\/uploads\\\/2022\\\/12\\\/Photo-AMBIANCE060-scaled.jpg?fit=2560%2C1708&ssl=1\",\"width\":2560,\"height\":1708,\"caption\":\"Courtepointe\"},{\"@type\":\"BreadcrumbList\",\"@id\":\"https:\\\/\\\/www.petuya.fr\\\/produit\\\/la-courtepointe-le-retour-aux-sources-de-lheritage-du-geste\\\/#breadcrumb\",\"itemListElement\":[{\"@type\":\"ListItem\",\"position\":1,\"name\":\"Accueil\",\"item\":\"https:\\\/\\\/www.petuya.fr\\\/\"},{\"@type\":\"ListItem\",\"position\":2,\"name\":\"Produits\",\"item\":\"https:\\\/\\\/www.petuya.fr\\\/shop\\\/\"},{\"@type\":\"ListItem\",\"position\":3,\"name\":\"La courtepointe : le retour aux sources de l\u2019h\u00e9ritage du geste\"}]},{\"@type\":\"WebSite\",\"@id\":\"https:\\\/\\\/www.petuya.fr\\\/#website\",\"url\":\"https:\\\/\\\/www.petuya.fr\\\/\",\"name\":\"P\u00e9tuya\",\"description\":\"\",\"publisher\":{\"@id\":\"https:\\\/\\\/www.petuya.fr\\\/#organization\"},\"potentialAction\":[{\"@type\":\"SearchAction\",\"target\":{\"@type\":\"EntryPoint\",\"urlTemplate\":\"https:\\\/\\\/www.petuya.fr\\\/?s={search_term_string}\"},\"query-input\":{\"@type\":\"PropertyValueSpecification\",\"valueRequired\":true,\"valueName\":\"search_term_string\"}}],\"inLanguage\":\"en-US\"},{\"@type\":\"Organization\",\"@id\":\"https:\\\/\\\/www.petuya.fr\\\/#organization\",\"name\":\"P\u00e9tuya\",\"url\":\"https:\\\/\\\/www.petuya.fr\\\/\",\"logo\":{\"@type\":\"ImageObject\",\"inLanguage\":\"en-US\",\"@id\":\"https:\\\/\\\/www.petuya.fr\\\/#\\\/schema\\\/logo\\\/image\\\/\",\"url\":\"https:\\\/\\\/i0.wp.com\\\/petuya.fr\\\/wp-content\\\/uploads\\\/2022\\\/12\\\/PETUYA-2211-GRIS-FONCE-03.png?fit=1773%2C804&ssl=1\",\"contentUrl\":\"https:\\\/\\\/i0.wp.com\\\/petuya.fr\\\/wp-content\\\/uploads\\\/2022\\\/12\\\/PETUYA-2211-GRIS-FONCE-03.png?fit=1773%2C804&ssl=1\",\"width\":1773,\"height\":804,\"caption\":\"P\u00e9tuya\"},\"image\":{\"@id\":\"https:\\\/\\\/www.petuya.fr\\\/#\\\/schema\\\/logo\\\/image\\\/\"},\"sameAs\":[\"https:\\\/\\\/www.facebook.com\\\/StephaniePetuya.Literie\",\"https:\\\/\\\/www.instagram.com\\\/stephaniepetuya\\\/?igshid=YmMyMTA2M2Y\",\"https:\\\/\\\/www.pinterest.fr\\\/maisonpetuya\\\/\"]}]}<\/script>\n<!-- \/ Yoast SEO plugin. -->","yoast_head_json":{"title":"La courtepointe : le retour aux sources de l\u2019h\u00e9ritage du geste - Petuya","description":"D\u00e9couvrez notre courtepointe, couverture ou \u00e9dredon qui habille le dessus de votre lit, en lin naturel et pure laine bio dans notre atelier en Alsace.","robots":{"index":"index","follow":"follow","max-snippet":"max-snippet:-1","max-image-preview":"max-image-preview:large","max-video-preview":"max-video-preview:-1"},"canonical":"https:\/\/www.petuya.fr\/produit\/la-courtepointe-le-retour-aux-sources-de-lheritage-du-geste\/","og_locale":"en_US","og_type":"article","og_title":"La courtepointe : le retour aux sources de l\u2019h\u00e9ritage du geste - Petuya","og_description":"D\u00e9couvrez notre courtepointe, couverture ou \u00e9dredon qui habille le dessus de votre lit, en lin naturel et pure laine bio dans notre atelier en Alsace.","og_url":"https:\/\/www.petuya.fr\/produit\/la-courtepointe-le-retour-aux-sources-de-lheritage-du-geste\/","og_site_name":"Petuya - Couette et Oreillers laine et lin - Made in France","article_publisher":"https:\/\/www.facebook.com\/StephaniePetuya.Literie","article_modified_time":"2025-09-02T15:44:50+00:00","og_image":[{"width":2560,"height":1708,"url":"https:\/\/i0.wp.com\/www.petuya.fr\/wp-content\/uploads\/2022\/12\/Photo-AMBIANCE060-scaled.jpg?fit=2560%2C1708&ssl=1","type":"image\/jpeg"}],"twitter_card":"summary_large_image","twitter_misc":{"Est. reading time":"3 minutes"},"schema":{"@context":"https:\/\/schema.org","@graph":[{"@type":"WebPage","@id":"https:\/\/www.petuya.fr\/produit\/la-courtepointe-le-retour-aux-sources-de-lheritage-du-geste\/","url":"https:\/\/www.petuya.fr\/produit\/la-courtepointe-le-retour-aux-sources-de-lheritage-du-geste\/","name":"La courtepointe : le retour aux sources de l\u2019h\u00e9ritage du geste - Petuya","isPartOf":{"@id":"https:\/\/www.petuya.fr\/#website"},"primaryImageOfPage":{"@id":"https:\/\/www.petuya.fr\/produit\/la-courtepointe-le-retour-aux-sources-de-lheritage-du-geste\/#primaryimage"},"image":{"@id":"https:\/\/www.petuya.fr\/produit\/la-courtepointe-le-retour-aux-sources-de-lheritage-du-geste\/#primaryimage"},"thumbnailUrl":"https:\/\/i0.wp.com\/petuya.fr\/wp-content\/uploads\/2022\/12\/Photo-AMBIANCE060-scaled.jpg?fit=2560%2C1708&ssl=1","datePublished":"2022-12-10T20:55:13+00:00","dateModified":"2025-09-02T15:44:50+00:00","description":"D\u00e9couvrez notre courtepointe, couverture ou \u00e9dredon qui habille le dessus de votre lit, en lin naturel et pure laine bio dans notre atelier en Alsace.","breadcrumb":{"@id":"https:\/\/www.petuya.fr\/produit\/la-courtepointe-le-retour-aux-sources-de-lheritage-du-geste\/#breadcrumb"},"inLanguage":"en-US","potentialAction":[{"@type":"ReadAction","target":["https:\/\/www.petuya.fr\/produit\/la-courtepointe-le-retour-aux-sources-de-lheritage-du-geste\/"]}]},{"@type":"ImageObject","inLanguage":"en-US","@id":"https:\/\/www.petuya.fr\/produit\/la-courtepointe-le-retour-aux-sources-de-lheritage-du-geste\/#primaryimage","url":"https:\/\/i0.wp.com\/petuya.fr\/wp-content\/uploads\/2022\/12\/Photo-AMBIANCE060-scaled.jpg?fit=2560%2C1708&ssl=1","contentUrl":"https:\/\/i0.wp.com\/petuya.fr\/wp-content\/uploads\/2022\/12\/Photo-AMBIANCE060-scaled.jpg?fit=2560%2C1708&ssl=1","width":2560,"height":1708,"caption":"Courtepointe"},{"@type":"BreadcrumbList","@id":"https:\/\/www.petuya.fr\/produit\/la-courtepointe-le-retour-aux-sources-de-lheritage-du-geste\/#breadcrumb","itemListElement":[{"@type":"ListItem","position":1,"name":"Accueil","item":"https:\/\/www.petuya.fr\/"},{"@type":"ListItem","position":2,"name":"Produits","item":"https:\/\/www.petuya.fr\/shop\/"},{"@type":"ListItem","position":3,"name":"La courtepointe : le retour aux sources de l\u2019h\u00e9ritage du geste"}]},{"@type":"WebSite","@id":"https:\/\/www.petuya.fr\/#website","url":"https:\/\/www.petuya.fr\/","name":"P\u00e9tuya","description":"","publisher":{"@id":"https:\/\/www.petuya.fr\/#organization"},"potentialAction":[{"@type":"SearchAction","target":{"@type":"EntryPoint","urlTemplate":"https:\/\/www.petuya.fr\/?s={search_term_string}"},"query-input":{"@type":"PropertyValueSpecification","valueRequired":true,"valueName":"search_term_string"}}],"inLanguage":"en-US"},{"@type":"Organization","@id":"https:\/\/www.petuya.fr\/#organization","name":"P\u00e9tuya","url":"https:\/\/www.petuya.fr\/","logo":{"@type":"ImageObject","inLanguage":"en-US","@id":"https:\/\/www.petuya.fr\/#\/schema\/logo\/image\/","url":"https:\/\/i0.wp.com\/petuya.fr\/wp-content\/uploads\/2022\/12\/PETUYA-2211-GRIS-FONCE-03.png?fit=1773%2C804&ssl=1","contentUrl":"https:\/\/i0.wp.com\/petuya.fr\/wp-content\/uploads\/2022\/12\/PETUYA-2211-GRIS-FONCE-03.png?fit=1773%2C804&ssl=1","width":1773,"height":804,"caption":"P\u00e9tuya"},"image":{"@id":"https:\/\/www.petuya.fr\/#\/schema\/logo\/image\/"},"sameAs":["https:\/\/www.facebook.com\/StephaniePetuya.Literie","https:\/\/www.instagram.com\/stephaniepetuya\/?igshid=YmMyMTA2M2Y","https:\/\/www.pinterest.fr\/maisonpetuya\/"]}]}},"jetpack_sharing_enabled":true,"_links":{"self":[{"href":"http:\/\/petuya.fr\/en\/wp-json\/wp\/v2\/product\/1534","targetHints":{"allow":["GET"]}}],"collection":[{"href":"http:\/\/petuya.fr\/en\/wp-json\/wp\/v2\/product"}],"about":[{"href":"http:\/\/petuya.fr\/en\/wp-json\/wp\/v2\/types\/product"}],"wp:featuredmedia":[{"embeddable":true,"href":"http:\/\/petuya.fr\/en\/wp-json\/wp\/v2\/media\/1547"}],"wp:attachment":[{"href":"http:\/\/petuya.fr\/en\/wp-json\/wp\/v2\/media?parent=1534"}],"wp:term":[{"taxonomy":"product_brand","embeddable":true,"href":"http:\/\/petuya.fr\/en\/wp-json\/wp\/v2\/product_brand?post=1534"},{"taxonomy":"product_cat","embeddable":true,"href":"http:\/\/petuya.fr\/en\/wp-json\/wp\/v2\/product_cat?post=1534"},{"taxonomy":"product_tag","embeddable":true,"href":"http:\/\/petuya.fr\/en\/wp-json\/wp\/v2\/product_tag?post=1534"}],"curies":[{"name":"wp","href":"https:\/\/api.w.org\/{rel}","templated":true}]}}