{"id":1622,"date":"2022-12-12T08:01:15","date_gmt":"2022-12-12T08:01:15","guid":{"rendered":"https:\/\/www.petuya.fr\/?post_type=product&#038;p=1622"},"modified":"2025-04-06T17:47:41","modified_gmt":"2025-04-06T17:47:41","slug":"le-coussin-deco-dehoussable-la-nature-sinvite-dans-votre-interieur","status":"publish","type":"product","link":"http:\/\/petuya.fr\/en\/product\/le-coussin-deco-dehoussable-la-nature-sinvite-dans-votre-interieur\/","title":{"rendered":"Le coussin d\u00e9co d\u00e9houssable : la nature s&rsquo;invite dans votre int\u00e9rieur"},"content":{"rendered":"<p><strong>Caract\u00e9ristiques du coussin d\u00e9co :<br \/>\n<strong>Tailles :<\/strong> 30&#215;50 &#8211; 40&#215;60<br \/>\n<\/strong><strong>Garnissage :<\/strong> Pure laine<br \/>\n<strong>Enveloppe :<\/strong> Lin naturel &#8211; Feutre de laine<\/p>\n<p><span style=\"font-weight: 400;\">Le coussin est l\u2019\u00e9l\u00e9ment de d\u00e9coration tendance. La ligne \u00e9pur\u00e9e et simple met en valeur la noblesse de la mati\u00e8re brute et chaleureuse. Dans le salon ou la chambre, il s\u2019harmonise facilement avec tout type d\u2019int\u00e9rieur gr\u00e2ce \u00e0 sa sobri\u00e9t\u00e9 et ses couleurs basiques.<\/span><\/p>\n<p><span style=\"font-weight: 400;\">La taille 30x50cm est id\u00e9ale pour caler votre nuque, votre dos ou sous vos pieds.<br \/>\n<\/span><span style=\"font-weight: 400;\">Nous avons garni ce coussin de laine napp\u00e9e (pure laine Blanche du Massif Central) qui accueille en son centre de la laine napp\u00e9e card\u00e9e par nos soins (pure laine Blanche du Massif Central) pour donner du gonflant et une densit\u00e9 tr\u00e8s ferme.<\/span><\/p>\n<p><span style=\"font-weight: 400;\">L\u2019enveloppe est en lin naturel fran\u00e7ais \u00e9quip\u00e9e d\u2019une fermeture \u00e0 glissi\u00e8re qui vous permet :<\/span><\/p>\n<ul>\n<li><span style=\"font-weight: 400;\">d\u2019ajuster la quantit\u00e9 de laine pour une fermet\u00e9 id\u00e9ale<\/span><\/li>\n<li><span style=\"font-weight: 400;\">de vider l\u2019oreiller pour a\u00e9rer la laine et\/ou la laver<\/span><\/li>\n<li><span style=\"font-weight: 400;\">de laver l\u2019enveloppe ind\u00e9pendamment du garnissage en laine<\/span><\/li>\n<\/ul>\n<p><span style=\"font-weight: 400;\">L\u2019enveloppe bi-face est d\u2019un c\u00f4t\u00e9 en lin naturel fran\u00e7ais et de l\u2019autre en feutre de laine r\u00e9alis\u00e9 par nos soins.<br \/>\n<\/span><span style=\"font-weight: 400;\">Le feutre de laine est un des plus anciens textiles du monde. La laine est lav\u00e9e, s\u00e9ch\u00e9e, card\u00e9e, peign\u00e9e, aiguillet\u00e9e. Sous l\u2019effet de l\u2019eau chaude, du savon et du frottement, les fibres de laine s\u2019entrem\u00ealent et la mati\u00e8re se densifie jusqu\u2019\u00e0 devenir un tissu (non tiss\u00e9).<\/span><\/p>\n<p><span style=\"font-weight: 400;\">Pensez \u00e0 a\u00e9rer r\u00e9guli\u00e8rement votre coussin, \u00e0 l\u2019air libre ou au soleil. C\u2019est comme cela que la laine se r\u00e9g\u00e9n\u00e8re, s\u2019auto-nettoie et reprend du gonflant.<br \/>\n<\/span><span style=\"font-weight: 400;\">Si besoin, la laine se lave \u00e0 froid, pr\u00e9f\u00e9rez un faible essorage (400 tours\/min max) et un s\u00e9chage \u00e0 l\u2019air ou au soleil.<\/span><\/p>\n<p><strong>Livraison :<\/strong><br \/>\n<span style=\"font-weight: 400;\">Sous 1 semaine, sous r\u00e9serve de stocks<\/span><\/p>","protected":false},"excerpt":{"rendered":"<p>Fait \u00e0 la main, dans la pure tradition, en s\u00e9rie limit\u00e9e. Le coussin est l\u2019\u00e9l\u00e9ment de d\u00e9coration tendance. La ligne \u00e9pur\u00e9e et simple met en valeur la noblesse de la mati\u00e8re brute et chaleureuse. Dans le salon ou la chambre, il s\u2019harmonise facilement avec tout type d\u2019int\u00e9rieur gr\u00e2ce \u00e0 sa sobri\u00e9t\u00e9 et ses couleurs basiques.<\/p>","protected":false},"featured_media":1627,"template":"","meta":{"site-sidebar-layout":"default","site-content-layout":"default","ast-site-content-layout":"default","site-content-style":"default","site-sidebar-style":"default","ast-global-header-display":"","ast-banner-title-visibility":"","ast-main-header-display":"","ast-hfb-above-header-display":"","ast-hfb-below-header-display":"","ast-hfb-mobile-header-display":"","site-post-title":"","ast-breadcrumbs-content":"","ast-featured-img":"","footer-sml-layout":"","ast-disable-related-posts":"","theme-transparent-header-meta":"default","adv-header-id-meta":"","stick-header-meta":"","header-above-stick-meta":"","header-main-stick-meta":"","header-below-stick-meta":"","astra-migrate-meta-layouts":"default","ast-page-background-enabled":"default","ast-page-background-meta":{"desktop":{"background-color":"var(--ast-global-color-4)","background-image":"","background-repeat":"repeat","background-position":"center center","background-size":"auto","background-attachment":"scroll","background-type":"","background-media":"","overlay-type":"","overlay-color":"","overlay-opacity":"","overlay-gradient":""},"tablet":{"background-color":"","background-image":"","background-repeat":"repeat","background-position":"center center","background-size":"auto","background-attachment":"scroll","background-type":"","background-media":"","overlay-type":"","overlay-color":"","overlay-opacity":"","overlay-gradient":""},"mobile":{"background-color":"","background-image":"","background-repeat":"repeat","background-position":"center center","background-size":"auto","background-attachment":"scroll","background-type":"","background-media":"","overlay-type":"","overlay-color":"","overlay-opacity":"","overlay-gradient":""}},"ast-content-background-meta":{"desktop":{"background-color":"var(--ast-global-color-5)","background-image":"","background-repeat":"repeat","background-position":"center center","background-size":"auto","background-attachment":"scroll","background-type":"","background-media":"","overlay-type":"","overlay-color":"","overlay-opacity":"","overlay-gradient":""},"tablet":{"background-color":"var(--ast-global-color-5)","background-image":"","background-repeat":"repeat","background-position":"center center","background-size":"auto","background-attachment":"scroll","background-type":"","background-media":"","overlay-type":"","overlay-color":"","overlay-opacity":"","overlay-gradient":""},"mobile":{"background-color":"var(--ast-global-color-5)","background-image":"","background-repeat":"repeat","background-position":"center center","background-size":"auto","background-attachment":"scroll","background-type":"","background-media":"","overlay-type":"","overlay-color":"","overlay-opacity":"","overlay-gradient":""}}},"product_brand":[],"product_cat":[27,32],"product_tag":[],"class_list":{"0":"post-1622","1":"product","2":"type-product","3":"status-publish","4":"has-post-thumbnail","6":"product_cat-collection-decoration","7":"product_cat-coussin","8":"product_shipping_class-colissimo-avec-signature","9":"desktop-align-left","10":"tablet-align-left","11":"mobile-align-left","13":"first","14":"instock","15":"taxable","16":"shipping-taxable","17":"purchasable","18":"product-type-variable"},"yoast_head":"<!-- This site is optimized with the Yoast SEO plugin v27.5 - https:\/\/yoast.com\/product\/yoast-seo-wordpress\/ -->\n<title>Le coussin d\u00e9co d\u00e9houssable : la nature s&#039;invite dans votre int\u00e9rieur - P\u00e9tuya<\/title>\n<meta name=\"description\" content=\"Pour que la nature s&#039;invite dans votre int\u00e9rieur, d\u00e9couvrez notre coussin d\u00e9co d\u00e9houssable soit tout en lin soit en lin et feutre de laine.\" \/>\n<meta name=\"robots\" content=\"index, follow, max-snippet:-1, max-image-preview:large, max-video-preview:-1\" \/>\n<link rel=\"canonical\" href=\"http:\/\/www.petuya.fr\/produit\/le-coussin-deco-dehoussable-la-nature-sinvite-dans-votre-interieur\/\" \/>\n<meta property=\"og:locale\" content=\"en_US\" \/>\n<meta property=\"og:type\" content=\"article\" \/>\n<meta property=\"og:title\" content=\"Le coussin d\u00e9co d\u00e9houssable : la nature s&#039;invite dans votre int\u00e9rieur - P\u00e9tuya\" \/>\n<meta property=\"og:description\" content=\"Pour que la nature s&#039;invite dans votre int\u00e9rieur, d\u00e9couvrez notre coussin d\u00e9co d\u00e9houssable soit tout en lin soit en lin et feutre de laine.\" \/>\n<meta property=\"og:url\" content=\"http:\/\/www.petuya.fr\/produit\/le-coussin-deco-dehoussable-la-nature-sinvite-dans-votre-interieur\/\" \/>\n<meta property=\"og:site_name\" content=\"Petuya - Couette et Oreillers laine et lin - Made in France\" \/>\n<meta property=\"article:publisher\" content=\"https:\/\/www.facebook.com\/StephaniePetuya.Literie\" \/>\n<meta property=\"article:modified_time\" content=\"2025-04-06T17:47:41+00:00\" \/>\n<meta property=\"og:image\" content=\"https:\/\/i0.wp.com\/www.petuya.fr\/wp-content\/uploads\/2022\/12\/Photo_85-scaled.jpg?fit=2560%2C1707\" \/>\n\t<meta property=\"og:image:width\" content=\"2560\" \/>\n\t<meta property=\"og:image:height\" content=\"1707\" \/>\n\t<meta property=\"og:image:type\" content=\"image\/jpeg\" \/>\n<meta name=\"twitter:card\" content=\"summary_large_image\" \/>\n<meta name=\"twitter:label1\" content=\"Est. reading time\" \/>\n\t<meta name=\"twitter:data1\" content=\"2 minutes\" \/>\n<script type=\"application\/ld+json\" class=\"yoast-schema-graph\">{\"@context\":\"https:\\\/\\\/schema.org\",\"@graph\":[{\"@type\":\"WebPage\",\"@id\":\"http:\\\/\\\/www.petuya.fr\\\/produit\\\/le-coussin-deco-dehoussable-la-nature-sinvite-dans-votre-interieur\\\/\",\"url\":\"http:\\\/\\\/www.petuya.fr\\\/produit\\\/le-coussin-deco-dehoussable-la-nature-sinvite-dans-votre-interieur\\\/\",\"name\":\"Le coussin d\u00e9co d\u00e9houssable : la nature s'invite dans votre int\u00e9rieur - P\u00e9tuya\",\"isPartOf\":{\"@id\":\"https:\\\/\\\/www.petuya.fr\\\/#website\"},\"primaryImageOfPage\":{\"@id\":\"http:\\\/\\\/www.petuya.fr\\\/produit\\\/le-coussin-deco-dehoussable-la-nature-sinvite-dans-votre-interieur\\\/#primaryimage\"},\"image\":{\"@id\":\"http:\\\/\\\/www.petuya.fr\\\/produit\\\/le-coussin-deco-dehoussable-la-nature-sinvite-dans-votre-interieur\\\/#primaryimage\"},\"thumbnailUrl\":\"https:\\\/\\\/i0.wp.com\\\/petuya.fr\\\/wp-content\\\/uploads\\\/2022\\\/12\\\/Photo_85-scaled.jpg?fit=2560%2C1707&ssl=1\",\"datePublished\":\"2022-12-12T08:01:15+00:00\",\"dateModified\":\"2025-04-06T17:47:41+00:00\",\"description\":\"Pour que la nature s'invite dans votre int\u00e9rieur, d\u00e9couvrez notre coussin d\u00e9co d\u00e9houssable soit tout en lin soit en lin et feutre de laine.\",\"breadcrumb\":{\"@id\":\"http:\\\/\\\/www.petuya.fr\\\/produit\\\/le-coussin-deco-dehoussable-la-nature-sinvite-dans-votre-interieur\\\/#breadcrumb\"},\"inLanguage\":\"en-US\",\"potentialAction\":[{\"@type\":\"ReadAction\",\"target\":[\"http:\\\/\\\/www.petuya.fr\\\/produit\\\/le-coussin-deco-dehoussable-la-nature-sinvite-dans-votre-interieur\\\/\"]}]},{\"@type\":\"ImageObject\",\"inLanguage\":\"en-US\",\"@id\":\"http:\\\/\\\/www.petuya.fr\\\/produit\\\/le-coussin-deco-dehoussable-la-nature-sinvite-dans-votre-interieur\\\/#primaryimage\",\"url\":\"https:\\\/\\\/i0.wp.com\\\/petuya.fr\\\/wp-content\\\/uploads\\\/2022\\\/12\\\/Photo_85-scaled.jpg?fit=2560%2C1707&ssl=1\",\"contentUrl\":\"https:\\\/\\\/i0.wp.com\\\/petuya.fr\\\/wp-content\\\/uploads\\\/2022\\\/12\\\/Photo_85-scaled.jpg?fit=2560%2C1707&ssl=1\",\"width\":2560,\"height\":1707,\"caption\":\"coussin lin\"},{\"@type\":\"BreadcrumbList\",\"@id\":\"http:\\\/\\\/www.petuya.fr\\\/produit\\\/le-coussin-deco-dehoussable-la-nature-sinvite-dans-votre-interieur\\\/#breadcrumb\",\"itemListElement\":[{\"@type\":\"ListItem\",\"position\":1,\"name\":\"Accueil\",\"item\":\"https:\\\/\\\/www.petuya.fr\\\/\"},{\"@type\":\"ListItem\",\"position\":2,\"name\":\"Produits\",\"item\":\"https:\\\/\\\/www.petuya.fr\\\/shop\\\/\"},{\"@type\":\"ListItem\",\"position\":3,\"name\":\"Le coussin d\u00e9co d\u00e9houssable : la nature s&rsquo;invite dans votre int\u00e9rieur\"}]},{\"@type\":\"WebSite\",\"@id\":\"https:\\\/\\\/www.petuya.fr\\\/#website\",\"url\":\"https:\\\/\\\/www.petuya.fr\\\/\",\"name\":\"P\u00e9tuya\",\"description\":\"\",\"publisher\":{\"@id\":\"https:\\\/\\\/www.petuya.fr\\\/#organization\"},\"potentialAction\":[{\"@type\":\"SearchAction\",\"target\":{\"@type\":\"EntryPoint\",\"urlTemplate\":\"https:\\\/\\\/www.petuya.fr\\\/?s={search_term_string}\"},\"query-input\":{\"@type\":\"PropertyValueSpecification\",\"valueRequired\":true,\"valueName\":\"search_term_string\"}}],\"inLanguage\":\"en-US\"},{\"@type\":\"Organization\",\"@id\":\"https:\\\/\\\/www.petuya.fr\\\/#organization\",\"name\":\"P\u00e9tuya\",\"url\":\"https:\\\/\\\/www.petuya.fr\\\/\",\"logo\":{\"@type\":\"ImageObject\",\"inLanguage\":\"en-US\",\"@id\":\"https:\\\/\\\/www.petuya.fr\\\/#\\\/schema\\\/logo\\\/image\\\/\",\"url\":\"https:\\\/\\\/i0.wp.com\\\/petuya.fr\\\/wp-content\\\/uploads\\\/2022\\\/12\\\/PETUYA-2211-GRIS-FONCE-03.png?fit=1773%2C804&ssl=1\",\"contentUrl\":\"https:\\\/\\\/i0.wp.com\\\/petuya.fr\\\/wp-content\\\/uploads\\\/2022\\\/12\\\/PETUYA-2211-GRIS-FONCE-03.png?fit=1773%2C804&ssl=1\",\"width\":1773,\"height\":804,\"caption\":\"P\u00e9tuya\"},\"image\":{\"@id\":\"https:\\\/\\\/www.petuya.fr\\\/#\\\/schema\\\/logo\\\/image\\\/\"},\"sameAs\":[\"https:\\\/\\\/www.facebook.com\\\/StephaniePetuya.Literie\",\"https:\\\/\\\/www.instagram.com\\\/stephaniepetuya\\\/?igshid=YmMyMTA2M2Y\",\"https:\\\/\\\/www.pinterest.fr\\\/maisonpetuya\\\/\"]}]}<\/script>\n<!-- \/ Yoast SEO plugin. -->","yoast_head_json":{"title":"Le coussin d\u00e9co d\u00e9houssable : la nature s'invite dans votre int\u00e9rieur - P\u00e9tuya","description":"Pour que la nature s'invite dans votre int\u00e9rieur, d\u00e9couvrez notre coussin d\u00e9co d\u00e9houssable soit tout en lin soit en lin et feutre de laine.","robots":{"index":"index","follow":"follow","max-snippet":"max-snippet:-1","max-image-preview":"max-image-preview:large","max-video-preview":"max-video-preview:-1"},"canonical":"http:\/\/www.petuya.fr\/produit\/le-coussin-deco-dehoussable-la-nature-sinvite-dans-votre-interieur\/","og_locale":"en_US","og_type":"article","og_title":"Le coussin d\u00e9co d\u00e9houssable : la nature s'invite dans votre int\u00e9rieur - P\u00e9tuya","og_description":"Pour que la nature s'invite dans votre int\u00e9rieur, d\u00e9couvrez notre coussin d\u00e9co d\u00e9houssable soit tout en lin soit en lin et feutre de laine.","og_url":"http:\/\/www.petuya.fr\/produit\/le-coussin-deco-dehoussable-la-nature-sinvite-dans-votre-interieur\/","og_site_name":"Petuya - Couette et Oreillers laine et lin - Made in France","article_publisher":"https:\/\/www.facebook.com\/StephaniePetuya.Literie","article_modified_time":"2025-04-06T17:47:41+00:00","og_image":[{"width":2560,"height":1707,"url":"https:\/\/i0.wp.com\/www.petuya.fr\/wp-content\/uploads\/2022\/12\/Photo_85-scaled.jpg?fit=2560%2C1707","type":"image\/jpeg"}],"twitter_card":"summary_large_image","twitter_misc":{"Est. reading time":"2 minutes"},"schema":{"@context":"https:\/\/schema.org","@graph":[{"@type":"WebPage","@id":"http:\/\/www.petuya.fr\/produit\/le-coussin-deco-dehoussable-la-nature-sinvite-dans-votre-interieur\/","url":"http:\/\/www.petuya.fr\/produit\/le-coussin-deco-dehoussable-la-nature-sinvite-dans-votre-interieur\/","name":"Le coussin d\u00e9co d\u00e9houssable : la nature s'invite dans votre int\u00e9rieur - P\u00e9tuya","isPartOf":{"@id":"https:\/\/www.petuya.fr\/#website"},"primaryImageOfPage":{"@id":"http:\/\/www.petuya.fr\/produit\/le-coussin-deco-dehoussable-la-nature-sinvite-dans-votre-interieur\/#primaryimage"},"image":{"@id":"http:\/\/www.petuya.fr\/produit\/le-coussin-deco-dehoussable-la-nature-sinvite-dans-votre-interieur\/#primaryimage"},"thumbnailUrl":"https:\/\/i0.wp.com\/petuya.fr\/wp-content\/uploads\/2022\/12\/Photo_85-scaled.jpg?fit=2560%2C1707&ssl=1","datePublished":"2022-12-12T08:01:15+00:00","dateModified":"2025-04-06T17:47:41+00:00","description":"Pour que la nature s'invite dans votre int\u00e9rieur, d\u00e9couvrez notre coussin d\u00e9co d\u00e9houssable soit tout en lin soit en lin et feutre de laine.","breadcrumb":{"@id":"http:\/\/www.petuya.fr\/produit\/le-coussin-deco-dehoussable-la-nature-sinvite-dans-votre-interieur\/#breadcrumb"},"inLanguage":"en-US","potentialAction":[{"@type":"ReadAction","target":["http:\/\/www.petuya.fr\/produit\/le-coussin-deco-dehoussable-la-nature-sinvite-dans-votre-interieur\/"]}]},{"@type":"ImageObject","inLanguage":"en-US","@id":"http:\/\/www.petuya.fr\/produit\/le-coussin-deco-dehoussable-la-nature-sinvite-dans-votre-interieur\/#primaryimage","url":"https:\/\/i0.wp.com\/petuya.fr\/wp-content\/uploads\/2022\/12\/Photo_85-scaled.jpg?fit=2560%2C1707&ssl=1","contentUrl":"https:\/\/i0.wp.com\/petuya.fr\/wp-content\/uploads\/2022\/12\/Photo_85-scaled.jpg?fit=2560%2C1707&ssl=1","width":2560,"height":1707,"caption":"coussin lin"},{"@type":"BreadcrumbList","@id":"http:\/\/www.petuya.fr\/produit\/le-coussin-deco-dehoussable-la-nature-sinvite-dans-votre-interieur\/#breadcrumb","itemListElement":[{"@type":"ListItem","position":1,"name":"Accueil","item":"https:\/\/www.petuya.fr\/"},{"@type":"ListItem","position":2,"name":"Produits","item":"https:\/\/www.petuya.fr\/shop\/"},{"@type":"ListItem","position":3,"name":"Le coussin d\u00e9co d\u00e9houssable : la nature s&rsquo;invite dans votre int\u00e9rieur"}]},{"@type":"WebSite","@id":"https:\/\/www.petuya.fr\/#website","url":"https:\/\/www.petuya.fr\/","name":"P\u00e9tuya","description":"","publisher":{"@id":"https:\/\/www.petuya.fr\/#organization"},"potentialAction":[{"@type":"SearchAction","target":{"@type":"EntryPoint","urlTemplate":"https:\/\/www.petuya.fr\/?s={search_term_string}"},"query-input":{"@type":"PropertyValueSpecification","valueRequired":true,"valueName":"search_term_string"}}],"inLanguage":"en-US"},{"@type":"Organization","@id":"https:\/\/www.petuya.fr\/#organization","name":"P\u00e9tuya","url":"https:\/\/www.petuya.fr\/","logo":{"@type":"ImageObject","inLanguage":"en-US","@id":"https:\/\/www.petuya.fr\/#\/schema\/logo\/image\/","url":"https:\/\/i0.wp.com\/petuya.fr\/wp-content\/uploads\/2022\/12\/PETUYA-2211-GRIS-FONCE-03.png?fit=1773%2C804&ssl=1","contentUrl":"https:\/\/i0.wp.com\/petuya.fr\/wp-content\/uploads\/2022\/12\/PETUYA-2211-GRIS-FONCE-03.png?fit=1773%2C804&ssl=1","width":1773,"height":804,"caption":"P\u00e9tuya"},"image":{"@id":"https:\/\/www.petuya.fr\/#\/schema\/logo\/image\/"},"sameAs":["https:\/\/www.facebook.com\/StephaniePetuya.Literie","https:\/\/www.instagram.com\/stephaniepetuya\/?igshid=YmMyMTA2M2Y","https:\/\/www.pinterest.fr\/maisonpetuya\/"]}]}},"jetpack_sharing_enabled":true,"_links":{"self":[{"href":"http:\/\/petuya.fr\/en\/wp-json\/wp\/v2\/product\/1622","targetHints":{"allow":["GET"]}}],"collection":[{"href":"http:\/\/petuya.fr\/en\/wp-json\/wp\/v2\/product"}],"about":[{"href":"http:\/\/petuya.fr\/en\/wp-json\/wp\/v2\/types\/product"}],"wp:featuredmedia":[{"embeddable":true,"href":"http:\/\/petuya.fr\/en\/wp-json\/wp\/v2\/media\/1627"}],"wp:attachment":[{"href":"http:\/\/petuya.fr\/en\/wp-json\/wp\/v2\/media?parent=1622"}],"wp:term":[{"taxonomy":"product_brand","embeddable":true,"href":"http:\/\/petuya.fr\/en\/wp-json\/wp\/v2\/product_brand?post=1622"},{"taxonomy":"product_cat","embeddable":true,"href":"http:\/\/petuya.fr\/en\/wp-json\/wp\/v2\/product_cat?post=1622"},{"taxonomy":"product_tag","embeddable":true,"href":"http:\/\/petuya.fr\/en\/wp-json\/wp\/v2\/product_tag?post=1622"}],"curies":[{"name":"wp","href":"https:\/\/api.w.org\/{rel}","templated":true}]}}