{"id":1632,"date":"2022-12-12T08:12:36","date_gmt":"2022-12-12T08:12:36","guid":{"rendered":"https:\/\/www.petuya.fr\/?post_type=product&#038;p=1632"},"modified":"2025-09-02T15:42:30","modified_gmt":"2025-09-02T15:42:30","slug":"le-tapis-deveil","status":"publish","type":"product","link":"http:\/\/petuya.fr\/en\/product\/le-tapis-deveil\/","title":{"rendered":"Le tapis d&rsquo;\u00e9veil"},"content":{"rendered":"<p><span style=\"font-weight: 400;\"><strong>Dimensions :<\/strong> carr\u00e9 ou rond 98 cm<br \/>\n<strong>Garnissage :<\/strong> Feutre de laine<br \/>\n<strong>Tissu :<\/strong> Lin naturel<br \/>\n<\/span><\/p>\n<p><span style=\"font-weight: 400;\">Ce tapis d\u2019\u00e9veil est le compagnon id\u00e9al pour vous et votre b\u00e9b\u00e9.<br \/>\nSa taille permet au b\u00e9b\u00e9 et \u00e0 l\u2019adulte d\u2019\u00eatre dessus et isol\u00e9s du sol froid ou chaud.<\/span><\/p>\n<p><span style=\"font-weight: 400;\"><br \/>\n<strong>Un confort unique :<\/strong> aucune autre fibre naturelle ou synth\u00e9tique n\u2019atteint les propri\u00e9t\u00e9s isolantes, thermiques et r\u00e9gulatrices du feutre de laine.<\/span><\/p>\n<p><span style=\"font-weight: 400;\">Le feutre de laine est un des plus anciens textiles du monde. La laine est lav\u00e9e, s\u00e9ch\u00e9e, card\u00e9e, peign\u00e9e, aiguillet\u00e9e. Sous l\u2019effet de l\u2019eau chaude, du savon et du frottement les fibres de laine s\u2019entrem\u00ealent et la mati\u00e8re se densifie jusqu\u2019\u00e0 devenir un tissu (non tiss\u00e9).<\/span><\/p>\n<p><span style=\"font-weight: 400;\">Le tapis d\u2019\u00e9veil est garni d\u2019une couche de feutre de literie artisanal (r\u00e9alis\u00e9 par nos soins). L\u2019enveloppe est en lin naturel fran\u00e7ais : du lin \u00e9pais pour la partie en contact avec le sol et du lin plus doux pour l\u2019autre face.<\/span><\/p>\n<p><span style=\"font-weight: 400;\">Pensez \u00e0 a\u00e9rer r\u00e9guli\u00e8rement votre tapis d\u2019\u00e9veil, au grand air ou au soleil. C\u2019est comme cela que le feutre se r\u00e9g\u00e9n\u00e8re, s\u2019auto-nettoie.<\/span><\/p>\n<p><span style=\"font-weight: 400;\">Taille sp\u00e9ciale, <a href=\"https:\/\/petuya.fr\/en\/contact\/\">nous consulter<\/a><\/span><\/p>\n<p><strong>Livraison :<\/strong><br \/>\n<span style=\"font-weight: 400;\">Sous 1 mois, sous r\u00e9serve de stocks<\/span><\/p>","protected":false},"excerpt":{"rendered":"<p>Fait \u00e0 la main, dans la pure tradition, en pi\u00e8ce unique.<br \/>\nCe tapis d\u2019\u00e9veil est le compagnon id\u00e9al pour vous et votre b\u00e9b\u00e9.<br \/>\nSa taille permet au b\u00e9b\u00e9 et \u00e0 l&rsquo;adulte d&rsquo;\u00eatre dessus et isol\u00e9s du sol froid ou chaud.<\/p>","protected":false},"featured_media":1635,"template":"","meta":{"site-sidebar-layout":"default","site-content-layout":"default","ast-site-content-layout":"default","site-content-style":"default","site-sidebar-style":"default","ast-global-header-display":"","ast-banner-title-visibility":"","ast-main-header-display":"","ast-hfb-above-header-display":"","ast-hfb-below-header-display":"","ast-hfb-mobile-header-display":"","site-post-title":"","ast-breadcrumbs-content":"","ast-featured-img":"","footer-sml-layout":"","ast-disable-related-posts":"","theme-transparent-header-meta":"default","adv-header-id-meta":"","stick-header-meta":"","header-above-stick-meta":"","header-main-stick-meta":"","header-below-stick-meta":"","astra-migrate-meta-layouts":"default","ast-page-background-enabled":"default","ast-page-background-meta":{"desktop":{"background-color":"var(--ast-global-color-4)","background-image":"","background-repeat":"repeat","background-position":"center center","background-size":"auto","background-attachment":"scroll","background-type":"","background-media":"","overlay-type":"","overlay-color":"","overlay-opacity":"","overlay-gradient":""},"tablet":{"background-color":"","background-image":"","background-repeat":"repeat","background-position":"center center","background-size":"auto","background-attachment":"scroll","background-type":"","background-media":"","overlay-type":"","overlay-color":"","overlay-opacity":"","overlay-gradient":""},"mobile":{"background-color":"","background-image":"","background-repeat":"repeat","background-position":"center center","background-size":"auto","background-attachment":"scroll","background-type":"","background-media":"","overlay-type":"","overlay-color":"","overlay-opacity":"","overlay-gradient":""}},"ast-content-background-meta":{"desktop":{"background-color":"var(--ast-global-color-5)","background-image":"","background-repeat":"repeat","background-position":"center center","background-size":"auto","background-attachment":"scroll","background-type":"","background-media":"","overlay-type":"","overlay-color":"","overlay-opacity":"","overlay-gradient":""},"tablet":{"background-color":"var(--ast-global-color-5)","background-image":"","background-repeat":"repeat","background-position":"center center","background-size":"auto","background-attachment":"scroll","background-type":"","background-media":"","overlay-type":"","overlay-color":"","overlay-opacity":"","overlay-gradient":""},"mobile":{"background-color":"var(--ast-global-color-5)","background-image":"","background-repeat":"repeat","background-position":"center center","background-size":"auto","background-attachment":"scroll","background-type":"","background-media":"","overlay-type":"","overlay-color":"","overlay-opacity":"","overlay-gradient":""}}},"product_brand":[],"product_cat":[54,55],"product_tag":[],"class_list":{"0":"post-1632","1":"product","2":"type-product","3":"status-publish","4":"has-post-thumbnail","6":"product_cat-collection-bebe","7":"product_cat-collection-nomade","8":"product_shipping_class-colissimo-avec-signature","9":"desktop-align-left","10":"tablet-align-left","11":"mobile-align-left","13":"first","14":"instock","15":"taxable","16":"shipping-taxable","17":"purchasable","18":"product-type-variable"},"yoast_head":"<!-- This site is optimized with the Yoast SEO plugin v27.5 - https:\/\/yoast.com\/product\/yoast-seo-wordpress\/ -->\n<title>Le tapis d&#039;\u00e9veil - P\u00e9tuya<\/title>\n<meta name=\"description\" content=\"D\u00e9couvrez notre tapis d&#039;\u00e9veil en lin et feutre de laine, id\u00e9al pour vous et votre b\u00e9b\u00e9 pour un confort unique, made in France par la marque P\u00e9tuya.\" \/>\n<meta name=\"robots\" content=\"index, follow, max-snippet:-1, max-image-preview:large, max-video-preview:-1\" \/>\n<link rel=\"canonical\" href=\"https:\/\/petuya.fr\/en\/product\/le-tapis-deveil\/\" \/>\n<meta property=\"og:locale\" content=\"en_US\" \/>\n<meta property=\"og:type\" content=\"article\" \/>\n<meta property=\"og:title\" content=\"Le tapis d&#039;\u00e9veil - P\u00e9tuya\" \/>\n<meta property=\"og:description\" content=\"D\u00e9couvrez notre tapis d&#039;\u00e9veil en lin et feutre de laine, id\u00e9al pour vous et votre b\u00e9b\u00e9 pour un confort unique, made in France par la marque P\u00e9tuya.\" \/>\n<meta property=\"og:url\" content=\"https:\/\/petuya.fr\/en\/product\/le-tapis-deveil\/\" \/>\n<meta property=\"og:site_name\" content=\"Petuya - Couette et Oreillers laine et lin - Made in France\" \/>\n<meta property=\"article:publisher\" content=\"https:\/\/www.facebook.com\/StephaniePetuya.Literie\" \/>\n<meta property=\"article:modified_time\" content=\"2025-09-02T15:42:30+00:00\" \/>\n<meta property=\"og:image\" content=\"https:\/\/i0.wp.com\/petuya.fr\/wp-content\/uploads\/2022\/12\/IMG-1861-1-scaled.jpg?fit=2560%2C2560&ssl=1\" \/>\n\t<meta property=\"og:image:width\" content=\"2560\" \/>\n\t<meta property=\"og:image:height\" content=\"2560\" \/>\n\t<meta property=\"og:image:type\" content=\"image\/jpeg\" \/>\n<meta name=\"twitter:card\" content=\"summary_large_image\" \/>\n<meta name=\"twitter:label1\" content=\"Est. reading time\" \/>\n\t<meta name=\"twitter:data1\" content=\"1 minute\" \/>\n<script type=\"application\/ld+json\" class=\"yoast-schema-graph\">{\"@context\":\"https:\\\/\\\/schema.org\",\"@graph\":[{\"@type\":\"WebPage\",\"@id\":\"https:\\\/\\\/petuya.fr\\\/produit\\\/le-tapis-deveil\\\/\",\"url\":\"https:\\\/\\\/petuya.fr\\\/produit\\\/le-tapis-deveil\\\/\",\"name\":\"Le tapis d'\u00e9veil - P\u00e9tuya\",\"isPartOf\":{\"@id\":\"https:\\\/\\\/www.petuya.fr\\\/#website\"},\"primaryImageOfPage\":{\"@id\":\"https:\\\/\\\/petuya.fr\\\/produit\\\/le-tapis-deveil\\\/#primaryimage\"},\"image\":{\"@id\":\"https:\\\/\\\/petuya.fr\\\/produit\\\/le-tapis-deveil\\\/#primaryimage\"},\"thumbnailUrl\":\"https:\\\/\\\/i0.wp.com\\\/petuya.fr\\\/wp-content\\\/uploads\\\/2022\\\/12\\\/IMG-1861-1-scaled.jpg?fit=2560%2C2560&ssl=1\",\"datePublished\":\"2022-12-12T08:12:36+00:00\",\"dateModified\":\"2025-09-02T15:42:30+00:00\",\"description\":\"D\u00e9couvrez notre tapis d'\u00e9veil en lin et feutre de laine, id\u00e9al pour vous et votre b\u00e9b\u00e9 pour un confort unique, made in France par la marque P\u00e9tuya.\",\"breadcrumb\":{\"@id\":\"https:\\\/\\\/petuya.fr\\\/produit\\\/le-tapis-deveil\\\/#breadcrumb\"},\"inLanguage\":\"en-US\",\"potentialAction\":[{\"@type\":\"ReadAction\",\"target\":[\"https:\\\/\\\/petuya.fr\\\/produit\\\/le-tapis-deveil\\\/\"]}]},{\"@type\":\"ImageObject\",\"inLanguage\":\"en-US\",\"@id\":\"https:\\\/\\\/petuya.fr\\\/produit\\\/le-tapis-deveil\\\/#primaryimage\",\"url\":\"https:\\\/\\\/i0.wp.com\\\/petuya.fr\\\/wp-content\\\/uploads\\\/2022\\\/12\\\/IMG-1861-1-scaled.jpg?fit=2560%2C2560&ssl=1\",\"contentUrl\":\"https:\\\/\\\/i0.wp.com\\\/petuya.fr\\\/wp-content\\\/uploads\\\/2022\\\/12\\\/IMG-1861-1-scaled.jpg?fit=2560%2C2560&ssl=1\",\"width\":2560,\"height\":2560,\"caption\":\"Tapis d'\u00e9veil\"},{\"@type\":\"BreadcrumbList\",\"@id\":\"https:\\\/\\\/petuya.fr\\\/produit\\\/le-tapis-deveil\\\/#breadcrumb\",\"itemListElement\":[{\"@type\":\"ListItem\",\"position\":1,\"name\":\"Accueil\",\"item\":\"https:\\\/\\\/www.petuya.fr\\\/\"},{\"@type\":\"ListItem\",\"position\":2,\"name\":\"Produits\",\"item\":\"https:\\\/\\\/www.petuya.fr\\\/shop\\\/\"},{\"@type\":\"ListItem\",\"position\":3,\"name\":\"Le tapis d&rsquo;\u00e9veil\"}]},{\"@type\":\"WebSite\",\"@id\":\"https:\\\/\\\/www.petuya.fr\\\/#website\",\"url\":\"https:\\\/\\\/www.petuya.fr\\\/\",\"name\":\"P\u00e9tuya\",\"description\":\"\",\"publisher\":{\"@id\":\"https:\\\/\\\/www.petuya.fr\\\/#organization\"},\"potentialAction\":[{\"@type\":\"SearchAction\",\"target\":{\"@type\":\"EntryPoint\",\"urlTemplate\":\"https:\\\/\\\/www.petuya.fr\\\/?s={search_term_string}\"},\"query-input\":{\"@type\":\"PropertyValueSpecification\",\"valueRequired\":true,\"valueName\":\"search_term_string\"}}],\"inLanguage\":\"en-US\"},{\"@type\":\"Organization\",\"@id\":\"https:\\\/\\\/www.petuya.fr\\\/#organization\",\"name\":\"P\u00e9tuya\",\"url\":\"https:\\\/\\\/www.petuya.fr\\\/\",\"logo\":{\"@type\":\"ImageObject\",\"inLanguage\":\"en-US\",\"@id\":\"https:\\\/\\\/www.petuya.fr\\\/#\\\/schema\\\/logo\\\/image\\\/\",\"url\":\"https:\\\/\\\/i0.wp.com\\\/petuya.fr\\\/wp-content\\\/uploads\\\/2022\\\/12\\\/PETUYA-2211-GRIS-FONCE-03.png?fit=1773%2C804&ssl=1\",\"contentUrl\":\"https:\\\/\\\/i0.wp.com\\\/petuya.fr\\\/wp-content\\\/uploads\\\/2022\\\/12\\\/PETUYA-2211-GRIS-FONCE-03.png?fit=1773%2C804&ssl=1\",\"width\":1773,\"height\":804,\"caption\":\"P\u00e9tuya\"},\"image\":{\"@id\":\"https:\\\/\\\/www.petuya.fr\\\/#\\\/schema\\\/logo\\\/image\\\/\"},\"sameAs\":[\"https:\\\/\\\/www.facebook.com\\\/StephaniePetuya.Literie\",\"https:\\\/\\\/www.instagram.com\\\/stephaniepetuya\\\/?igshid=YmMyMTA2M2Y\",\"https:\\\/\\\/www.pinterest.fr\\\/maisonpetuya\\\/\"]}]}<\/script>\n<!-- \/ Yoast SEO plugin. -->","yoast_head_json":{"title":"Le tapis d'\u00e9veil - P\u00e9tuya","description":"D\u00e9couvrez notre tapis d'\u00e9veil en lin et feutre de laine, id\u00e9al pour vous et votre b\u00e9b\u00e9 pour un confort unique, made in France par la marque P\u00e9tuya.","robots":{"index":"index","follow":"follow","max-snippet":"max-snippet:-1","max-image-preview":"max-image-preview:large","max-video-preview":"max-video-preview:-1"},"canonical":"https:\/\/petuya.fr\/en\/product\/le-tapis-deveil\/","og_locale":"en_US","og_type":"article","og_title":"Le tapis d'\u00e9veil - P\u00e9tuya","og_description":"D\u00e9couvrez notre tapis d'\u00e9veil en lin et feutre de laine, id\u00e9al pour vous et votre b\u00e9b\u00e9 pour un confort unique, made in France par la marque P\u00e9tuya.","og_url":"https:\/\/petuya.fr\/en\/product\/le-tapis-deveil\/","og_site_name":"Petuya - Couette et Oreillers laine et lin - Made in France","article_publisher":"https:\/\/www.facebook.com\/StephaniePetuya.Literie","article_modified_time":"2025-09-02T15:42:30+00:00","og_image":[{"width":2560,"height":2560,"url":"https:\/\/i0.wp.com\/petuya.fr\/wp-content\/uploads\/2022\/12\/IMG-1861-1-scaled.jpg?fit=2560%2C2560&ssl=1","type":"image\/jpeg"}],"twitter_card":"summary_large_image","twitter_misc":{"Est. reading time":"1 minute"},"schema":{"@context":"https:\/\/schema.org","@graph":[{"@type":"WebPage","@id":"https:\/\/petuya.fr\/produit\/le-tapis-deveil\/","url":"https:\/\/petuya.fr\/produit\/le-tapis-deveil\/","name":"Le tapis d'\u00e9veil - P\u00e9tuya","isPartOf":{"@id":"https:\/\/www.petuya.fr\/#website"},"primaryImageOfPage":{"@id":"https:\/\/petuya.fr\/produit\/le-tapis-deveil\/#primaryimage"},"image":{"@id":"https:\/\/petuya.fr\/produit\/le-tapis-deveil\/#primaryimage"},"thumbnailUrl":"https:\/\/i0.wp.com\/petuya.fr\/wp-content\/uploads\/2022\/12\/IMG-1861-1-scaled.jpg?fit=2560%2C2560&ssl=1","datePublished":"2022-12-12T08:12:36+00:00","dateModified":"2025-09-02T15:42:30+00:00","description":"D\u00e9couvrez notre tapis d'\u00e9veil en lin et feutre de laine, id\u00e9al pour vous et votre b\u00e9b\u00e9 pour un confort unique, made in France par la marque P\u00e9tuya.","breadcrumb":{"@id":"https:\/\/petuya.fr\/produit\/le-tapis-deveil\/#breadcrumb"},"inLanguage":"en-US","potentialAction":[{"@type":"ReadAction","target":["https:\/\/petuya.fr\/produit\/le-tapis-deveil\/"]}]},{"@type":"ImageObject","inLanguage":"en-US","@id":"https:\/\/petuya.fr\/produit\/le-tapis-deveil\/#primaryimage","url":"https:\/\/i0.wp.com\/petuya.fr\/wp-content\/uploads\/2022\/12\/IMG-1861-1-scaled.jpg?fit=2560%2C2560&ssl=1","contentUrl":"https:\/\/i0.wp.com\/petuya.fr\/wp-content\/uploads\/2022\/12\/IMG-1861-1-scaled.jpg?fit=2560%2C2560&ssl=1","width":2560,"height":2560,"caption":"Tapis d'\u00e9veil"},{"@type":"BreadcrumbList","@id":"https:\/\/petuya.fr\/produit\/le-tapis-deveil\/#breadcrumb","itemListElement":[{"@type":"ListItem","position":1,"name":"Accueil","item":"https:\/\/www.petuya.fr\/"},{"@type":"ListItem","position":2,"name":"Produits","item":"https:\/\/www.petuya.fr\/shop\/"},{"@type":"ListItem","position":3,"name":"Le tapis d&rsquo;\u00e9veil"}]},{"@type":"WebSite","@id":"https:\/\/www.petuya.fr\/#website","url":"https:\/\/www.petuya.fr\/","name":"P\u00e9tuya","description":"","publisher":{"@id":"https:\/\/www.petuya.fr\/#organization"},"potentialAction":[{"@type":"SearchAction","target":{"@type":"EntryPoint","urlTemplate":"https:\/\/www.petuya.fr\/?s={search_term_string}"},"query-input":{"@type":"PropertyValueSpecification","valueRequired":true,"valueName":"search_term_string"}}],"inLanguage":"en-US"},{"@type":"Organization","@id":"https:\/\/www.petuya.fr\/#organization","name":"P\u00e9tuya","url":"https:\/\/www.petuya.fr\/","logo":{"@type":"ImageObject","inLanguage":"en-US","@id":"https:\/\/www.petuya.fr\/#\/schema\/logo\/image\/","url":"https:\/\/i0.wp.com\/petuya.fr\/wp-content\/uploads\/2022\/12\/PETUYA-2211-GRIS-FONCE-03.png?fit=1773%2C804&ssl=1","contentUrl":"https:\/\/i0.wp.com\/petuya.fr\/wp-content\/uploads\/2022\/12\/PETUYA-2211-GRIS-FONCE-03.png?fit=1773%2C804&ssl=1","width":1773,"height":804,"caption":"P\u00e9tuya"},"image":{"@id":"https:\/\/www.petuya.fr\/#\/schema\/logo\/image\/"},"sameAs":["https:\/\/www.facebook.com\/StephaniePetuya.Literie","https:\/\/www.instagram.com\/stephaniepetuya\/?igshid=YmMyMTA2M2Y","https:\/\/www.pinterest.fr\/maisonpetuya\/"]}]}},"jetpack_sharing_enabled":true,"_links":{"self":[{"href":"http:\/\/petuya.fr\/en\/wp-json\/wp\/v2\/product\/1632","targetHints":{"allow":["GET"]}}],"collection":[{"href":"http:\/\/petuya.fr\/en\/wp-json\/wp\/v2\/product"}],"about":[{"href":"http:\/\/petuya.fr\/en\/wp-json\/wp\/v2\/types\/product"}],"wp:featuredmedia":[{"embeddable":true,"href":"http:\/\/petuya.fr\/en\/wp-json\/wp\/v2\/media\/1635"}],"wp:attachment":[{"href":"http:\/\/petuya.fr\/en\/wp-json\/wp\/v2\/media?parent=1632"}],"wp:term":[{"taxonomy":"product_brand","embeddable":true,"href":"http:\/\/petuya.fr\/en\/wp-json\/wp\/v2\/product_brand?post=1632"},{"taxonomy":"product_cat","embeddable":true,"href":"http:\/\/petuya.fr\/en\/wp-json\/wp\/v2\/product_cat?post=1632"},{"taxonomy":"product_tag","embeddable":true,"href":"http:\/\/petuya.fr\/en\/wp-json\/wp\/v2\/product_tag?post=1632"}],"curies":[{"name":"wp","href":"https:\/\/api.w.org\/{rel}","templated":true}]}}