{"id":2405,"date":"2022-12-19T15:32:41","date_gmt":"2022-12-19T15:32:41","guid":{"rendered":"https:\/\/www.petuya.fr\/?post_type=product&#038;p=2405"},"modified":"2025-11-27T10:10:14","modified_gmt":"2025-11-27T10:10:14","slug":"recharge-oreiller","status":"publish","type":"product","link":"http:\/\/petuya.fr\/en\/product\/recharge-oreiller\/","title":{"rendered":"Recharge oreiller"},"content":{"rendered":"<p>Au choix :<\/p>\n<ul>\n<li>Recharge laine en flocons pour oreiller<\/li>\n<\/ul>\n<p><span style=\"font-weight: 400;\">Garnissage : 100% pure laine<\/span><\/p>\n<p><span style=\"font-weight: 400;\">Poids : 150g ou 300g<\/span><\/p>\n<p><span style=\"font-weight: 400;\">Cette recharge de laine en flocons, card\u00e9e par nos soins, livr\u00e9e dans un sac en papier kraft, se stocke dans un endroit sec.<\/span><\/p>\n<p><span style=\"font-weight: 400;\">Id\u00e9ale pour faire un appoint si votre oreiller a perdu en volume ou en fermet\u00e9. Vous pouvez ajuster le garnissage apr\u00e8s plusieurs mois d\u2019utilisation.<\/span><\/p>\n<p><span style=\"font-weight: 400;\">La pure laine Texel (laine provenant de troupeaux de moutons Texel d\u2019Alsace) est une fibre longue, moelleuse, avec du gonflant..\u00a0<\/span><\/p>\n<p><span style=\"font-weight: 400;\">Les recharges existent en 150g ou 300g. <\/span><span style=\"font-weight: 400;\">150g de laine en flocons repr\u00e9sentent 8 bonnes poign\u00e9es.<\/span><\/p>\n<p><span style=\"font-weight: 400;\">Pensez \u00e0 a\u00e9rer r\u00e9guli\u00e8rement votre laine, \u00e0 l\u2019air ou mieux au soleil. C\u2019est comme cela qu\u2019elle se r\u00e9g\u00e9n\u00e8re, s\u2019auto-nettoie et reprend du gonflant.<\/span><\/p>\n<p><span style=\"font-weight: 400;\">Si besoin, la laine se lave \u00e0 froid, pr\u00e9f\u00e9rez un faible essorage (400 tours\/min max) et un s\u00e9chage \u00e0 l\u2019air ou au soleil.<\/span><\/p>\n<ul>\n<li>Recharge balles de millet bio pour oreiller<\/li>\n<li>Recharge balles de sarrasin bio pour oreiller<\/li>\n<li>Recharge balles d&rsquo;\u00e9peautre bio pour oreiller<\/li>\n<\/ul>\n<p><span style=\"font-weight: 400;\">Poids : 300g ou 600g<\/span><\/p>\n<p><span style=\"font-size: 16px; font-weight: 400; font-family: -apple-system, BlinkMacSystemFont, 'Segoe UI', Roboto, Oxygen-Sans, Ubuntu, Cantarell, 'Helvetica Neue', sans-serif;\">Cette recharge, livr\u00e9e dans un sac en papier kraft, se stocke dans un endroit sec. Id\u00e9ale pour faire un appoint si votre oreiller a perdu en volume ou en fermet\u00e9. Vous pouvez ajuster le garnissage apr\u00e8s plusieurs mois d\u2019utilisation.<\/span><\/p>\n<p><span style=\"font-weight: 400;\">Les recharges existent en 300g ou 600g.<\/span><\/p>\n<p><span style=\"font-weight: 400;\">Pensez \u00e0 a\u00e9rer r\u00e9guli\u00e8rement votre oreiller en le mettant \u00e0 l\u2019air ou au soleil.<\/span><\/p>\n<p><strong>Livraison :<\/strong><br \/>\nSous 1 semaine, sous r\u00e9serve de stocks disponibles<\/p>","protected":false},"excerpt":{"rendered":"<p>Voici diff\u00e9rentes recharges pour vos oreillers<\/p>","protected":false},"featured_media":2406,"template":"","meta":{"site-sidebar-layout":"default","site-content-layout":"default","ast-site-content-layout":"default","site-content-style":"default","site-sidebar-style":"default","ast-global-header-display":"","ast-banner-title-visibility":"","ast-main-header-display":"","ast-hfb-above-header-display":"","ast-hfb-below-header-display":"","ast-hfb-mobile-header-display":"","site-post-title":"","ast-breadcrumbs-content":"","ast-featured-img":"","footer-sml-layout":"","ast-disable-related-posts":"","theme-transparent-header-meta":"default","adv-header-id-meta":"","stick-header-meta":"","header-above-stick-meta":"","header-main-stick-meta":"","header-below-stick-meta":"","astra-migrate-meta-layouts":"set","ast-page-background-enabled":"default","ast-page-background-meta":{"desktop":{"background-color":"var(--ast-global-color-4)","background-image":"","background-repeat":"repeat","background-position":"center center","background-size":"auto","background-attachment":"scroll","background-type":"","background-media":"","overlay-type":"","overlay-color":"","overlay-opacity":"","overlay-gradient":""},"tablet":{"background-color":"","background-image":"","background-repeat":"repeat","background-position":"center center","background-size":"auto","background-attachment":"scroll","background-type":"","background-media":"","overlay-type":"","overlay-color":"","overlay-opacity":"","overlay-gradient":""},"mobile":{"background-color":"","background-image":"","background-repeat":"repeat","background-position":"center center","background-size":"auto","background-attachment":"scroll","background-type":"","background-media":"","overlay-type":"","overlay-color":"","overlay-opacity":"","overlay-gradient":""}},"ast-content-background-meta":{"desktop":{"background-color":"var(--ast-global-color-5)","background-image":"","background-repeat":"repeat","background-position":"center center","background-size":"auto","background-attachment":"scroll","background-type":"","background-media":"","overlay-type":"","overlay-color":"","overlay-opacity":"","overlay-gradient":""},"tablet":{"background-color":"var(--ast-global-color-5)","background-image":"","background-repeat":"repeat","background-position":"center center","background-size":"auto","background-attachment":"scroll","background-type":"","background-media":"","overlay-type":"","overlay-color":"","overlay-opacity":"","overlay-gradient":""},"mobile":{"background-color":"var(--ast-global-color-5)","background-image":"","background-repeat":"repeat","background-position":"center center","background-size":"auto","background-attachment":"scroll","background-type":"","background-media":"","overlay-type":"","overlay-color":"","overlay-opacity":"","overlay-gradient":""}}},"product_brand":[],"product_cat":[26,25],"product_tag":[],"class_list":{"0":"post-2405","1":"product","2":"type-product","3":"status-publish","4":"has-post-thumbnail","6":"product_cat-lit","7":"product_cat-oreillers","8":"product_shipping_class-colissimo-sans-signature","9":"desktop-align-left","10":"tablet-align-left","11":"mobile-align-left","13":"first","14":"instock","15":"taxable","16":"shipping-taxable","17":"purchasable","18":"product-type-variable"},"yoast_head":"<!-- This site is optimized with the Yoast SEO plugin v27.5 - https:\/\/yoast.com\/product\/yoast-seo-wordpress\/ -->\n<title>Recharge oreiller - P\u00e9tuya<\/title>\n<meta name=\"description\" content=\"P\u00e9tuya propose des recharges pour redonner du gonflant ou de la fermet\u00e9 \u00e0 vos oreillers de la marque pour rallonger la dur\u00e9e de vie.\" \/>\n<meta name=\"robots\" content=\"index, follow, max-snippet:-1, max-image-preview:large, max-video-preview:-1\" \/>\n<link rel=\"canonical\" href=\"https:\/\/petuya.fr\/en\/product\/recharge-oreiller\/\" \/>\n<meta property=\"og:locale\" content=\"en_US\" \/>\n<meta property=\"og:type\" content=\"article\" \/>\n<meta property=\"og:title\" content=\"Recharge oreiller - P\u00e9tuya\" \/>\n<meta property=\"og:description\" content=\"P\u00e9tuya propose des recharges pour redonner du gonflant ou de la fermet\u00e9 \u00e0 vos oreillers de la marque pour rallonger la dur\u00e9e de vie.\" \/>\n<meta property=\"og:url\" content=\"https:\/\/petuya.fr\/en\/product\/recharge-oreiller\/\" \/>\n<meta property=\"og:site_name\" content=\"Petuya - Couette et Oreillers laine et lin - Made in France\" \/>\n<meta property=\"article:publisher\" content=\"https:\/\/www.facebook.com\/StephaniePetuya.Literie\" \/>\n<meta property=\"article:modified_time\" content=\"2025-11-27T10:10:14+00:00\" \/>\n<meta property=\"og:image\" content=\"https:\/\/i0.wp.com\/petuya.fr\/wp-content\/uploads\/2022\/12\/IMG-0062-scaled.jpg?fit=1920%2C2560&ssl=1\" \/>\n\t<meta property=\"og:image:width\" content=\"1920\" \/>\n\t<meta property=\"og:image:height\" content=\"2560\" \/>\n\t<meta property=\"og:image:type\" content=\"image\/jpeg\" \/>\n<meta name=\"twitter:card\" content=\"summary_large_image\" \/>\n<meta name=\"twitter:label1\" content=\"Est. reading time\" \/>\n\t<meta name=\"twitter:data1\" content=\"2 minutes\" \/>\n<script type=\"application\/ld+json\" class=\"yoast-schema-graph\">{\"@context\":\"https:\\\/\\\/schema.org\",\"@graph\":[{\"@type\":\"WebPage\",\"@id\":\"https:\\\/\\\/petuya.fr\\\/produit\\\/recharge-oreiller\\\/\",\"url\":\"https:\\\/\\\/petuya.fr\\\/produit\\\/recharge-oreiller\\\/\",\"name\":\"Recharge oreiller - P\u00e9tuya\",\"isPartOf\":{\"@id\":\"https:\\\/\\\/www.petuya.fr\\\/#website\"},\"primaryImageOfPage\":{\"@id\":\"https:\\\/\\\/petuya.fr\\\/produit\\\/recharge-oreiller\\\/#primaryimage\"},\"image\":{\"@id\":\"https:\\\/\\\/petuya.fr\\\/produit\\\/recharge-oreiller\\\/#primaryimage\"},\"thumbnailUrl\":\"https:\\\/\\\/i0.wp.com\\\/petuya.fr\\\/wp-content\\\/uploads\\\/2022\\\/12\\\/IMG-0062-scaled.jpg?fit=1920%2C2560&ssl=1\",\"datePublished\":\"2022-12-19T15:32:41+00:00\",\"dateModified\":\"2025-11-27T10:10:14+00:00\",\"description\":\"P\u00e9tuya propose des recharges pour redonner du gonflant ou de la fermet\u00e9 \u00e0 vos oreillers de la marque pour rallonger la dur\u00e9e de vie.\",\"breadcrumb\":{\"@id\":\"https:\\\/\\\/petuya.fr\\\/produit\\\/recharge-oreiller\\\/#breadcrumb\"},\"inLanguage\":\"en-US\",\"potentialAction\":[{\"@type\":\"ReadAction\",\"target\":[\"https:\\\/\\\/petuya.fr\\\/produit\\\/recharge-oreiller\\\/\"]}]},{\"@type\":\"ImageObject\",\"inLanguage\":\"en-US\",\"@id\":\"https:\\\/\\\/petuya.fr\\\/produit\\\/recharge-oreiller\\\/#primaryimage\",\"url\":\"https:\\\/\\\/i0.wp.com\\\/petuya.fr\\\/wp-content\\\/uploads\\\/2022\\\/12\\\/IMG-0062-scaled.jpg?fit=1920%2C2560&ssl=1\",\"contentUrl\":\"https:\\\/\\\/i0.wp.com\\\/petuya.fr\\\/wp-content\\\/uploads\\\/2022\\\/12\\\/IMG-0062-scaled.jpg?fit=1920%2C2560&ssl=1\",\"width\":1920,\"height\":2560,\"caption\":\"Recharge millet\"},{\"@type\":\"BreadcrumbList\",\"@id\":\"https:\\\/\\\/petuya.fr\\\/produit\\\/recharge-oreiller\\\/#breadcrumb\",\"itemListElement\":[{\"@type\":\"ListItem\",\"position\":1,\"name\":\"Accueil\",\"item\":\"https:\\\/\\\/www.petuya.fr\\\/\"},{\"@type\":\"ListItem\",\"position\":2,\"name\":\"Produits\",\"item\":\"https:\\\/\\\/www.petuya.fr\\\/shop\\\/\"},{\"@type\":\"ListItem\",\"position\":3,\"name\":\"Recharge oreiller\"}]},{\"@type\":\"WebSite\",\"@id\":\"https:\\\/\\\/www.petuya.fr\\\/#website\",\"url\":\"https:\\\/\\\/www.petuya.fr\\\/\",\"name\":\"P\u00e9tuya\",\"description\":\"\",\"publisher\":{\"@id\":\"https:\\\/\\\/www.petuya.fr\\\/#organization\"},\"potentialAction\":[{\"@type\":\"SearchAction\",\"target\":{\"@type\":\"EntryPoint\",\"urlTemplate\":\"https:\\\/\\\/www.petuya.fr\\\/?s={search_term_string}\"},\"query-input\":{\"@type\":\"PropertyValueSpecification\",\"valueRequired\":true,\"valueName\":\"search_term_string\"}}],\"inLanguage\":\"en-US\"},{\"@type\":\"Organization\",\"@id\":\"https:\\\/\\\/www.petuya.fr\\\/#organization\",\"name\":\"P\u00e9tuya\",\"url\":\"https:\\\/\\\/www.petuya.fr\\\/\",\"logo\":{\"@type\":\"ImageObject\",\"inLanguage\":\"en-US\",\"@id\":\"https:\\\/\\\/www.petuya.fr\\\/#\\\/schema\\\/logo\\\/image\\\/\",\"url\":\"https:\\\/\\\/i0.wp.com\\\/petuya.fr\\\/wp-content\\\/uploads\\\/2022\\\/12\\\/PETUYA-2211-GRIS-FONCE-03.png?fit=1773%2C804&ssl=1\",\"contentUrl\":\"https:\\\/\\\/i0.wp.com\\\/petuya.fr\\\/wp-content\\\/uploads\\\/2022\\\/12\\\/PETUYA-2211-GRIS-FONCE-03.png?fit=1773%2C804&ssl=1\",\"width\":1773,\"height\":804,\"caption\":\"P\u00e9tuya\"},\"image\":{\"@id\":\"https:\\\/\\\/www.petuya.fr\\\/#\\\/schema\\\/logo\\\/image\\\/\"},\"sameAs\":[\"https:\\\/\\\/www.facebook.com\\\/StephaniePetuya.Literie\",\"https:\\\/\\\/www.instagram.com\\\/stephaniepetuya\\\/?igshid=YmMyMTA2M2Y\",\"https:\\\/\\\/www.pinterest.fr\\\/maisonpetuya\\\/\"]}]}<\/script>\n<!-- \/ Yoast SEO plugin. -->","yoast_head_json":{"title":"Recharge oreiller - P\u00e9tuya","description":"P\u00e9tuya propose des recharges pour redonner du gonflant ou de la fermet\u00e9 \u00e0 vos oreillers de la marque pour rallonger la dur\u00e9e de vie.","robots":{"index":"index","follow":"follow","max-snippet":"max-snippet:-1","max-image-preview":"max-image-preview:large","max-video-preview":"max-video-preview:-1"},"canonical":"https:\/\/petuya.fr\/en\/product\/recharge-oreiller\/","og_locale":"en_US","og_type":"article","og_title":"Recharge oreiller - P\u00e9tuya","og_description":"P\u00e9tuya propose des recharges pour redonner du gonflant ou de la fermet\u00e9 \u00e0 vos oreillers de la marque pour rallonger la dur\u00e9e de vie.","og_url":"https:\/\/petuya.fr\/en\/product\/recharge-oreiller\/","og_site_name":"Petuya - Couette et Oreillers laine et lin - Made in France","article_publisher":"https:\/\/www.facebook.com\/StephaniePetuya.Literie","article_modified_time":"2025-11-27T10:10:14+00:00","og_image":[{"width":1920,"height":2560,"url":"https:\/\/i0.wp.com\/petuya.fr\/wp-content\/uploads\/2022\/12\/IMG-0062-scaled.jpg?fit=1920%2C2560&ssl=1","type":"image\/jpeg"}],"twitter_card":"summary_large_image","twitter_misc":{"Est. reading time":"2 minutes"},"schema":{"@context":"https:\/\/schema.org","@graph":[{"@type":"WebPage","@id":"https:\/\/petuya.fr\/produit\/recharge-oreiller\/","url":"https:\/\/petuya.fr\/produit\/recharge-oreiller\/","name":"Recharge oreiller - P\u00e9tuya","isPartOf":{"@id":"https:\/\/www.petuya.fr\/#website"},"primaryImageOfPage":{"@id":"https:\/\/petuya.fr\/produit\/recharge-oreiller\/#primaryimage"},"image":{"@id":"https:\/\/petuya.fr\/produit\/recharge-oreiller\/#primaryimage"},"thumbnailUrl":"https:\/\/i0.wp.com\/petuya.fr\/wp-content\/uploads\/2022\/12\/IMG-0062-scaled.jpg?fit=1920%2C2560&ssl=1","datePublished":"2022-12-19T15:32:41+00:00","dateModified":"2025-11-27T10:10:14+00:00","description":"P\u00e9tuya propose des recharges pour redonner du gonflant ou de la fermet\u00e9 \u00e0 vos oreillers de la marque pour rallonger la dur\u00e9e de vie.","breadcrumb":{"@id":"https:\/\/petuya.fr\/produit\/recharge-oreiller\/#breadcrumb"},"inLanguage":"en-US","potentialAction":[{"@type":"ReadAction","target":["https:\/\/petuya.fr\/produit\/recharge-oreiller\/"]}]},{"@type":"ImageObject","inLanguage":"en-US","@id":"https:\/\/petuya.fr\/produit\/recharge-oreiller\/#primaryimage","url":"https:\/\/i0.wp.com\/petuya.fr\/wp-content\/uploads\/2022\/12\/IMG-0062-scaled.jpg?fit=1920%2C2560&ssl=1","contentUrl":"https:\/\/i0.wp.com\/petuya.fr\/wp-content\/uploads\/2022\/12\/IMG-0062-scaled.jpg?fit=1920%2C2560&ssl=1","width":1920,"height":2560,"caption":"Recharge millet"},{"@type":"BreadcrumbList","@id":"https:\/\/petuya.fr\/produit\/recharge-oreiller\/#breadcrumb","itemListElement":[{"@type":"ListItem","position":1,"name":"Accueil","item":"https:\/\/www.petuya.fr\/"},{"@type":"ListItem","position":2,"name":"Produits","item":"https:\/\/www.petuya.fr\/shop\/"},{"@type":"ListItem","position":3,"name":"Recharge oreiller"}]},{"@type":"WebSite","@id":"https:\/\/www.petuya.fr\/#website","url":"https:\/\/www.petuya.fr\/","name":"P\u00e9tuya","description":"","publisher":{"@id":"https:\/\/www.petuya.fr\/#organization"},"potentialAction":[{"@type":"SearchAction","target":{"@type":"EntryPoint","urlTemplate":"https:\/\/www.petuya.fr\/?s={search_term_string}"},"query-input":{"@type":"PropertyValueSpecification","valueRequired":true,"valueName":"search_term_string"}}],"inLanguage":"en-US"},{"@type":"Organization","@id":"https:\/\/www.petuya.fr\/#organization","name":"P\u00e9tuya","url":"https:\/\/www.petuya.fr\/","logo":{"@type":"ImageObject","inLanguage":"en-US","@id":"https:\/\/www.petuya.fr\/#\/schema\/logo\/image\/","url":"https:\/\/i0.wp.com\/petuya.fr\/wp-content\/uploads\/2022\/12\/PETUYA-2211-GRIS-FONCE-03.png?fit=1773%2C804&ssl=1","contentUrl":"https:\/\/i0.wp.com\/petuya.fr\/wp-content\/uploads\/2022\/12\/PETUYA-2211-GRIS-FONCE-03.png?fit=1773%2C804&ssl=1","width":1773,"height":804,"caption":"P\u00e9tuya"},"image":{"@id":"https:\/\/www.petuya.fr\/#\/schema\/logo\/image\/"},"sameAs":["https:\/\/www.facebook.com\/StephaniePetuya.Literie","https:\/\/www.instagram.com\/stephaniepetuya\/?igshid=YmMyMTA2M2Y","https:\/\/www.pinterest.fr\/maisonpetuya\/"]}]}},"jetpack_sharing_enabled":true,"_links":{"self":[{"href":"http:\/\/petuya.fr\/en\/wp-json\/wp\/v2\/product\/2405","targetHints":{"allow":["GET"]}}],"collection":[{"href":"http:\/\/petuya.fr\/en\/wp-json\/wp\/v2\/product"}],"about":[{"href":"http:\/\/petuya.fr\/en\/wp-json\/wp\/v2\/types\/product"}],"wp:featuredmedia":[{"embeddable":true,"href":"http:\/\/petuya.fr\/en\/wp-json\/wp\/v2\/media\/2406"}],"wp:attachment":[{"href":"http:\/\/petuya.fr\/en\/wp-json\/wp\/v2\/media?parent=2405"}],"wp:term":[{"taxonomy":"product_brand","embeddable":true,"href":"http:\/\/petuya.fr\/en\/wp-json\/wp\/v2\/product_brand?post=2405"},{"taxonomy":"product_cat","embeddable":true,"href":"http:\/\/petuya.fr\/en\/wp-json\/wp\/v2\/product_cat?post=2405"},{"taxonomy":"product_tag","embeddable":true,"href":"http:\/\/petuya.fr\/en\/wp-json\/wp\/v2\/product_tag?post=2405"}],"curies":[{"name":"wp","href":"https:\/\/api.w.org\/{rel}","templated":true}]}}