{"id":2492,"date":"2023-01-02T10:03:10","date_gmt":"2023-01-02T10:03:10","guid":{"rendered":"https:\/\/www.petuya.fr\/?post_type=product&#038;p=2492"},"modified":"2025-09-02T15:24:26","modified_gmt":"2025-09-02T15:24:26","slug":"collection-nomade-loreiller-xs","status":"publish","type":"product","link":"http:\/\/petuya.fr\/en\/product\/collection-nomade-loreiller-xs\/","title":{"rendered":"L\u2019oreiller Nomade XS"},"content":{"rendered":"<p><strong>Caract\u00e9ristiques de l&rsquo;oreiller :<br \/>\n<\/strong><span style=\"font-weight: 400;\">Oreiller d\u00e9houssable<br \/>\n<\/span><span style=\"font-weight: 400;\"><strong>Taille :<\/strong> 30&#215;40 cm<br \/>\n<\/span><span style=\"font-weight: 400;\"><strong><br \/>\n<\/strong><\/span><strong>Quel oreiller choisir ?<\/strong><\/p>\n<p><strong>L&rsquo;oreiller Lune<br \/>\n<\/strong><span style=\"font-weight: 400;\">Un <strong>confort unique<\/strong>, du fait que la <strong>laine<\/strong> et le<strong> lin<\/strong> sont naturellement les plus performants du monde pour r\u00e9guler l\u2019humidit\u00e9 : un atout des plus importants quand on sait que l\u2019on transpire entre 30 et 50 cl par nuit.<br \/>\n<\/span><span style=\"font-weight: 400;\">Faites l\u2019essai lors d\u2019une balade avec une chaussette en laine et une en coton, un t-shirt en lin et un t-shirt en coton. Votre corps reste au sec avec la laine et le lin tandis qu\u2019il sera dans son humidit\u00e9 avec du coton.<br \/>\n<\/span><span style=\"font-weight: 400;\">Nous avons garni cet <strong>oreiller<\/strong> de <strong>laine napp\u00e9e<\/strong> (pure laine Blanche du Massif Central) qui accueille en son centre de la <strong>laine en flocons<\/strong>, card\u00e9e par nos soins (pure laine en flocons Texel d\u2019Alsace) pour donner du gonflant.<\/span><\/p>\n<p><strong>L\u2019oreiller Cervidoux en balles de millet bio<br \/>\n<\/strong>Id\u00e9al pour ceux qui pr\u00e9f\u00e8rent un maintien qui s\u2019adapte au plus pr\u00e8s de leur morphologie. La forme fine et ronde de la balle de millet apporte douceur et fluidit\u00e9. Son confort est souple, silencieux, moelleux.<br \/>\nNotre oreiller en balles de millet bio \u00e9pouse la courbure naturelle de votre nuque pour une relaxation optimale des cervicales.. L\u2019oreiller se met facilement en place et vous maintient sans s\u2019affaisser.<\/p>\n<p><strong>L\u2019oreiller Cervidoux en balles d\u2019\u00e9peautre bio<\/strong><br \/>\nId\u00e9al pour ceux qui pr\u00e9f\u00e8rent un maintien mi-souple et mi-ferme. La forme en \u00e9pis de bl\u00e9 de la balle d\u2019\u00e9peautre permet \u00e0 l\u2019air de circuler librement.<br \/>\nLes frottements apportent une douce m\u00e9lodie champ\u00eatre. Si vous \u00eates sensible au bruit, il est pr\u00e9f\u00e9rable de s\u2019orienter vers un oreiller garni de balles de millet.<br \/>\nNotre oreiller en balles d\u2019\u00e9peautre bio \u00e9pouse la courbure naturelle de votre nuque pour une relaxation optimale des cervicales.<br \/>\nL\u2019oreiller se met facilement en place et vous maintient sans s\u2019affaisser.<\/p>\n<p><strong>L\u2019oreiller Cervidoux en balles de sarrasin bio<br \/>\n<\/strong>Id\u00e9al pour ceux qui pr\u00e9f\u00e8rent un maintien ferme, frais et a\u00e9r\u00e9. La forme en petit berlingot de la balle de sarrasin permet \u00e0 l\u2019air de circuler librement. Son garnissage mall\u00e9able vous enveloppe g\u00e9n\u00e9reusement.<br \/>\nLes frottements apportent une douce m\u00e9lodie, comme un cr\u00e9pitement. Si vous \u00eates sensible au bruit, il est pr\u00e9f\u00e9rable de s\u2019orienter vers un oreiller garni de balles de millet.<br \/>\nIl \u00e9pouse la courbure naturelle de votre nuque pour une relaxation optimale des cervicales.<br \/>\nL\u2019oreiller se met facilement en place et vous maintient sans s\u2019affaisser.<\/p>\n<p>&#8212;<\/p>\n<p><span style=\"font-weight: 400;\">L\u2019enveloppe est en <strong>lin naturel fran\u00e7ais<\/strong> \u00e9quip\u00e9e d\u2019une fermeture \u00e0 glissi\u00e8re qui vous permet :<\/span><\/p>\n<ul>\n<li><span style=\"font-weight: 400;\">d\u2019ajuster la quantit\u00e9 de laine\/de balles pour une fermet\u00e9 id\u00e9ale,<\/span><\/li>\n<li>de vider l\u2019oreiller pour a\u00e9rer la laine\/les balles et\/ou les laver,<\/li>\n<li>de laver l\u2019enveloppe ind\u00e9pendamment de la laine\/des balles<\/li>\n<\/ul>\n<p>Des recharges (laine, sarrasin, \u00e9peautre et millet) peuvent compl\u00e9ter le garnissage.<\/p>\n<p><strong>Entretien :<br \/>\n<\/strong><span style=\"font-weight: 400;\">Pensez \u00e0 a\u00e9rer r\u00e9guli\u00e8rement votre oreiller, \u00e0 l\u2019air ou mieux au soleil.<br \/>\n<\/span><span style=\"font-weight: 400;\">Si besoin, la laine se lave \u00e0 froid, pr\u00e9f\u00e9rez un faible essorage (400 tours\/min max) et un s\u00e9chage \u00e0 l\u2019air ou au soleil.<br \/>\n<\/span><\/p>\n<p><strong>Livraison :<\/strong><br \/>\nSous 1 mois, sous r\u00e9serve de stocks disponibles<\/p>","protected":false},"excerpt":{"rendered":"<p>Oreiller d\u00e9houssable.<br \/>\nGamme cervidoux pour le maintien des cervicales.<br \/>\nGamme lune pour de la fermet\u00e9.<\/p>\n<p><a href=\"http:\/\/petuya.fr\/en\/guide-des-tailles\/\">Guide des tailles<\/a> &#8211; <a href=\"http:\/\/petuya.fr\/en\/guide-dentretien\/\">Guide d&rsquo;entretien<\/a><\/p>","protected":false},"featured_media":1327,"template":"","meta":{"site-sidebar-layout":"default","site-content-layout":"default","ast-site-content-layout":"default","site-content-style":"default","site-sidebar-style":"default","ast-global-header-display":"","ast-banner-title-visibility":"","ast-main-header-display":"","ast-hfb-above-header-display":"","ast-hfb-below-header-display":"","ast-hfb-mobile-header-display":"","site-post-title":"","ast-breadcrumbs-content":"","ast-featured-img":"","footer-sml-layout":"","ast-disable-related-posts":"","theme-transparent-header-meta":"default","adv-header-id-meta":"","stick-header-meta":"","header-above-stick-meta":"","header-main-stick-meta":"","header-below-stick-meta":"","astra-migrate-meta-layouts":"default","ast-page-background-enabled":"default","ast-page-background-meta":{"desktop":{"background-color":"var(--ast-global-color-4)","background-image":"","background-repeat":"repeat","background-position":"center center","background-size":"auto","background-attachment":"scroll","background-type":"","background-media":"","overlay-type":"","overlay-color":"","overlay-opacity":"","overlay-gradient":""},"tablet":{"background-color":"","background-image":"","background-repeat":"repeat","background-position":"center center","background-size":"auto","background-attachment":"scroll","background-type":"","background-media":"","overlay-type":"","overlay-color":"","overlay-opacity":"","overlay-gradient":""},"mobile":{"background-color":"","background-image":"","background-repeat":"repeat","background-position":"center center","background-size":"auto","background-attachment":"scroll","background-type":"","background-media":"","overlay-type":"","overlay-color":"","overlay-opacity":"","overlay-gradient":""}},"ast-content-background-meta":{"desktop":{"background-color":"var(--ast-global-color-5)","background-image":"","background-repeat":"repeat","background-position":"center center","background-size":"auto","background-attachment":"scroll","background-type":"","background-media":"","overlay-type":"","overlay-color":"","overlay-opacity":"","overlay-gradient":""},"tablet":{"background-color":"var(--ast-global-color-5)","background-image":"","background-repeat":"repeat","background-position":"center center","background-size":"auto","background-attachment":"scroll","background-type":"","background-media":"","overlay-type":"","overlay-color":"","overlay-opacity":"","overlay-gradient":""},"mobile":{"background-color":"var(--ast-global-color-5)","background-image":"","background-repeat":"repeat","background-position":"center center","background-size":"auto","background-attachment":"scroll","background-type":"","background-media":"","overlay-type":"","overlay-color":"","overlay-opacity":"","overlay-gradient":""}}},"product_brand":[],"product_cat":[26,55,25],"product_tag":[],"class_list":{"0":"post-2492","1":"product","2":"type-product","3":"status-publish","4":"has-post-thumbnail","6":"product_cat-lit","7":"product_cat-collection-nomade","8":"product_cat-oreillers","9":"product_shipping_class-colissimo-avec-signature","10":"desktop-align-left","11":"tablet-align-left","12":"mobile-align-left","14":"first","15":"instock","16":"taxable","17":"shipping-taxable","18":"purchasable","19":"product-type-variable"},"yoast_head":"<!-- This site is optimized with the Yoast SEO plugin v27.5 - https:\/\/yoast.com\/product\/yoast-seo-wordpress\/ -->\n<title>L\u2019oreiller Nomade XS - P\u00e9tuya<\/title>\n<meta name=\"description\" content=\"D\u00e9couvrez notre collection nomade avec notre oreiller naturel en laine napp\u00e9e et laine en flocons, entour\u00e9e de leur enveloppe en lin naturel fran\u00e7ais.\" \/>\n<meta name=\"robots\" content=\"index, follow, max-snippet:-1, max-image-preview:large, max-video-preview:-1\" \/>\n<link rel=\"canonical\" href=\"https:\/\/www.petuya.fr\/produit\/collection-nomade-loreiller-xs\/\" \/>\n<meta property=\"og:locale\" content=\"en_US\" \/>\n<meta property=\"og:type\" content=\"article\" \/>\n<meta property=\"og:title\" content=\"L\u2019oreiller Nomade XS - P\u00e9tuya\" \/>\n<meta property=\"og:description\" content=\"D\u00e9couvrez notre collection nomade avec notre oreiller naturel en laine napp\u00e9e et laine en flocons, entour\u00e9e de leur enveloppe en lin naturel fran\u00e7ais.\" \/>\n<meta property=\"og:url\" content=\"https:\/\/www.petuya.fr\/produit\/collection-nomade-loreiller-xs\/\" \/>\n<meta property=\"og:site_name\" content=\"Petuya - Couette et Oreillers laine et lin - Made in France\" \/>\n<meta property=\"article:publisher\" content=\"https:\/\/www.facebook.com\/StephaniePetuya.Literie\" \/>\n<meta property=\"article:modified_time\" content=\"2025-09-02T15:24:26+00:00\" \/>\n<meta property=\"og:image\" content=\"https:\/\/i0.wp.com\/www.petuya.fr\/wp-content\/uploads\/2022\/09\/oreiller-stephanie-petuya-alsace-scaled.jpg?fit=2560%2C1708&ssl=1\" \/>\n\t<meta property=\"og:image:width\" content=\"2560\" \/>\n\t<meta property=\"og:image:height\" content=\"1708\" \/>\n\t<meta property=\"og:image:type\" content=\"image\/jpeg\" \/>\n<meta name=\"twitter:card\" content=\"summary_large_image\" \/>\n<meta name=\"twitter:label1\" content=\"Est. reading time\" \/>\n\t<meta name=\"twitter:data1\" content=\"3 minutes\" \/>\n<script type=\"application\/ld+json\" class=\"yoast-schema-graph\">{\"@context\":\"https:\\\/\\\/schema.org\",\"@graph\":[{\"@type\":\"WebPage\",\"@id\":\"https:\\\/\\\/www.petuya.fr\\\/produit\\\/collection-nomade-loreiller-xs\\\/\",\"url\":\"https:\\\/\\\/www.petuya.fr\\\/produit\\\/collection-nomade-loreiller-xs\\\/\",\"name\":\"L\u2019oreiller Nomade XS - P\u00e9tuya\",\"isPartOf\":{\"@id\":\"https:\\\/\\\/www.petuya.fr\\\/#website\"},\"primaryImageOfPage\":{\"@id\":\"https:\\\/\\\/www.petuya.fr\\\/produit\\\/collection-nomade-loreiller-xs\\\/#primaryimage\"},\"image\":{\"@id\":\"https:\\\/\\\/www.petuya.fr\\\/produit\\\/collection-nomade-loreiller-xs\\\/#primaryimage\"},\"thumbnailUrl\":\"https:\\\/\\\/i0.wp.com\\\/petuya.fr\\\/wp-content\\\/uploads\\\/2022\\\/09\\\/oreiller-stephanie-petuya-alsace-scaled.jpg?fit=2560%2C1708&ssl=1\",\"datePublished\":\"2023-01-02T10:03:10+00:00\",\"dateModified\":\"2025-09-02T15:24:26+00:00\",\"description\":\"D\u00e9couvrez notre collection nomade avec notre oreiller naturel en laine napp\u00e9e et laine en flocons, entour\u00e9e de leur enveloppe en lin naturel fran\u00e7ais.\",\"breadcrumb\":{\"@id\":\"https:\\\/\\\/www.petuya.fr\\\/produit\\\/collection-nomade-loreiller-xs\\\/#breadcrumb\"},\"inLanguage\":\"en-US\",\"potentialAction\":[{\"@type\":\"ReadAction\",\"target\":[\"https:\\\/\\\/www.petuya.fr\\\/produit\\\/collection-nomade-loreiller-xs\\\/\"]}]},{\"@type\":\"ImageObject\",\"inLanguage\":\"en-US\",\"@id\":\"https:\\\/\\\/www.petuya.fr\\\/produit\\\/collection-nomade-loreiller-xs\\\/#primaryimage\",\"url\":\"https:\\\/\\\/i0.wp.com\\\/petuya.fr\\\/wp-content\\\/uploads\\\/2022\\\/09\\\/oreiller-stephanie-petuya-alsace-scaled.jpg?fit=2560%2C1708&ssl=1\",\"contentUrl\":\"https:\\\/\\\/i0.wp.com\\\/petuya.fr\\\/wp-content\\\/uploads\\\/2022\\\/09\\\/oreiller-stephanie-petuya-alsace-scaled.jpg?fit=2560%2C1708&ssl=1\",\"width\":2560,\"height\":1708,\"caption\":\"oreiller ste\u0301phanie pe\u0301tuya alsace\"},{\"@type\":\"BreadcrumbList\",\"@id\":\"https:\\\/\\\/www.petuya.fr\\\/produit\\\/collection-nomade-loreiller-xs\\\/#breadcrumb\",\"itemListElement\":[{\"@type\":\"ListItem\",\"position\":1,\"name\":\"Accueil\",\"item\":\"https:\\\/\\\/www.petuya.fr\\\/\"},{\"@type\":\"ListItem\",\"position\":2,\"name\":\"Produits\",\"item\":\"https:\\\/\\\/www.petuya.fr\\\/shop\\\/\"},{\"@type\":\"ListItem\",\"position\":3,\"name\":\"L\u2019oreiller Nomade XS\"}]},{\"@type\":\"WebSite\",\"@id\":\"https:\\\/\\\/www.petuya.fr\\\/#website\",\"url\":\"https:\\\/\\\/www.petuya.fr\\\/\",\"name\":\"P\u00e9tuya\",\"description\":\"\",\"publisher\":{\"@id\":\"https:\\\/\\\/www.petuya.fr\\\/#organization\"},\"potentialAction\":[{\"@type\":\"SearchAction\",\"target\":{\"@type\":\"EntryPoint\",\"urlTemplate\":\"https:\\\/\\\/www.petuya.fr\\\/?s={search_term_string}\"},\"query-input\":{\"@type\":\"PropertyValueSpecification\",\"valueRequired\":true,\"valueName\":\"search_term_string\"}}],\"inLanguage\":\"en-US\"},{\"@type\":\"Organization\",\"@id\":\"https:\\\/\\\/www.petuya.fr\\\/#organization\",\"name\":\"P\u00e9tuya\",\"url\":\"https:\\\/\\\/www.petuya.fr\\\/\",\"logo\":{\"@type\":\"ImageObject\",\"inLanguage\":\"en-US\",\"@id\":\"https:\\\/\\\/www.petuya.fr\\\/#\\\/schema\\\/logo\\\/image\\\/\",\"url\":\"https:\\\/\\\/i0.wp.com\\\/petuya.fr\\\/wp-content\\\/uploads\\\/2022\\\/12\\\/PETUYA-2211-GRIS-FONCE-03.png?fit=1773%2C804&ssl=1\",\"contentUrl\":\"https:\\\/\\\/i0.wp.com\\\/petuya.fr\\\/wp-content\\\/uploads\\\/2022\\\/12\\\/PETUYA-2211-GRIS-FONCE-03.png?fit=1773%2C804&ssl=1\",\"width\":1773,\"height\":804,\"caption\":\"P\u00e9tuya\"},\"image\":{\"@id\":\"https:\\\/\\\/www.petuya.fr\\\/#\\\/schema\\\/logo\\\/image\\\/\"},\"sameAs\":[\"https:\\\/\\\/www.facebook.com\\\/StephaniePetuya.Literie\",\"https:\\\/\\\/www.instagram.com\\\/stephaniepetuya\\\/?igshid=YmMyMTA2M2Y\",\"https:\\\/\\\/www.pinterest.fr\\\/maisonpetuya\\\/\"]}]}<\/script>\n<!-- \/ Yoast SEO plugin. -->","yoast_head_json":{"title":"L\u2019oreiller Nomade XS - P\u00e9tuya","description":"D\u00e9couvrez notre collection nomade avec notre oreiller naturel en laine napp\u00e9e et laine en flocons, entour\u00e9e de leur enveloppe en lin naturel fran\u00e7ais.","robots":{"index":"index","follow":"follow","max-snippet":"max-snippet:-1","max-image-preview":"max-image-preview:large","max-video-preview":"max-video-preview:-1"},"canonical":"https:\/\/www.petuya.fr\/produit\/collection-nomade-loreiller-xs\/","og_locale":"en_US","og_type":"article","og_title":"L\u2019oreiller Nomade XS - P\u00e9tuya","og_description":"D\u00e9couvrez notre collection nomade avec notre oreiller naturel en laine napp\u00e9e et laine en flocons, entour\u00e9e de leur enveloppe en lin naturel fran\u00e7ais.","og_url":"https:\/\/www.petuya.fr\/produit\/collection-nomade-loreiller-xs\/","og_site_name":"Petuya - Couette et Oreillers laine et lin - Made in France","article_publisher":"https:\/\/www.facebook.com\/StephaniePetuya.Literie","article_modified_time":"2025-09-02T15:24:26+00:00","og_image":[{"width":2560,"height":1708,"url":"https:\/\/i0.wp.com\/www.petuya.fr\/wp-content\/uploads\/2022\/09\/oreiller-stephanie-petuya-alsace-scaled.jpg?fit=2560%2C1708&ssl=1","type":"image\/jpeg"}],"twitter_card":"summary_large_image","twitter_misc":{"Est. reading time":"3 minutes"},"schema":{"@context":"https:\/\/schema.org","@graph":[{"@type":"WebPage","@id":"https:\/\/www.petuya.fr\/produit\/collection-nomade-loreiller-xs\/","url":"https:\/\/www.petuya.fr\/produit\/collection-nomade-loreiller-xs\/","name":"L\u2019oreiller Nomade XS - P\u00e9tuya","isPartOf":{"@id":"https:\/\/www.petuya.fr\/#website"},"primaryImageOfPage":{"@id":"https:\/\/www.petuya.fr\/produit\/collection-nomade-loreiller-xs\/#primaryimage"},"image":{"@id":"https:\/\/www.petuya.fr\/produit\/collection-nomade-loreiller-xs\/#primaryimage"},"thumbnailUrl":"https:\/\/i0.wp.com\/petuya.fr\/wp-content\/uploads\/2022\/09\/oreiller-stephanie-petuya-alsace-scaled.jpg?fit=2560%2C1708&ssl=1","datePublished":"2023-01-02T10:03:10+00:00","dateModified":"2025-09-02T15:24:26+00:00","description":"D\u00e9couvrez notre collection nomade avec notre oreiller naturel en laine napp\u00e9e et laine en flocons, entour\u00e9e de leur enveloppe en lin naturel fran\u00e7ais.","breadcrumb":{"@id":"https:\/\/www.petuya.fr\/produit\/collection-nomade-loreiller-xs\/#breadcrumb"},"inLanguage":"en-US","potentialAction":[{"@type":"ReadAction","target":["https:\/\/www.petuya.fr\/produit\/collection-nomade-loreiller-xs\/"]}]},{"@type":"ImageObject","inLanguage":"en-US","@id":"https:\/\/www.petuya.fr\/produit\/collection-nomade-loreiller-xs\/#primaryimage","url":"https:\/\/i0.wp.com\/petuya.fr\/wp-content\/uploads\/2022\/09\/oreiller-stephanie-petuya-alsace-scaled.jpg?fit=2560%2C1708&ssl=1","contentUrl":"https:\/\/i0.wp.com\/petuya.fr\/wp-content\/uploads\/2022\/09\/oreiller-stephanie-petuya-alsace-scaled.jpg?fit=2560%2C1708&ssl=1","width":2560,"height":1708,"caption":"oreiller ste\u0301phanie pe\u0301tuya alsace"},{"@type":"BreadcrumbList","@id":"https:\/\/www.petuya.fr\/produit\/collection-nomade-loreiller-xs\/#breadcrumb","itemListElement":[{"@type":"ListItem","position":1,"name":"Accueil","item":"https:\/\/www.petuya.fr\/"},{"@type":"ListItem","position":2,"name":"Produits","item":"https:\/\/www.petuya.fr\/shop\/"},{"@type":"ListItem","position":3,"name":"L\u2019oreiller Nomade XS"}]},{"@type":"WebSite","@id":"https:\/\/www.petuya.fr\/#website","url":"https:\/\/www.petuya.fr\/","name":"P\u00e9tuya","description":"","publisher":{"@id":"https:\/\/www.petuya.fr\/#organization"},"potentialAction":[{"@type":"SearchAction","target":{"@type":"EntryPoint","urlTemplate":"https:\/\/www.petuya.fr\/?s={search_term_string}"},"query-input":{"@type":"PropertyValueSpecification","valueRequired":true,"valueName":"search_term_string"}}],"inLanguage":"en-US"},{"@type":"Organization","@id":"https:\/\/www.petuya.fr\/#organization","name":"P\u00e9tuya","url":"https:\/\/www.petuya.fr\/","logo":{"@type":"ImageObject","inLanguage":"en-US","@id":"https:\/\/www.petuya.fr\/#\/schema\/logo\/image\/","url":"https:\/\/i0.wp.com\/petuya.fr\/wp-content\/uploads\/2022\/12\/PETUYA-2211-GRIS-FONCE-03.png?fit=1773%2C804&ssl=1","contentUrl":"https:\/\/i0.wp.com\/petuya.fr\/wp-content\/uploads\/2022\/12\/PETUYA-2211-GRIS-FONCE-03.png?fit=1773%2C804&ssl=1","width":1773,"height":804,"caption":"P\u00e9tuya"},"image":{"@id":"https:\/\/www.petuya.fr\/#\/schema\/logo\/image\/"},"sameAs":["https:\/\/www.facebook.com\/StephaniePetuya.Literie","https:\/\/www.instagram.com\/stephaniepetuya\/?igshid=YmMyMTA2M2Y","https:\/\/www.pinterest.fr\/maisonpetuya\/"]}]}},"jetpack_sharing_enabled":true,"_links":{"self":[{"href":"http:\/\/petuya.fr\/en\/wp-json\/wp\/v2\/product\/2492","targetHints":{"allow":["GET"]}}],"collection":[{"href":"http:\/\/petuya.fr\/en\/wp-json\/wp\/v2\/product"}],"about":[{"href":"http:\/\/petuya.fr\/en\/wp-json\/wp\/v2\/types\/product"}],"wp:featuredmedia":[{"embeddable":true,"href":"http:\/\/petuya.fr\/en\/wp-json\/wp\/v2\/media\/1327"}],"wp:attachment":[{"href":"http:\/\/petuya.fr\/en\/wp-json\/wp\/v2\/media?parent=2492"}],"wp:term":[{"taxonomy":"product_brand","embeddable":true,"href":"http:\/\/petuya.fr\/en\/wp-json\/wp\/v2\/product_brand?post=2492"},{"taxonomy":"product_cat","embeddable":true,"href":"http:\/\/petuya.fr\/en\/wp-json\/wp\/v2\/product_cat?post=2492"},{"taxonomy":"product_tag","embeddable":true,"href":"http:\/\/petuya.fr\/en\/wp-json\/wp\/v2\/product_tag?post=2492"}],"curies":[{"name":"wp","href":"https:\/\/api.w.org\/{rel}","templated":true}]}}