{"id":1003,"date":"2022-12-07T15:38:03","date_gmt":"2022-12-07T15:38:03","guid":{"rendered":"https:\/\/www.petuya.fr\/?page_id=1003"},"modified":"2024-03-30T16:18:33","modified_gmt":"2024-03-30T16:18:33","slug":"guide-des-tailles","status":"publish","type":"page","link":"https:\/\/petuya.fr\/en\/guide-des-tailles\/","title":{"rendered":"Guide des tailles"},"content":{"rendered":"<div data-elementor-type=\"wp-page\" data-elementor-id=\"1003\" class=\"elementor elementor-1003\" data-elementor-post-type=\"page\">\n\t\t\t\t\t\t<section class=\"elementor-section elementor-top-section elementor-element elementor-element-8a0bda3 elementor-section-boxed elementor-section-height-default elementor-section-height-default\" data-id=\"8a0bda3\" data-element_type=\"section\" data-e-type=\"section\" data-settings=\"{&quot;background_background&quot;:&quot;classic&quot;}\">\n\t\t\t\t\t\t<div class=\"elementor-container elementor-column-gap-default\">\n\t\t\t\t\t<div class=\"elementor-column elementor-col-100 elementor-top-column elementor-element elementor-element-06a87bc\" data-id=\"06a87bc\" data-element_type=\"column\" data-e-type=\"column\">\n\t\t\t<div class=\"elementor-widget-wrap elementor-element-populated\">\n\t\t\t\t\t\t<div class=\"elementor-element elementor-element-e40bb0d elementor-widget elementor-widget-spacer\" data-id=\"e40bb0d\" data-element_type=\"widget\" data-e-type=\"widget\" data-widget_type=\"spacer.default\">\n\t\t\t\t<div class=\"elementor-widget-container\">\n\t\t\t\t\t\t\t<div class=\"elementor-spacer\">\n\t\t\t<div class=\"elementor-spacer-inner\"><\/div>\n\t\t<\/div>\n\t\t\t\t\t\t<\/div>\n\t\t\t\t<\/div>\n\t\t\t\t<div class=\"elementor-element elementor-element-4e694d5 elementor-widget elementor-widget-heading\" data-id=\"4e694d5\" data-element_type=\"widget\" data-e-type=\"widget\" data-widget_type=\"heading.default\">\n\t\t\t\t<div class=\"elementor-widget-container\">\n\t\t\t\t\t<h1 class=\"elementor-heading-title elementor-size-default\">Guide des tailles<\/h1>\t\t\t\t<\/div>\n\t\t\t\t<\/div>\n\t\t\t\t<div class=\"elementor-element elementor-element-2085d25 elementor-widget elementor-widget-spacer\" data-id=\"2085d25\" data-element_type=\"widget\" data-e-type=\"widget\" data-widget_type=\"spacer.default\">\n\t\t\t\t<div class=\"elementor-widget-container\">\n\t\t\t\t\t\t\t<div class=\"elementor-spacer\">\n\t\t\t<div class=\"elementor-spacer-inner\"><\/div>\n\t\t<\/div>\n\t\t\t\t\t\t<\/div>\n\t\t\t\t<\/div>\n\t\t\t\t\t<\/div>\n\t\t<\/div>\n\t\t\t\t\t<\/div>\n\t\t<\/section>\n\t\t\t\t<section class=\"elementor-section elementor-top-section elementor-element elementor-element-188f086 elementor-section-boxed elementor-section-height-default elementor-section-height-default\" data-id=\"188f086\" data-element_type=\"section\" data-e-type=\"section\">\n\t\t\t\t\t\t<div class=\"elementor-container elementor-column-gap-default\">\n\t\t\t\t\t<div class=\"elementor-column elementor-col-100 elementor-top-column elementor-element elementor-element-9e3184f\" data-id=\"9e3184f\" data-element_type=\"column\" data-e-type=\"column\">\n\t\t\t<div class=\"elementor-widget-wrap elementor-element-populated\">\n\t\t\t\t\t\t<div class=\"elementor-element elementor-element-20fcbb4 elementor-widget elementor-widget-heading\" data-id=\"20fcbb4\" data-element_type=\"widget\" data-e-type=\"widget\" data-widget_type=\"heading.default\">\n\t\t\t\t<div class=\"elementor-widget-container\">\n\t\t\t\t\t<h2 class=\"elementor-heading-title elementor-size-default\">Bien choisir la taille de votre couette\n<\/h2>\t\t\t\t<\/div>\n\t\t\t\t<\/div>\n\t\t\t\t\t<\/div>\n\t\t<\/div>\n\t\t\t\t\t<\/div>\n\t\t<\/section>\n\t\t\t\t<section class=\"elementor-section elementor-top-section elementor-element elementor-element-302a993 elementor-reverse-tablet elementor-reverse-mobile elementor-section-boxed elementor-section-height-default elementor-section-height-default\" data-id=\"302a993\" data-element_type=\"section\" data-e-type=\"section\">\n\t\t\t\t\t\t<div class=\"elementor-container elementor-column-gap-default\">\n\t\t\t\t\t<div class=\"elementor-column elementor-col-100 elementor-top-column elementor-element elementor-element-766c575\" data-id=\"766c575\" data-element_type=\"column\" data-e-type=\"column\">\n\t\t\t<div class=\"elementor-widget-wrap elementor-element-populated\">\n\t\t\t\t\t\t<div class=\"elementor-element elementor-element-9a1c9db elementor-widget elementor-widget-text-editor\" data-id=\"9a1c9db\" data-element_type=\"widget\" data-e-type=\"widget\" data-widget_type=\"text-editor.default\">\n\t\t\t\t<div class=\"elementor-widget-container\">\n\t\t\t\t\t\t\t\t\t<p class=\"p1\">Vous souhaitez acqu\u00e9rir une couette mais vous ne savez pas vraiment quelle dimension choisir\u00a0? Vos <strong>habitudes de sommeil<\/strong>, la <strong>dimension de votre matelas<\/strong> et la <strong>hauteur de votre sommier<\/strong> d\u00e9terminent la <strong>taille de votre couette<\/strong>. Vous choisirez une couette avec une retomb\u00e9e de chaque c\u00f4t\u00e9 plus ou moins longue pour un rendu visuel, pour \u00eatre \u00e0 l\u2019aise, pour border ou non votre couette.<\/p><p class=\"p1\">Au-del\u00e0 de 200 x 200, la plus grande longueur se place dans le sens de la largeur de votre lit afin de garder le dos au chaud lors des mouvements.<\/p><p class=\"p1\">Des <strong>fl\u00e8ches brod\u00e9es \u00e0 la main<\/strong> vous indiquent le haut et le bas de votre couette.<\/p><p class=\"p1\">La taille de vos housses de couette correspond \u00e0 la taille de votre couette.<\/p><p class=\"p1\">Suivez ce guide des tailles pour vos achats sur la boutique de P\u00e9tuya.<\/p>\t\t\t\t\t\t\t\t<\/div>\n\t\t\t\t<\/div>\n\t\t\t\t\t<\/div>\n\t\t<\/div>\n\t\t\t\t\t<\/div>\n\t\t<\/section>\n\t\t\t\t<section class=\"elementor-section elementor-top-section elementor-element elementor-element-976c729 elementor-section-boxed elementor-section-height-default elementor-section-height-default\" data-id=\"976c729\" data-element_type=\"section\" data-e-type=\"section\">\n\t\t\t\t\t\t<div class=\"elementor-container elementor-column-gap-default\">\n\t\t\t\t\t<div class=\"elementor-column elementor-col-100 elementor-top-column elementor-element elementor-element-6dcd30d\" data-id=\"6dcd30d\" data-element_type=\"column\" data-e-type=\"column\">\n\t\t\t<div class=\"elementor-widget-wrap elementor-element-populated\">\n\t\t\t\t\t\t<div class=\"elementor-element elementor-element-a176f9f elementor-widget elementor-widget-image\" data-id=\"a176f9f\" data-element_type=\"widget\" data-e-type=\"widget\" data-widget_type=\"image.default\">\n\t\t\t\t<div class=\"elementor-widget-container\">\n\t\t\t\t\t\t\t\t\t\t\t\t\t\t\t\t<a href=\"https:\/\/i0.wp.com\/petuya.fr\/wp-content\/uploads\/2022\/12\/guide-des-tailles.png?ssl=1\" data-elementor-open-lightbox=\"yes\" data-elementor-lightbox-title=\"guide des tailles\" data-e-action-hash=\"#elementor-action%3Aaction%3Dlightbox%26settings%3DeyJpZCI6MTAwNiwidXJsIjoiaHR0cHM6XC9cL3BldHV5YS5mclwvd3AtY29udGVudFwvdXBsb2Fkc1wvMjAyMlwvMTJcL2d1aWRlLWRlcy10YWlsbGVzLnBuZyJ9\">\n\t\t\t\t\t\t\t<img fetchpriority=\"high\" decoding=\"async\" width=\"1024\" height=\"585\" src=\"https:\/\/i0.wp.com\/petuya.fr\/wp-content\/uploads\/2022\/12\/guide-des-tailles.png?fit=1024%2C585&amp;ssl=1\" class=\"attachment-large size-large wp-image-1006\" alt=\"guide des tailles\" srcset=\"https:\/\/i0.wp.com\/petuya.fr\/wp-content\/uploads\/2022\/12\/guide-des-tailles.png?w=4131&amp;ssl=1 4131w, https:\/\/i0.wp.com\/petuya.fr\/wp-content\/uploads\/2022\/12\/guide-des-tailles.png?resize=300%2C171&amp;ssl=1 300w, https:\/\/i0.wp.com\/petuya.fr\/wp-content\/uploads\/2022\/12\/guide-des-tailles.png?resize=1024%2C585&amp;ssl=1 1024w, https:\/\/i0.wp.com\/petuya.fr\/wp-content\/uploads\/2022\/12\/guide-des-tailles.png?resize=768%2C439&amp;ssl=1 768w, https:\/\/i0.wp.com\/petuya.fr\/wp-content\/uploads\/2022\/12\/guide-des-tailles.png?resize=1536%2C878&amp;ssl=1 1536w, https:\/\/i0.wp.com\/petuya.fr\/wp-content\/uploads\/2022\/12\/guide-des-tailles.png?resize=2048%2C1170&amp;ssl=1 2048w, https:\/\/i0.wp.com\/petuya.fr\/wp-content\/uploads\/2022\/12\/guide-des-tailles.png?resize=18%2C10&amp;ssl=1 18w, https:\/\/i0.wp.com\/petuya.fr\/wp-content\/uploads\/2022\/12\/guide-des-tailles.png?resize=600%2C343&amp;ssl=1 600w, https:\/\/i0.wp.com\/petuya.fr\/wp-content\/uploads\/2022\/12\/guide-des-tailles.png?w=2400&amp;ssl=1 2400w, https:\/\/i0.wp.com\/petuya.fr\/wp-content\/uploads\/2022\/12\/guide-des-tailles.png?w=3600&amp;ssl=1 3600w\" sizes=\"(max-width: 1024px) 100vw, 1024px\" \/>\t\t\t\t\t\t\t\t<\/a>\n\t\t\t\t\t\t\t\t\t\t\t\t\t\t\t<\/div>\n\t\t\t\t<\/div>\n\t\t\t\t\t<\/div>\n\t\t<\/div>\n\t\t\t\t\t<\/div>\n\t\t<\/section>\n\t\t\t\t<section class=\"elementor-section elementor-top-section elementor-element elementor-element-6a466f3 elementor-section-boxed elementor-section-height-default elementor-section-height-default\" data-id=\"6a466f3\" data-element_type=\"section\" data-e-type=\"section\" data-settings=\"{&quot;background_background&quot;:&quot;classic&quot;}\">\n\t\t\t\t\t\t<div class=\"elementor-container elementor-column-gap-default\">\n\t\t\t\t\t<div class=\"elementor-column elementor-col-100 elementor-top-column elementor-element elementor-element-7afdd19\" data-id=\"7afdd19\" data-element_type=\"column\" data-e-type=\"column\">\n\t\t\t<div class=\"elementor-widget-wrap elementor-element-populated\">\n\t\t\t\t\t\t<div class=\"elementor-element elementor-element-257b6c6 elementor-widget elementor-widget-heading\" data-id=\"257b6c6\" data-element_type=\"widget\" data-e-type=\"widget\" data-widget_type=\"heading.default\">\n\t\t\t\t<div class=\"elementor-widget-container\">\n\t\t\t\t\t<h2 class=\"elementor-heading-title elementor-size-default\">Bien choisir la taille de votre oreiller\n<\/h2>\t\t\t\t<\/div>\n\t\t\t\t<\/div>\n\t\t\t\t\t<\/div>\n\t\t<\/div>\n\t\t\t\t\t<\/div>\n\t\t<\/section>\n\t\t\t\t<section class=\"elementor-section elementor-top-section elementor-element elementor-element-8c0cc85 elementor-reverse-tablet elementor-reverse-mobile elementor-section-boxed elementor-section-height-default elementor-section-height-default\" data-id=\"8c0cc85\" data-element_type=\"section\" data-e-type=\"section\" data-settings=\"{&quot;background_background&quot;:&quot;classic&quot;}\">\n\t\t\t\t\t\t<div class=\"elementor-container elementor-column-gap-default\">\n\t\t\t\t\t<div class=\"elementor-column elementor-col-100 elementor-top-column elementor-element elementor-element-85bdfc7\" data-id=\"85bdfc7\" data-element_type=\"column\" data-e-type=\"column\">\n\t\t\t<div class=\"elementor-widget-wrap elementor-element-populated\">\n\t\t\t\t\t\t<div class=\"elementor-element elementor-element-795000e elementor-widget elementor-widget-text-editor\" data-id=\"795000e\" data-element_type=\"widget\" data-e-type=\"widget\" data-widget_type=\"text-editor.default\">\n\t\t\t\t<div class=\"elementor-widget-container\">\n\t\t\t\t\t\t\t\t\t<p>L\u2019oreiller est <strong>LE compagnon<\/strong> de chacune de vos nuits.<\/p><p>Les <strong>oreillers 30&#215;40 cm<\/strong> sont des mini-coussins. La taille est <strong>id\u00e9ale pour les jeunes enfants<\/strong>. Ils constituent la collection Nomade et peuvent vous accompagner facilement lors de vos d\u00e9placements.<\/p><p>Les <strong>oreillers 40&#215;60 cm ou 50&#215;70 cm<\/strong> sont <strong>les plus adapt\u00e9s au sommeil<\/strong>. Votre t\u00eate se place au milieu de l\u2019oreiller pour la maintenir \u00e0 la m\u00eame hauteur que votre colonne vert\u00e9brale.<br \/>De plus, les oreillers rectangulaires sont ceux qui laissent le <strong>plus de place dans le lit pour le corps<\/strong>.<\/p><p>Les <strong>oreillers 60&#215;60 cm<\/strong> sont les carr\u00e9s \u00e0 la fran\u00e7aise et mettent en valeur votre linge de lit. Ils s\u2019adaptent \u00e0 la <strong>d\u00e9tente<\/strong> et offrent un <strong>bon maintien<\/strong> en position assise dans votre lit.<\/p><p>Tous <strong>nos oreillers sont \u00e9quip\u00e9s d\u2019une fermeture \u00e0 glissi\u00e8re<\/strong>. Vous pouvez ajuster le volume du garnissage afin d\u2019optimiser le confort dont vous avez besoin. Votre <strong>oreiller personnalis\u00e9<\/strong> vous procurera de douces nuits.<\/p><p>L\u2019<strong>association de plusieurs tailles<\/strong> cr\u00e9e du volume et une d\u00e9coration personnalis\u00e9e<\/p>\t\t\t\t\t\t\t\t<\/div>\n\t\t\t\t<\/div>\n\t\t\t\t\t<\/div>\n\t\t<\/div>\n\t\t\t\t\t<\/div>\n\t\t<\/section>\n\t\t\t\t<\/div>","protected":false},"excerpt":{"rendered":"<p>Guide des tailles Bien choisir la taille de votre couette Vous souhaitez acqu\u00e9rir une couette mais vous ne savez pas vraiment quelle dimension choisir\u00a0? Vos habitudes de sommeil, la dimension de votre matelas et la hauteur de votre sommier d\u00e9terminent la taille de votre couette. Vous choisirez une couette avec une retomb\u00e9e de chaque c\u00f4t\u00e9 [&hellip;]<\/p>\n","protected":false},"author":1,"featured_media":0,"parent":0,"menu_order":0,"comment_status":"closed","ping_status":"closed","template":"elementor_header_footer","meta":{"site-sidebar-layout":"no-sidebar","site-content-layout":"page-builder","ast-site-content-layout":"default","site-content-style":"default","site-sidebar-style":"default","ast-global-header-display":"","ast-banner-title-visibility":"","ast-main-header-display":"","ast-hfb-above-header-display":"","ast-hfb-below-header-display":"","ast-hfb-mobile-header-display":"","site-post-title":"disabled","ast-breadcrumbs-content":"","ast-featured-img":"disabled","footer-sml-layout":"","ast-disable-related-posts":"","theme-transparent-header-meta":"","adv-header-id-meta":"","stick-header-meta":"","header-above-stick-meta":"","header-main-stick-meta":"","header-below-stick-meta":"","astra-migrate-meta-layouts":"default","ast-page-background-enabled":"default","ast-page-background-meta":{"desktop":{"background-color":"var(--ast-global-color-4)","background-image":"","background-repeat":"repeat","background-position":"center center","background-size":"auto","background-attachment":"scroll","background-type":"","background-media":"","overlay-type":"","overlay-color":"","overlay-opacity":"","overlay-gradient":""},"tablet":{"background-color":"","background-image":"","background-repeat":"repeat","background-position":"center center","background-size":"auto","background-attachment":"scroll","background-type":"","background-media":"","overlay-type":"","overlay-color":"","overlay-opacity":"","overlay-gradient":""},"mobile":{"background-color":"","background-image":"","background-repeat":"repeat","background-position":"center center","background-size":"auto","background-attachment":"scroll","background-type":"","background-media":"","overlay-type":"","overlay-color":"","overlay-opacity":"","overlay-gradient":""}},"ast-content-background-meta":{"desktop":{"background-color":"var(--ast-global-color-5)","background-image":"","background-repeat":"repeat","background-position":"center center","background-size":"auto","background-attachment":"scroll","background-type":"","background-media":"","overlay-type":"","overlay-color":"","overlay-opacity":"","overlay-gradient":""},"tablet":{"background-color":"var(--ast-global-color-5)","background-image":"","background-repeat":"repeat","background-position":"center center","background-size":"auto","background-attachment":"scroll","background-type":"","background-media":"","overlay-type":"","overlay-color":"","overlay-opacity":"","overlay-gradient":""},"mobile":{"background-color":"var(--ast-global-color-5)","background-image":"","background-repeat":"repeat","background-position":"center center","background-size":"auto","background-attachment":"scroll","background-type":"","background-media":"","overlay-type":"","overlay-color":"","overlay-opacity":"","overlay-gradient":""}},"footnotes":""},"class_list":["post-1003","page","type-page","status-publish","hentry"],"yoast_head":"<!-- This site is optimized with the Yoast SEO plugin v27.5 - https:\/\/yoast.com\/product\/yoast-seo-wordpress\/ -->\n<title>Guide des tailles - P\u00e9tuya<\/title>\n<meta name=\"description\" content=\"D\u00e9couvrez le guide des tailles de la marque P\u00e9tuya afin de vous guider dans vos choix de couette et autres produits de la marque P\u00e9tuya.\" \/>\n<meta name=\"robots\" content=\"index, follow, max-snippet:-1, max-image-preview:large, max-video-preview:-1\" \/>\n<link rel=\"canonical\" href=\"https:\/\/petuya.fr\/en\/guide-des-tailles\/\" \/>\n<meta property=\"og:locale\" content=\"en_US\" \/>\n<meta property=\"og:type\" content=\"article\" \/>\n<meta property=\"og:title\" content=\"Guide des tailles - P\u00e9tuya\" \/>\n<meta property=\"og:description\" content=\"D\u00e9couvrez le guide des tailles de la marque P\u00e9tuya afin de vous guider dans vos choix de couette et autres produits de la marque P\u00e9tuya.\" \/>\n<meta property=\"og:url\" content=\"https:\/\/petuya.fr\/en\/guide-des-tailles\/\" \/>\n<meta property=\"og:site_name\" content=\"Petuya - Couette et Oreillers laine et lin - Made in France\" \/>\n<meta property=\"article:publisher\" content=\"https:\/\/www.facebook.com\/StephaniePetuya.Literie\" \/>\n<meta property=\"article:modified_time\" content=\"2024-03-30T16:18:33+00:00\" \/>\n<meta property=\"og:image\" content=\"https:\/\/petuya.fr\/wp-content\/uploads\/2022\/12\/guide-des-tailles-1024x585.png\" \/>\n<meta name=\"twitter:card\" content=\"summary_large_image\" \/>\n<meta name=\"twitter:label1\" content=\"Est. reading time\" \/>\n\t<meta name=\"twitter:data1\" content=\"2 minutes\" \/>\n<script type=\"application\/ld+json\" class=\"yoast-schema-graph\">{\"@context\":\"https:\\\/\\\/schema.org\",\"@graph\":[{\"@type\":\"WebPage\",\"@id\":\"https:\\\/\\\/petuya.fr\\\/guide-des-tailles\\\/\",\"url\":\"https:\\\/\\\/petuya.fr\\\/guide-des-tailles\\\/\",\"name\":\"Guide des tailles - P\u00e9tuya\",\"isPartOf\":{\"@id\":\"https:\\\/\\\/www.petuya.fr\\\/#website\"},\"primaryImageOfPage\":{\"@id\":\"https:\\\/\\\/petuya.fr\\\/guide-des-tailles\\\/#primaryimage\"},\"image\":{\"@id\":\"https:\\\/\\\/petuya.fr\\\/guide-des-tailles\\\/#primaryimage\"},\"thumbnailUrl\":\"https:\\\/\\\/petuya.fr\\\/wp-content\\\/uploads\\\/2022\\\/12\\\/guide-des-tailles-1024x585.png\",\"datePublished\":\"2022-12-07T15:38:03+00:00\",\"dateModified\":\"2024-03-30T16:18:33+00:00\",\"description\":\"D\u00e9couvrez le guide des tailles de la marque P\u00e9tuya afin de vous guider dans vos choix de couette et autres produits de la marque P\u00e9tuya.\",\"breadcrumb\":{\"@id\":\"https:\\\/\\\/petuya.fr\\\/guide-des-tailles\\\/#breadcrumb\"},\"inLanguage\":\"en-US\",\"potentialAction\":[{\"@type\":\"ReadAction\",\"target\":[\"https:\\\/\\\/petuya.fr\\\/guide-des-tailles\\\/\"]}]},{\"@type\":\"ImageObject\",\"inLanguage\":\"en-US\",\"@id\":\"https:\\\/\\\/petuya.fr\\\/guide-des-tailles\\\/#primaryimage\",\"url\":\"https:\\\/\\\/petuya.fr\\\/wp-content\\\/uploads\\\/2022\\\/12\\\/guide-des-tailles-1024x585.png\",\"contentUrl\":\"https:\\\/\\\/petuya.fr\\\/wp-content\\\/uploads\\\/2022\\\/12\\\/guide-des-tailles-1024x585.png\"},{\"@type\":\"BreadcrumbList\",\"@id\":\"https:\\\/\\\/petuya.fr\\\/guide-des-tailles\\\/#breadcrumb\",\"itemListElement\":[{\"@type\":\"ListItem\",\"position\":1,\"name\":\"Accueil\",\"item\":\"https:\\\/\\\/www.petuya.fr\\\/\"},{\"@type\":\"ListItem\",\"position\":2,\"name\":\"Guide des tailles\"}]},{\"@type\":\"WebSite\",\"@id\":\"https:\\\/\\\/www.petuya.fr\\\/#website\",\"url\":\"https:\\\/\\\/www.petuya.fr\\\/\",\"name\":\"P\u00e9tuya\",\"description\":\"\",\"publisher\":{\"@id\":\"https:\\\/\\\/www.petuya.fr\\\/#organization\"},\"potentialAction\":[{\"@type\":\"SearchAction\",\"target\":{\"@type\":\"EntryPoint\",\"urlTemplate\":\"https:\\\/\\\/www.petuya.fr\\\/?s={search_term_string}\"},\"query-input\":{\"@type\":\"PropertyValueSpecification\",\"valueRequired\":true,\"valueName\":\"search_term_string\"}}],\"inLanguage\":\"en-US\"},{\"@type\":\"Organization\",\"@id\":\"https:\\\/\\\/www.petuya.fr\\\/#organization\",\"name\":\"P\u00e9tuya\",\"url\":\"https:\\\/\\\/www.petuya.fr\\\/\",\"logo\":{\"@type\":\"ImageObject\",\"inLanguage\":\"en-US\",\"@id\":\"https:\\\/\\\/www.petuya.fr\\\/#\\\/schema\\\/logo\\\/image\\\/\",\"url\":\"https:\\\/\\\/i0.wp.com\\\/petuya.fr\\\/wp-content\\\/uploads\\\/2022\\\/12\\\/PETUYA-2211-GRIS-FONCE-03.png?fit=1773%2C804&ssl=1\",\"contentUrl\":\"https:\\\/\\\/i0.wp.com\\\/petuya.fr\\\/wp-content\\\/uploads\\\/2022\\\/12\\\/PETUYA-2211-GRIS-FONCE-03.png?fit=1773%2C804&ssl=1\",\"width\":1773,\"height\":804,\"caption\":\"P\u00e9tuya\"},\"image\":{\"@id\":\"https:\\\/\\\/www.petuya.fr\\\/#\\\/schema\\\/logo\\\/image\\\/\"},\"sameAs\":[\"https:\\\/\\\/www.facebook.com\\\/StephaniePetuya.Literie\",\"https:\\\/\\\/www.instagram.com\\\/stephaniepetuya\\\/?igshid=YmMyMTA2M2Y\",\"https:\\\/\\\/www.pinterest.fr\\\/maisonpetuya\\\/\"]}]}<\/script>\n<!-- \/ Yoast SEO plugin. -->","yoast_head_json":{"title":"Guide des tailles - P\u00e9tuya","description":"D\u00e9couvrez le guide des tailles de la marque P\u00e9tuya afin de vous guider dans vos choix de couette et autres produits de la marque P\u00e9tuya.","robots":{"index":"index","follow":"follow","max-snippet":"max-snippet:-1","max-image-preview":"max-image-preview:large","max-video-preview":"max-video-preview:-1"},"canonical":"https:\/\/petuya.fr\/en\/guide-des-tailles\/","og_locale":"en_US","og_type":"article","og_title":"Guide des tailles - P\u00e9tuya","og_description":"D\u00e9couvrez le guide des tailles de la marque P\u00e9tuya afin de vous guider dans vos choix de couette et autres produits de la marque P\u00e9tuya.","og_url":"https:\/\/petuya.fr\/en\/guide-des-tailles\/","og_site_name":"Petuya - Couette et Oreillers laine et lin - Made in France","article_publisher":"https:\/\/www.facebook.com\/StephaniePetuya.Literie","article_modified_time":"2024-03-30T16:18:33+00:00","og_image":[{"url":"https:\/\/petuya.fr\/wp-content\/uploads\/2022\/12\/guide-des-tailles-1024x585.png","type":"","width":"","height":""}],"twitter_card":"summary_large_image","twitter_misc":{"Est. reading time":"2 minutes"},"schema":{"@context":"https:\/\/schema.org","@graph":[{"@type":"WebPage","@id":"https:\/\/petuya.fr\/guide-des-tailles\/","url":"https:\/\/petuya.fr\/guide-des-tailles\/","name":"Guide des tailles - P\u00e9tuya","isPartOf":{"@id":"https:\/\/www.petuya.fr\/#website"},"primaryImageOfPage":{"@id":"https:\/\/petuya.fr\/guide-des-tailles\/#primaryimage"},"image":{"@id":"https:\/\/petuya.fr\/guide-des-tailles\/#primaryimage"},"thumbnailUrl":"https:\/\/petuya.fr\/wp-content\/uploads\/2022\/12\/guide-des-tailles-1024x585.png","datePublished":"2022-12-07T15:38:03+00:00","dateModified":"2024-03-30T16:18:33+00:00","description":"D\u00e9couvrez le guide des tailles de la marque P\u00e9tuya afin de vous guider dans vos choix de couette et autres produits de la marque P\u00e9tuya.","breadcrumb":{"@id":"https:\/\/petuya.fr\/guide-des-tailles\/#breadcrumb"},"inLanguage":"en-US","potentialAction":[{"@type":"ReadAction","target":["https:\/\/petuya.fr\/guide-des-tailles\/"]}]},{"@type":"ImageObject","inLanguage":"en-US","@id":"https:\/\/petuya.fr\/guide-des-tailles\/#primaryimage","url":"https:\/\/petuya.fr\/wp-content\/uploads\/2022\/12\/guide-des-tailles-1024x585.png","contentUrl":"https:\/\/petuya.fr\/wp-content\/uploads\/2022\/12\/guide-des-tailles-1024x585.png"},{"@type":"BreadcrumbList","@id":"https:\/\/petuya.fr\/guide-des-tailles\/#breadcrumb","itemListElement":[{"@type":"ListItem","position":1,"name":"Accueil","item":"https:\/\/www.petuya.fr\/"},{"@type":"ListItem","position":2,"name":"Guide des tailles"}]},{"@type":"WebSite","@id":"https:\/\/www.petuya.fr\/#website","url":"https:\/\/www.petuya.fr\/","name":"P\u00e9tuya","description":"","publisher":{"@id":"https:\/\/www.petuya.fr\/#organization"},"potentialAction":[{"@type":"SearchAction","target":{"@type":"EntryPoint","urlTemplate":"https:\/\/www.petuya.fr\/?s={search_term_string}"},"query-input":{"@type":"PropertyValueSpecification","valueRequired":true,"valueName":"search_term_string"}}],"inLanguage":"en-US"},{"@type":"Organization","@id":"https:\/\/www.petuya.fr\/#organization","name":"P\u00e9tuya","url":"https:\/\/www.petuya.fr\/","logo":{"@type":"ImageObject","inLanguage":"en-US","@id":"https:\/\/www.petuya.fr\/#\/schema\/logo\/image\/","url":"https:\/\/i0.wp.com\/petuya.fr\/wp-content\/uploads\/2022\/12\/PETUYA-2211-GRIS-FONCE-03.png?fit=1773%2C804&ssl=1","contentUrl":"https:\/\/i0.wp.com\/petuya.fr\/wp-content\/uploads\/2022\/12\/PETUYA-2211-GRIS-FONCE-03.png?fit=1773%2C804&ssl=1","width":1773,"height":804,"caption":"P\u00e9tuya"},"image":{"@id":"https:\/\/www.petuya.fr\/#\/schema\/logo\/image\/"},"sameAs":["https:\/\/www.facebook.com\/StephaniePetuya.Literie","https:\/\/www.instagram.com\/stephaniepetuya\/?igshid=YmMyMTA2M2Y","https:\/\/www.pinterest.fr\/maisonpetuya\/"]}]}},"jetpack_sharing_enabled":true,"_links":{"self":[{"href":"https:\/\/petuya.fr\/en\/wp-json\/wp\/v2\/pages\/1003","targetHints":{"allow":["GET"]}}],"collection":[{"href":"https:\/\/petuya.fr\/en\/wp-json\/wp\/v2\/pages"}],"about":[{"href":"https:\/\/petuya.fr\/en\/wp-json\/wp\/v2\/types\/page"}],"author":[{"embeddable":true,"href":"https:\/\/petuya.fr\/en\/wp-json\/wp\/v2\/users\/1"}],"replies":[{"embeddable":true,"href":"https:\/\/petuya.fr\/en\/wp-json\/wp\/v2\/comments?post=1003"}],"version-history":[{"count":11,"href":"https:\/\/petuya.fr\/en\/wp-json\/wp\/v2\/pages\/1003\/revisions"}],"predecessor-version":[{"id":3196,"href":"https:\/\/petuya.fr\/en\/wp-json\/wp\/v2\/pages\/1003\/revisions\/3196"}],"wp:attachment":[{"href":"https:\/\/petuya.fr\/en\/wp-json\/wp\/v2\/media?parent=1003"}],"curies":[{"name":"wp","href":"https:\/\/api.w.org\/{rel}","templated":true}]}}