{"id":919,"date":"2022-12-06T15:36:30","date_gmt":"2022-12-06T15:36:30","guid":{"rendered":"https:\/\/www.petuya.fr\/?page_id=919"},"modified":"2024-03-30T16:44:41","modified_gmt":"2024-03-30T16:44:41","slug":"espace-presse","status":"publish","type":"page","link":"https:\/\/petuya.fr\/en\/espace-presse\/","title":{"rendered":"Espace presse"},"content":{"rendered":"<div data-elementor-type=\"wp-page\" data-elementor-id=\"919\" class=\"elementor elementor-919\" data-elementor-post-type=\"page\">\n\t\t\t\t\t\t<section class=\"elementor-section elementor-top-section elementor-element elementor-element-26fe778 elementor-section-boxed elementor-section-height-default elementor-section-height-default\" data-id=\"26fe778\" data-element_type=\"section\" data-e-type=\"section\" data-settings=\"{&quot;background_background&quot;:&quot;classic&quot;}\">\n\t\t\t\t\t\t<div class=\"elementor-container elementor-column-gap-default\">\n\t\t\t\t\t<div class=\"elementor-column elementor-col-100 elementor-top-column elementor-element elementor-element-b4d0fb4\" data-id=\"b4d0fb4\" data-element_type=\"column\" data-e-type=\"column\">\n\t\t\t<div class=\"elementor-widget-wrap elementor-element-populated\">\n\t\t\t\t\t\t<div class=\"elementor-element elementor-element-daa3b69 elementor-widget elementor-widget-spacer\" data-id=\"daa3b69\" data-element_type=\"widget\" data-e-type=\"widget\" data-widget_type=\"spacer.default\">\n\t\t\t\t<div class=\"elementor-widget-container\">\n\t\t\t\t\t\t\t<div class=\"elementor-spacer\">\n\t\t\t<div class=\"elementor-spacer-inner\"><\/div>\n\t\t<\/div>\n\t\t\t\t\t\t<\/div>\n\t\t\t\t<\/div>\n\t\t\t\t<div class=\"elementor-element elementor-element-f686453 elementor-widget elementor-widget-heading\" data-id=\"f686453\" data-element_type=\"widget\" data-e-type=\"widget\" data-widget_type=\"heading.default\">\n\t\t\t\t<div class=\"elementor-widget-container\">\n\t\t\t\t\t<h1 class=\"elementor-heading-title elementor-size-default\">Espace presse<\/h1>\t\t\t\t<\/div>\n\t\t\t\t<\/div>\n\t\t\t\t<div class=\"elementor-element elementor-element-0a8e824 elementor-widget elementor-widget-heading\" data-id=\"0a8e824\" data-element_type=\"widget\" data-e-type=\"widget\" data-widget_type=\"heading.default\">\n\t\t\t\t<div class=\"elementor-widget-container\">\n\t\t\t\t\t<h2 class=\"elementor-heading-title elementor-size-default\">La maison P\u00c9TUYA mise \u00e0 l'honneur dans la presse<\/h2>\t\t\t\t<\/div>\n\t\t\t\t<\/div>\n\t\t\t\t<div class=\"elementor-element elementor-element-3c0d6f8 elementor-widget elementor-widget-spacer\" data-id=\"3c0d6f8\" data-element_type=\"widget\" data-e-type=\"widget\" data-widget_type=\"spacer.default\">\n\t\t\t\t<div class=\"elementor-widget-container\">\n\t\t\t\t\t\t\t<div class=\"elementor-spacer\">\n\t\t\t<div class=\"elementor-spacer-inner\"><\/div>\n\t\t<\/div>\n\t\t\t\t\t\t<\/div>\n\t\t\t\t<\/div>\n\t\t\t\t\t<\/div>\n\t\t<\/div>\n\t\t\t\t\t<\/div>\n\t\t<\/section>\n\t\t\t\t<section class=\"elementor-section elementor-top-section elementor-element elementor-element-5c328d0 elementor-section-boxed elementor-section-height-default elementor-section-height-default\" data-id=\"5c328d0\" data-element_type=\"section\" data-e-type=\"section\">\n\t\t\t\t\t\t<div class=\"elementor-container elementor-column-gap-default\">\n\t\t\t\t\t<div class=\"elementor-column elementor-col-100 elementor-top-column elementor-element elementor-element-a3c3d79\" data-id=\"a3c3d79\" data-element_type=\"column\" data-e-type=\"column\">\n\t\t\t<div class=\"elementor-widget-wrap elementor-element-populated\">\n\t\t\t\t\t\t<div class=\"elementor-element elementor-element-8127a4f elementor-widget elementor-widget-breadcrumbs\" data-id=\"8127a4f\" data-element_type=\"widget\" data-e-type=\"widget\" data-widget_type=\"breadcrumbs.default\">\n\t\t\t\t<div class=\"elementor-widget-container\">\n\t\t\t\t\t<p id=\"breadcrumbs\"><span><span><a href=\"https:\/\/petuya.fr\/en\/\">Accueil<\/a><\/span><\/span><\/p>\t\t\t\t<\/div>\n\t\t\t\t<\/div>\n\t\t\t\t\t<\/div>\n\t\t<\/div>\n\t\t\t\t\t<\/div>\n\t\t<\/section>\n\t\t\t\t<section class=\"elementor-section elementor-top-section elementor-element elementor-element-dddf399 elementor-section-boxed elementor-section-height-default elementor-section-height-default\" data-id=\"dddf399\" data-element_type=\"section\" data-e-type=\"section\">\n\t\t\t\t\t\t<div class=\"elementor-container elementor-column-gap-default\">\n\t\t\t\t\t<div class=\"elementor-column elementor-col-100 elementor-top-column elementor-element elementor-element-d09d5ef\" data-id=\"d09d5ef\" data-element_type=\"column\" data-e-type=\"column\">\n\t\t\t<div class=\"elementor-widget-wrap elementor-element-populated\">\n\t\t\t\t\t\t<div class=\"elementor-element elementor-element-e154d8a elementor-widget elementor-widget-gallery\" data-id=\"e154d8a\" data-element_type=\"widget\" data-e-type=\"widget\" data-settings=\"{&quot;gallery_layout&quot;:&quot;masonry&quot;,&quot;columns&quot;:2,&quot;gap&quot;:{&quot;unit&quot;:&quot;px&quot;,&quot;size&quot;:25,&quot;sizes&quot;:[]},&quot;lazyload&quot;:&quot;yes&quot;,&quot;columns_tablet&quot;:2,&quot;columns_mobile&quot;:1,&quot;gap_tablet&quot;:{&quot;unit&quot;:&quot;px&quot;,&quot;size&quot;:10,&quot;sizes&quot;:[]},&quot;gap_mobile&quot;:{&quot;unit&quot;:&quot;px&quot;,&quot;size&quot;:10,&quot;sizes&quot;:[]},&quot;link_to&quot;:&quot;file&quot;,&quot;overlay_background&quot;:&quot;yes&quot;,&quot;content_hover_animation&quot;:&quot;fade-in&quot;}\" data-widget_type=\"gallery.default\">\n\t\t\t\t<div class=\"elementor-widget-container\">\n\t\t\t\t\t\t\t<div class=\"elementor-gallery__container\">\n\t\t\t\t\t\t\t<a class=\"e-gallery-item elementor-gallery-item elementor-animated-content\" href=\"https:\/\/i0.wp.com\/petuya.fr\/wp-content\/uploads\/2022\/12\/article-journal_page-0001.jpg?fit=782%2C1755&#038;ssl=1\" data-elementor-open-lightbox=\"yes\" data-elementor-lightbox-slideshow=\"e154d8a\" data-elementor-lightbox-title=\"article journal_page-0001\" data-e-action-hash=\"#elementor-action%3Aaction%3Dlightbox%26settings%3DeyJpZCI6MTk5MCwidXJsIjoiaHR0cHM6XC9cL3BldHV5YS5mclwvd3AtY29udGVudFwvdXBsb2Fkc1wvMjAyMlwvMTJcL2FydGljbGUtam91cm5hbF9wYWdlLTAwMDEuanBnIiwic2xpZGVzaG93IjoiZTE1NGQ4YSJ9\">\n\t\t\t\t\t<div class=\"e-gallery-image elementor-gallery-item__image\" data-thumbnail=\"https:\/\/i0.wp.com\/petuya.fr\/wp-content\/uploads\/2022\/12\/article-journal_page-0001.jpg?fit=782%2C1755&amp;ssl=1\" data-width=\"782\" data-height=\"1755\" aria-label=\"article Maison P\u00e9tuya\" role=\"img\" ><\/div>\n\t\t\t\t\t\t\t\t\t\t\t<div class=\"elementor-gallery-item__overlay\"><\/div>\n\t\t\t\t\t\t\t\t\t\t\t\t\t\t<\/a>\n\t\t\t\t\t\t\t<a class=\"e-gallery-item elementor-gallery-item elementor-animated-content\" href=\"https:\/\/i0.wp.com\/petuya.fr\/wp-content\/uploads\/2022\/12\/image.jpg?fit=594%2C530&#038;ssl=1\" data-elementor-open-lightbox=\"yes\" data-elementor-lightbox-slideshow=\"e154d8a\" data-elementor-lightbox-title=\"P\u00e9tuya dans la Presse Alsacienne\" data-e-action-hash=\"#elementor-action%3Aaction%3Dlightbox%26settings%3DeyJpZCI6OTI0LCJ1cmwiOiJodHRwczpcL1wvcGV0dXlhLmZyXC93cC1jb250ZW50XC91cGxvYWRzXC8yMDIyXC8xMlwvaW1hZ2UuanBnIiwic2xpZGVzaG93IjoiZTE1NGQ4YSJ9\">\n\t\t\t\t\t<div class=\"e-gallery-image elementor-gallery-item__image\" data-thumbnail=\"https:\/\/i0.wp.com\/petuya.fr\/wp-content\/uploads\/2022\/12\/image.jpg?fit=594%2C530&amp;ssl=1\" data-width=\"594\" data-height=\"530\" aria-label=\"P\u00e9tuya dans la Presse Alsacienne\" role=\"img\" ><\/div>\n\t\t\t\t\t\t\t\t\t\t\t<div class=\"elementor-gallery-item__overlay\"><\/div>\n\t\t\t\t\t\t\t\t\t\t\t\t\t\t<\/a>\n\t\t\t\t\t\t\t<a class=\"e-gallery-item elementor-gallery-item elementor-animated-content\" href=\"https:\/\/i0.wp.com\/petuya.fr\/wp-content\/uploads\/2022\/12\/image-1.jpg?fit=540%2C531&#038;ssl=1\" data-elementor-open-lightbox=\"yes\" data-elementor-lightbox-slideshow=\"e154d8a\" data-elementor-lightbox-title=\"article presse literie Petuya\" data-e-action-hash=\"#elementor-action%3Aaction%3Dlightbox%26settings%3DeyJpZCI6OTIzLCJ1cmwiOiJodHRwczpcL1wvcGV0dXlhLmZyXC93cC1jb250ZW50XC91cGxvYWRzXC8yMDIyXC8xMlwvaW1hZ2UtMS5qcGciLCJzbGlkZXNob3ciOiJlMTU0ZDhhIn0%3D\">\n\t\t\t\t\t<div class=\"e-gallery-image elementor-gallery-item__image\" data-thumbnail=\"https:\/\/i0.wp.com\/petuya.fr\/wp-content\/uploads\/2022\/12\/image-1.jpg?fit=540%2C531&amp;ssl=1\" data-width=\"540\" data-height=\"531\" aria-label=\"article presse literie Petuya\" role=\"img\" ><\/div>\n\t\t\t\t\t\t\t\t\t\t\t<div class=\"elementor-gallery-item__overlay\"><\/div>\n\t\t\t\t\t\t\t\t\t\t\t\t\t\t<\/a>\n\t\t\t\t\t\t\t<a class=\"e-gallery-item elementor-gallery-item elementor-animated-content\" href=\"https:\/\/i0.wp.com\/petuya.fr\/wp-content\/uploads\/2022\/12\/Capture-decran-2022-09-23-a-10.31.59.png?fit=2080%2C1518&#038;ssl=1\" data-elementor-open-lightbox=\"yes\" data-elementor-lightbox-slideshow=\"e154d8a\" data-elementor-lightbox-title=\"article presse Stephanie Petuya\" data-e-action-hash=\"#elementor-action%3Aaction%3Dlightbox%26settings%3DeyJpZCI6OTIyLCJ1cmwiOiJodHRwczpcL1wvcGV0dXlhLmZyXC93cC1jb250ZW50XC91cGxvYWRzXC8yMDIyXC8xMlwvQ2FwdHVyZS1kZWNyYW4tMjAyMi0wOS0yMy1hLTEwLjMxLjU5LnBuZyIsInNsaWRlc2hvdyI6ImUxNTRkOGEifQ%3D%3D\">\n\t\t\t\t\t<div class=\"e-gallery-image elementor-gallery-item__image\" data-thumbnail=\"https:\/\/i0.wp.com\/petuya.fr\/wp-content\/uploads\/2022\/12\/Capture-decran-2022-09-23-a-10.31.59.png?fit=2080%2C1518&amp;ssl=1\" data-width=\"2080\" data-height=\"1518\" aria-label=\"article presse Stephanie Petuya\" role=\"img\" ><\/div>\n\t\t\t\t\t\t\t\t\t\t\t<div class=\"elementor-gallery-item__overlay\"><\/div>\n\t\t\t\t\t\t\t\t\t\t\t\t\t\t<\/a>\n\t\t\t\t\t<\/div>\n\t\t\t\t\t<\/div>\n\t\t\t\t<\/div>\n\t\t\t\t\t<\/div>\n\t\t<\/div>\n\t\t\t\t\t<\/div>\n\t\t<\/section>\n\t\t\t\t<\/div>","protected":false},"excerpt":{"rendered":"<p>Espace presse La maison P\u00c9TUYA mise \u00e0 l&rsquo;honneur dans la presse<\/p>","protected":false},"author":1,"featured_media":0,"parent":0,"menu_order":0,"comment_status":"closed","ping_status":"closed","template":"","meta":{"site-sidebar-layout":"no-sidebar","site-content-layout":"page-builder","ast-site-content-layout":"full-width-container","site-content-style":"unboxed","site-sidebar-style":"unboxed","ast-global-header-display":"","ast-banner-title-visibility":"","ast-main-header-display":"","ast-hfb-above-header-display":"","ast-hfb-below-header-display":"","ast-hfb-mobile-header-display":"","site-post-title":"disabled","ast-breadcrumbs-content":"","ast-featured-img":"disabled","footer-sml-layout":"","ast-disable-related-posts":"","theme-transparent-header-meta":"","adv-header-id-meta":"","stick-header-meta":"","header-above-stick-meta":"","header-main-stick-meta":"","header-below-stick-meta":"","astra-migrate-meta-layouts":"set","ast-page-background-enabled":"default","ast-page-background-meta":{"desktop":{"background-color":"var(--ast-global-color-4)","background-image":"","background-repeat":"repeat","background-position":"center center","background-size":"auto","background-attachment":"scroll","background-type":"","background-media":"","overlay-type":"","overlay-color":"","overlay-opacity":"","overlay-gradient":""},"tablet":{"background-color":"","background-image":"","background-repeat":"repeat","background-position":"center center","background-size":"auto","background-attachment":"scroll","background-type":"","background-media":"","overlay-type":"","overlay-color":"","overlay-opacity":"","overlay-gradient":""},"mobile":{"background-color":"","background-image":"","background-repeat":"repeat","background-position":"center center","background-size":"auto","background-attachment":"scroll","background-type":"","background-media":"","overlay-type":"","overlay-color":"","overlay-opacity":"","overlay-gradient":""}},"ast-content-background-meta":{"desktop":{"background-color":"var(--ast-global-color-5)","background-image":"","background-repeat":"repeat","background-position":"center center","background-size":"auto","background-attachment":"scroll","background-type":"","background-media":"","overlay-type":"","overlay-color":"","overlay-opacity":"","overlay-gradient":""},"tablet":{"background-color":"var(--ast-global-color-5)","background-image":"","background-repeat":"repeat","background-position":"center center","background-size":"auto","background-attachment":"scroll","background-type":"","background-media":"","overlay-type":"","overlay-color":"","overlay-opacity":"","overlay-gradient":""},"mobile":{"background-color":"var(--ast-global-color-5)","background-image":"","background-repeat":"repeat","background-position":"center center","background-size":"auto","background-attachment":"scroll","background-type":"","background-media":"","overlay-type":"","overlay-color":"","overlay-opacity":"","overlay-gradient":""}},"footnotes":""},"class_list":["post-919","page","type-page","status-publish","hentry"],"yoast_head":"<!-- This site is optimized with the Yoast SEO plugin v27.5 - https:\/\/yoast.com\/product\/yoast-seo-wordpress\/ -->\n<title>Espace presse - P\u00e9tuya<\/title>\n<meta name=\"description\" content=\"Vous retrouverez ici les communiqu\u00e9s de presse, le dossier de presse et l&#039;ensemble des reportages sur la marque P\u00e9tuya.\" \/>\n<meta name=\"robots\" content=\"noindex, follow\" \/>\n<meta property=\"og:locale\" content=\"en_US\" \/>\n<meta property=\"og:type\" content=\"article\" \/>\n<meta property=\"og:title\" content=\"Espace presse - P\u00e9tuya\" \/>\n<meta property=\"og:description\" content=\"Vous retrouverez ici les communiqu\u00e9s de presse, le dossier de presse et l&#039;ensemble des reportages sur la marque P\u00e9tuya.\" \/>\n<meta property=\"og:url\" content=\"https:\/\/petuya.fr\/en\/espace-presse\/\" \/>\n<meta property=\"og:site_name\" content=\"Petuya - Couette et Oreillers laine et lin - Made in France\" \/>\n<meta property=\"article:publisher\" content=\"https:\/\/www.facebook.com\/StephaniePetuya.Literie\" \/>\n<meta property=\"article:modified_time\" content=\"2024-03-30T16:44:41+00:00\" \/>\n<meta name=\"twitter:card\" content=\"summary_large_image\" \/>\n<meta name=\"twitter:label1\" content=\"Est. reading time\" \/>\n\t<meta name=\"twitter:data1\" content=\"1 minute\" \/>\n<script type=\"application\/ld+json\" class=\"yoast-schema-graph\">{\"@context\":\"https:\\\/\\\/schema.org\",\"@graph\":[{\"@type\":\"WebPage\",\"@id\":\"https:\\\/\\\/petuya.fr\\\/espace-presse\\\/\",\"url\":\"https:\\\/\\\/petuya.fr\\\/espace-presse\\\/\",\"name\":\"Espace presse - P\u00e9tuya\",\"isPartOf\":{\"@id\":\"https:\\\/\\\/www.petuya.fr\\\/#website\"},\"datePublished\":\"2022-12-06T15:36:30+00:00\",\"dateModified\":\"2024-03-30T16:44:41+00:00\",\"description\":\"Vous retrouverez ici les communiqu\u00e9s de presse, le dossier de presse et l'ensemble des reportages sur la marque P\u00e9tuya.\",\"breadcrumb\":{\"@id\":\"https:\\\/\\\/petuya.fr\\\/espace-presse\\\/#breadcrumb\"},\"inLanguage\":\"en-US\",\"potentialAction\":[{\"@type\":\"ReadAction\",\"target\":[\"https:\\\/\\\/petuya.fr\\\/espace-presse\\\/\"]}]},{\"@type\":\"BreadcrumbList\",\"@id\":\"https:\\\/\\\/petuya.fr\\\/espace-presse\\\/#breadcrumb\",\"itemListElement\":[{\"@type\":\"ListItem\",\"position\":1,\"name\":\"Accueil\",\"item\":\"https:\\\/\\\/www.petuya.fr\\\/\"},{\"@type\":\"ListItem\",\"position\":2,\"name\":\"Espace presse\"}]},{\"@type\":\"WebSite\",\"@id\":\"https:\\\/\\\/www.petuya.fr\\\/#website\",\"url\":\"https:\\\/\\\/www.petuya.fr\\\/\",\"name\":\"P\u00e9tuya\",\"description\":\"\",\"publisher\":{\"@id\":\"https:\\\/\\\/www.petuya.fr\\\/#organization\"},\"potentialAction\":[{\"@type\":\"SearchAction\",\"target\":{\"@type\":\"EntryPoint\",\"urlTemplate\":\"https:\\\/\\\/www.petuya.fr\\\/?s={search_term_string}\"},\"query-input\":{\"@type\":\"PropertyValueSpecification\",\"valueRequired\":true,\"valueName\":\"search_term_string\"}}],\"inLanguage\":\"en-US\"},{\"@type\":\"Organization\",\"@id\":\"https:\\\/\\\/www.petuya.fr\\\/#organization\",\"name\":\"P\u00e9tuya\",\"url\":\"https:\\\/\\\/www.petuya.fr\\\/\",\"logo\":{\"@type\":\"ImageObject\",\"inLanguage\":\"en-US\",\"@id\":\"https:\\\/\\\/www.petuya.fr\\\/#\\\/schema\\\/logo\\\/image\\\/\",\"url\":\"https:\\\/\\\/i0.wp.com\\\/petuya.fr\\\/wp-content\\\/uploads\\\/2022\\\/12\\\/PETUYA-2211-GRIS-FONCE-03.png?fit=1773%2C804&ssl=1\",\"contentUrl\":\"https:\\\/\\\/i0.wp.com\\\/petuya.fr\\\/wp-content\\\/uploads\\\/2022\\\/12\\\/PETUYA-2211-GRIS-FONCE-03.png?fit=1773%2C804&ssl=1\",\"width\":1773,\"height\":804,\"caption\":\"P\u00e9tuya\"},\"image\":{\"@id\":\"https:\\\/\\\/www.petuya.fr\\\/#\\\/schema\\\/logo\\\/image\\\/\"},\"sameAs\":[\"https:\\\/\\\/www.facebook.com\\\/StephaniePetuya.Literie\",\"https:\\\/\\\/www.instagram.com\\\/stephaniepetuya\\\/?igshid=YmMyMTA2M2Y\",\"https:\\\/\\\/www.pinterest.fr\\\/maisonpetuya\\\/\"]}]}<\/script>\n<!-- \/ Yoast SEO plugin. -->","yoast_head_json":{"title":"Espace presse - P\u00e9tuya","description":"Vous retrouverez ici les communiqu\u00e9s de presse, le dossier de presse et l'ensemble des reportages sur la marque P\u00e9tuya.","robots":{"index":"noindex","follow":"follow"},"og_locale":"en_US","og_type":"article","og_title":"Espace presse - P\u00e9tuya","og_description":"Vous retrouverez ici les communiqu\u00e9s de presse, le dossier de presse et l'ensemble des reportages sur la marque P\u00e9tuya.","og_url":"https:\/\/petuya.fr\/en\/espace-presse\/","og_site_name":"Petuya - Couette et Oreillers laine et lin - Made in France","article_publisher":"https:\/\/www.facebook.com\/StephaniePetuya.Literie","article_modified_time":"2024-03-30T16:44:41+00:00","twitter_card":"summary_large_image","twitter_misc":{"Est. reading time":"1 minute"},"schema":{"@context":"https:\/\/schema.org","@graph":[{"@type":"WebPage","@id":"https:\/\/petuya.fr\/espace-presse\/","url":"https:\/\/petuya.fr\/espace-presse\/","name":"Espace presse - P\u00e9tuya","isPartOf":{"@id":"https:\/\/www.petuya.fr\/#website"},"datePublished":"2022-12-06T15:36:30+00:00","dateModified":"2024-03-30T16:44:41+00:00","description":"Vous retrouverez ici les communiqu\u00e9s de presse, le dossier de presse et l'ensemble des reportages sur la marque P\u00e9tuya.","breadcrumb":{"@id":"https:\/\/petuya.fr\/espace-presse\/#breadcrumb"},"inLanguage":"en-US","potentialAction":[{"@type":"ReadAction","target":["https:\/\/petuya.fr\/espace-presse\/"]}]},{"@type":"BreadcrumbList","@id":"https:\/\/petuya.fr\/espace-presse\/#breadcrumb","itemListElement":[{"@type":"ListItem","position":1,"name":"Accueil","item":"https:\/\/www.petuya.fr\/"},{"@type":"ListItem","position":2,"name":"Espace presse"}]},{"@type":"WebSite","@id":"https:\/\/www.petuya.fr\/#website","url":"https:\/\/www.petuya.fr\/","name":"P\u00e9tuya","description":"","publisher":{"@id":"https:\/\/www.petuya.fr\/#organization"},"potentialAction":[{"@type":"SearchAction","target":{"@type":"EntryPoint","urlTemplate":"https:\/\/www.petuya.fr\/?s={search_term_string}"},"query-input":{"@type":"PropertyValueSpecification","valueRequired":true,"valueName":"search_term_string"}}],"inLanguage":"en-US"},{"@type":"Organization","@id":"https:\/\/www.petuya.fr\/#organization","name":"P\u00e9tuya","url":"https:\/\/www.petuya.fr\/","logo":{"@type":"ImageObject","inLanguage":"en-US","@id":"https:\/\/www.petuya.fr\/#\/schema\/logo\/image\/","url":"https:\/\/i0.wp.com\/petuya.fr\/wp-content\/uploads\/2022\/12\/PETUYA-2211-GRIS-FONCE-03.png?fit=1773%2C804&ssl=1","contentUrl":"https:\/\/i0.wp.com\/petuya.fr\/wp-content\/uploads\/2022\/12\/PETUYA-2211-GRIS-FONCE-03.png?fit=1773%2C804&ssl=1","width":1773,"height":804,"caption":"P\u00e9tuya"},"image":{"@id":"https:\/\/www.petuya.fr\/#\/schema\/logo\/image\/"},"sameAs":["https:\/\/www.facebook.com\/StephaniePetuya.Literie","https:\/\/www.instagram.com\/stephaniepetuya\/?igshid=YmMyMTA2M2Y","https:\/\/www.pinterest.fr\/maisonpetuya\/"]}]}},"jetpack_sharing_enabled":true,"_links":{"self":[{"href":"https:\/\/petuya.fr\/en\/wp-json\/wp\/v2\/pages\/919","targetHints":{"allow":["GET"]}}],"collection":[{"href":"https:\/\/petuya.fr\/en\/wp-json\/wp\/v2\/pages"}],"about":[{"href":"https:\/\/petuya.fr\/en\/wp-json\/wp\/v2\/types\/page"}],"author":[{"embeddable":true,"href":"https:\/\/petuya.fr\/en\/wp-json\/wp\/v2\/users\/1"}],"replies":[{"embeddable":true,"href":"https:\/\/petuya.fr\/en\/wp-json\/wp\/v2\/comments?post=919"}],"version-history":[{"count":9,"href":"https:\/\/petuya.fr\/en\/wp-json\/wp\/v2\/pages\/919\/revisions"}],"predecessor-version":[{"id":3212,"href":"https:\/\/petuya.fr\/en\/wp-json\/wp\/v2\/pages\/919\/revisions\/3212"}],"wp:attachment":[{"href":"https:\/\/petuya.fr\/en\/wp-json\/wp\/v2\/media?parent=919"}],"curies":[{"name":"wp","href":"https:\/\/api.w.org\/{rel}","templated":true}]}}