{"id":1394,"date":"2022-12-08T16:09:22","date_gmt":"2022-12-08T16:09:22","guid":{"rendered":"https:\/\/www.petuya.fr\/?post_type=product&#038;p=1394"},"modified":"2025-09-02T15:51:48","modified_gmt":"2025-09-02T15:51:48","slug":"collection-cervidoux-en-balles-depeautre-bio","status":"publish","type":"product","link":"https:\/\/petuya.fr\/en\/product\/collection-cervidoux-en-balles-depeautre-bio\/","title":{"rendered":"Collection Cervidoux en balles d&rsquo;\u00e9peautre bio"},"content":{"rendered":"<p><strong>Caract\u00e9ristiques de l&rsquo;oreiller :<br \/>\n<\/strong><span style=\"font-weight: 400;\">Oreiller d\u00e9houssable<br \/>\n<\/span><span style=\"font-weight: 400;\"><strong>Tailles :<\/strong> 30&#215;40 &#8211; 40&#215;60<br \/>\n<strong>Garnissage :<\/strong> Balles d&rsquo;\u00e9peautre bio<br \/>\n<strong>Enveloppe :<\/strong> Lin naturel<br \/>\n<\/span><\/p>\n<p><strong>Pourquoi choisir cet oreiller ?<br \/>\n<\/strong><span style=\"font-weight: 400;\">L\u2019<strong>oreiller Cervidoux en balles d\u2019\u00e9peautre bio<\/strong> est id\u00e9al pour ceux qui pr\u00e9f\u00e8rent un <strong>maintien mi-souple<\/strong> et <strong>mi-ferme<\/strong>. La forme en \u00e9pis de bl\u00e9 de la balle d\u2019\u00e9peautre permet \u00e0 l\u2019air de circuler librement.<br \/>\n<\/span><span style=\"font-weight: 400;\">Les frottements apportent une douce m\u00e9lodie champ\u00eatre. Si vous \u00eates sensible au bruit, il est pr\u00e9f\u00e9rable de s\u2019orienter vers un oreiller garni de balles de millet.<br \/>\n<\/span><span style=\"font-weight: 400;\">Notre <strong>oreiller en balles d&rsquo;\u00e9peautre bio<\/strong> \u00e9pouse la courbure naturelle de votre nuque pour une <strong>relaxation optimale des cervicales.<br \/>\n<\/strong><\/span><span style=\"font-weight: 400;\">L\u2019oreiller se met facilement en place et vous maintient sans s\u2019affaisser.<\/span><\/p>\n<p><span style=\"font-weight: 400;\">L\u2019enveloppe est en lin naturel fran\u00e7ais \u00e9quip\u00e9e d\u2019une fermeture \u00e0 glissi\u00e8re qui vous permet :<\/span><\/p>\n<ul>\n<li><span style=\"font-weight: 400;\">d\u2019ajuster la quantit\u00e9 de balles de sarrasin pour un maintien id\u00e9al<\/span><\/li>\n<li>de vider l\u2019oreiller pour a\u00e9rer les balles<\/li>\n<li>de laver l\u2019enveloppe<\/li>\n<\/ul>\n<p><span style=\"font-weight: 400;\">Pensez \u00e0 a\u00e9rer r\u00e9guli\u00e8rement votre oreiller en le mettant au soleil.<br \/>\n<\/span><span style=\"font-weight: 400;\">Des recharges de balles d\u2019\u00e9peautre de 150g ou 300g peuvent compl\u00e9ter le garnissage.<\/span><\/p>\n<p><strong>Livraison :<\/strong><br \/>\n<span style=\"font-weight: 400;\">Sous 1 mois, sous r\u00e9serve de stocks<\/span><\/p>","protected":false},"excerpt":{"rendered":"<p>L&rsquo;oreiller naturel pour le maintien des cervicales. L\u2019oreiller Cervidoux en balles d\u2019\u00e9peautre bio est id\u00e9al pour ceux qui pr\u00e9f\u00e8rent un maintien mi-souple et mi-ferme.<br \/>\n<a href=\"https:\/\/petuya.fr\/en\/guide-des-tailles\/\">Guide des tailles<\/a> &#8211; <a href=\"https:\/\/petuya.fr\/en\/guide-dentretien\/\">Guide d&rsquo;entretien<\/a><\/p>","protected":false},"featured_media":1529,"template":"","meta":{"site-sidebar-layout":"default","site-content-layout":"default","ast-site-content-layout":"default","site-content-style":"default","site-sidebar-style":"default","ast-global-header-display":"","ast-banner-title-visibility":"","ast-main-header-display":"","ast-hfb-above-header-display":"","ast-hfb-below-header-display":"","ast-hfb-mobile-header-display":"","site-post-title":"","ast-breadcrumbs-content":"","ast-featured-img":"","footer-sml-layout":"","ast-disable-related-posts":"","theme-transparent-header-meta":"default","adv-header-id-meta":"","stick-header-meta":"","header-above-stick-meta":"","header-main-stick-meta":"","header-below-stick-meta":"","astra-migrate-meta-layouts":"default","ast-page-background-enabled":"default","ast-page-background-meta":{"desktop":{"background-color":"var(--ast-global-color-4)","background-image":"","background-repeat":"repeat","background-position":"center center","background-size":"auto","background-attachment":"scroll","background-type":"","background-media":"","overlay-type":"","overlay-color":"","overlay-opacity":"","overlay-gradient":""},"tablet":{"background-color":"","background-image":"","background-repeat":"repeat","background-position":"center center","background-size":"auto","background-attachment":"scroll","background-type":"","background-media":"","overlay-type":"","overlay-color":"","overlay-opacity":"","overlay-gradient":""},"mobile":{"background-color":"","background-image":"","background-repeat":"repeat","background-position":"center center","background-size":"auto","background-attachment":"scroll","background-type":"","background-media":"","overlay-type":"","overlay-color":"","overlay-opacity":"","overlay-gradient":""}},"ast-content-background-meta":{"desktop":{"background-color":"var(--ast-global-color-5)","background-image":"","background-repeat":"repeat","background-position":"center center","background-size":"auto","background-attachment":"scroll","background-type":"","background-media":"","overlay-type":"","overlay-color":"","overlay-opacity":"","overlay-gradient":""},"tablet":{"background-color":"var(--ast-global-color-5)","background-image":"","background-repeat":"repeat","background-position":"center center","background-size":"auto","background-attachment":"scroll","background-type":"","background-media":"","overlay-type":"","overlay-color":"","overlay-opacity":"","overlay-gradient":""},"mobile":{"background-color":"var(--ast-global-color-5)","background-image":"","background-repeat":"repeat","background-position":"center center","background-size":"auto","background-attachment":"scroll","background-type":"","background-media":"","overlay-type":"","overlay-color":"","overlay-opacity":"","overlay-gradient":""}}},"product_brand":[],"product_cat":[26,25],"product_tag":[],"class_list":{"0":"post-1394","1":"product","2":"type-product","3":"status-publish","4":"has-post-thumbnail","6":"product_cat-lit","7":"product_cat-oreillers","8":"product_shipping_class-colissimo-avec-signature","9":"desktop-align-left","10":"tablet-align-left","11":"mobile-align-left","13":"first","14":"instock","15":"taxable","16":"shipping-taxable","17":"purchasable","18":"product-type-variable"},"yoast_head":"<!-- This site is optimized with the Yoast SEO plugin v27.5 - https:\/\/yoast.com\/product\/yoast-seo-wordpress\/ -->\n<title>Collection Cervidoux en balles d&#039;\u00e9peautre bio - P\u00e9tuya<\/title>\n<meta name=\"description\" content=\"D\u00e9couvrez notre collection d&#039;oreillers cervidoux et notre oreiller en balles d&#039;\u00e9peautre bio, solution id\u00e9ale pour relaxer vos cervicales.\" \/>\n<meta name=\"robots\" content=\"index, follow, max-snippet:-1, max-image-preview:large, max-video-preview:-1\" \/>\n<link rel=\"canonical\" href=\"https:\/\/petuya.fr\/en\/product\/collection-cervidoux-en-balles-depeautre-bio\/\" \/>\n<meta property=\"og:locale\" content=\"en_US\" \/>\n<meta property=\"og:type\" content=\"article\" \/>\n<meta property=\"og:title\" content=\"Collection Cervidoux en balles d&#039;\u00e9peautre bio - P\u00e9tuya\" \/>\n<meta property=\"og:description\" content=\"D\u00e9couvrez notre collection d&#039;oreillers cervidoux et notre oreiller en balles d&#039;\u00e9peautre bio, solution id\u00e9ale pour relaxer vos cervicales.\" \/>\n<meta property=\"og:url\" content=\"https:\/\/petuya.fr\/en\/product\/collection-cervidoux-en-balles-depeautre-bio\/\" \/>\n<meta property=\"og:site_name\" content=\"Petuya - Couette et Oreillers laine et lin - Made in France\" \/>\n<meta property=\"article:publisher\" content=\"https:\/\/www.facebook.com\/StephaniePetuya.Literie\" \/>\n<meta property=\"article:modified_time\" content=\"2025-09-02T15:51:48+00:00\" \/>\n<meta property=\"og:image\" content=\"https:\/\/i0.wp.com\/petuya.fr\/wp-content\/uploads\/2022\/12\/Photo041-scaled.jpg?fit=2560%2C1708&ssl=1\" \/>\n\t<meta property=\"og:image:width\" content=\"2560\" \/>\n\t<meta property=\"og:image:height\" content=\"1708\" \/>\n\t<meta property=\"og:image:type\" content=\"image\/jpeg\" \/>\n<meta name=\"twitter:card\" content=\"summary_large_image\" \/>\n<meta name=\"twitter:label1\" content=\"Est. reading time\" \/>\n\t<meta name=\"twitter:data1\" content=\"1 minute\" \/>\n<script type=\"application\/ld+json\" class=\"yoast-schema-graph\">{\"@context\":\"https:\\\/\\\/schema.org\",\"@graph\":[{\"@type\":\"WebPage\",\"@id\":\"https:\\\/\\\/petuya.fr\\\/produit\\\/collection-cervidoux-en-balles-depeautre-bio\\\/\",\"url\":\"https:\\\/\\\/petuya.fr\\\/produit\\\/collection-cervidoux-en-balles-depeautre-bio\\\/\",\"name\":\"Collection Cervidoux en balles d'\u00e9peautre bio - P\u00e9tuya\",\"isPartOf\":{\"@id\":\"https:\\\/\\\/www.petuya.fr\\\/#website\"},\"primaryImageOfPage\":{\"@id\":\"https:\\\/\\\/petuya.fr\\\/produit\\\/collection-cervidoux-en-balles-depeautre-bio\\\/#primaryimage\"},\"image\":{\"@id\":\"https:\\\/\\\/petuya.fr\\\/produit\\\/collection-cervidoux-en-balles-depeautre-bio\\\/#primaryimage\"},\"thumbnailUrl\":\"https:\\\/\\\/i0.wp.com\\\/petuya.fr\\\/wp-content\\\/uploads\\\/2022\\\/12\\\/Photo041-scaled.jpg?fit=2560%2C1708&ssl=1\",\"datePublished\":\"2022-12-08T16:09:22+00:00\",\"dateModified\":\"2025-09-02T15:51:48+00:00\",\"description\":\"D\u00e9couvrez notre collection d'oreillers cervidoux et notre oreiller en balles d'\u00e9peautre bio, solution id\u00e9ale pour relaxer vos cervicales.\",\"breadcrumb\":{\"@id\":\"https:\\\/\\\/petuya.fr\\\/produit\\\/collection-cervidoux-en-balles-depeautre-bio\\\/#breadcrumb\"},\"inLanguage\":\"en-US\",\"potentialAction\":[{\"@type\":\"ReadAction\",\"target\":[\"https:\\\/\\\/petuya.fr\\\/produit\\\/collection-cervidoux-en-balles-depeautre-bio\\\/\"]}]},{\"@type\":\"ImageObject\",\"inLanguage\":\"en-US\",\"@id\":\"https:\\\/\\\/petuya.fr\\\/produit\\\/collection-cervidoux-en-balles-depeautre-bio\\\/#primaryimage\",\"url\":\"https:\\\/\\\/i0.wp.com\\\/petuya.fr\\\/wp-content\\\/uploads\\\/2022\\\/12\\\/Photo041-scaled.jpg?fit=2560%2C1708&ssl=1\",\"contentUrl\":\"https:\\\/\\\/i0.wp.com\\\/petuya.fr\\\/wp-content\\\/uploads\\\/2022\\\/12\\\/Photo041-scaled.jpg?fit=2560%2C1708&ssl=1\",\"width\":2560,\"height\":1708,\"caption\":\"Coussin balles \u00e9peautre\"},{\"@type\":\"BreadcrumbList\",\"@id\":\"https:\\\/\\\/petuya.fr\\\/produit\\\/collection-cervidoux-en-balles-depeautre-bio\\\/#breadcrumb\",\"itemListElement\":[{\"@type\":\"ListItem\",\"position\":1,\"name\":\"Accueil\",\"item\":\"https:\\\/\\\/www.petuya.fr\\\/\"},{\"@type\":\"ListItem\",\"position\":2,\"name\":\"Produits\",\"item\":\"https:\\\/\\\/www.petuya.fr\\\/shop\\\/\"},{\"@type\":\"ListItem\",\"position\":3,\"name\":\"Collection Cervidoux en balles d&rsquo;\u00e9peautre bio\"}]},{\"@type\":\"WebSite\",\"@id\":\"https:\\\/\\\/www.petuya.fr\\\/#website\",\"url\":\"https:\\\/\\\/www.petuya.fr\\\/\",\"name\":\"P\u00e9tuya\",\"description\":\"\",\"publisher\":{\"@id\":\"https:\\\/\\\/www.petuya.fr\\\/#organization\"},\"potentialAction\":[{\"@type\":\"SearchAction\",\"target\":{\"@type\":\"EntryPoint\",\"urlTemplate\":\"https:\\\/\\\/www.petuya.fr\\\/?s={search_term_string}\"},\"query-input\":{\"@type\":\"PropertyValueSpecification\",\"valueRequired\":true,\"valueName\":\"search_term_string\"}}],\"inLanguage\":\"en-US\"},{\"@type\":\"Organization\",\"@id\":\"https:\\\/\\\/www.petuya.fr\\\/#organization\",\"name\":\"P\u00e9tuya\",\"url\":\"https:\\\/\\\/www.petuya.fr\\\/\",\"logo\":{\"@type\":\"ImageObject\",\"inLanguage\":\"en-US\",\"@id\":\"https:\\\/\\\/www.petuya.fr\\\/#\\\/schema\\\/logo\\\/image\\\/\",\"url\":\"https:\\\/\\\/i0.wp.com\\\/petuya.fr\\\/wp-content\\\/uploads\\\/2022\\\/12\\\/PETUYA-2211-GRIS-FONCE-03.png?fit=1773%2C804&ssl=1\",\"contentUrl\":\"https:\\\/\\\/i0.wp.com\\\/petuya.fr\\\/wp-content\\\/uploads\\\/2022\\\/12\\\/PETUYA-2211-GRIS-FONCE-03.png?fit=1773%2C804&ssl=1\",\"width\":1773,\"height\":804,\"caption\":\"P\u00e9tuya\"},\"image\":{\"@id\":\"https:\\\/\\\/www.petuya.fr\\\/#\\\/schema\\\/logo\\\/image\\\/\"},\"sameAs\":[\"https:\\\/\\\/www.facebook.com\\\/StephaniePetuya.Literie\",\"https:\\\/\\\/www.instagram.com\\\/stephaniepetuya\\\/?igshid=YmMyMTA2M2Y\",\"https:\\\/\\\/www.pinterest.fr\\\/maisonpetuya\\\/\"]}]}<\/script>\n<!-- \/ Yoast SEO plugin. -->","yoast_head_json":{"title":"Collection Cervidoux en balles d'\u00e9peautre bio - P\u00e9tuya","description":"D\u00e9couvrez notre collection d'oreillers cervidoux et notre oreiller en balles d'\u00e9peautre bio, solution id\u00e9ale pour relaxer vos cervicales.","robots":{"index":"index","follow":"follow","max-snippet":"max-snippet:-1","max-image-preview":"max-image-preview:large","max-video-preview":"max-video-preview:-1"},"canonical":"https:\/\/petuya.fr\/en\/product\/collection-cervidoux-en-balles-depeautre-bio\/","og_locale":"en_US","og_type":"article","og_title":"Collection Cervidoux en balles d'\u00e9peautre bio - P\u00e9tuya","og_description":"D\u00e9couvrez notre collection d'oreillers cervidoux et notre oreiller en balles d'\u00e9peautre bio, solution id\u00e9ale pour relaxer vos cervicales.","og_url":"https:\/\/petuya.fr\/en\/product\/collection-cervidoux-en-balles-depeautre-bio\/","og_site_name":"Petuya - Couette et Oreillers laine et lin - Made in France","article_publisher":"https:\/\/www.facebook.com\/StephaniePetuya.Literie","article_modified_time":"2025-09-02T15:51:48+00:00","og_image":[{"width":2560,"height":1708,"url":"https:\/\/i0.wp.com\/petuya.fr\/wp-content\/uploads\/2022\/12\/Photo041-scaled.jpg?fit=2560%2C1708&ssl=1","type":"image\/jpeg"}],"twitter_card":"summary_large_image","twitter_misc":{"Est. reading time":"1 minute"},"schema":{"@context":"https:\/\/schema.org","@graph":[{"@type":"WebPage","@id":"https:\/\/petuya.fr\/produit\/collection-cervidoux-en-balles-depeautre-bio\/","url":"https:\/\/petuya.fr\/produit\/collection-cervidoux-en-balles-depeautre-bio\/","name":"Collection Cervidoux en balles d'\u00e9peautre bio - P\u00e9tuya","isPartOf":{"@id":"https:\/\/www.petuya.fr\/#website"},"primaryImageOfPage":{"@id":"https:\/\/petuya.fr\/produit\/collection-cervidoux-en-balles-depeautre-bio\/#primaryimage"},"image":{"@id":"https:\/\/petuya.fr\/produit\/collection-cervidoux-en-balles-depeautre-bio\/#primaryimage"},"thumbnailUrl":"https:\/\/i0.wp.com\/petuya.fr\/wp-content\/uploads\/2022\/12\/Photo041-scaled.jpg?fit=2560%2C1708&ssl=1","datePublished":"2022-12-08T16:09:22+00:00","dateModified":"2025-09-02T15:51:48+00:00","description":"D\u00e9couvrez notre collection d'oreillers cervidoux et notre oreiller en balles d'\u00e9peautre bio, solution id\u00e9ale pour relaxer vos cervicales.","breadcrumb":{"@id":"https:\/\/petuya.fr\/produit\/collection-cervidoux-en-balles-depeautre-bio\/#breadcrumb"},"inLanguage":"en-US","potentialAction":[{"@type":"ReadAction","target":["https:\/\/petuya.fr\/produit\/collection-cervidoux-en-balles-depeautre-bio\/"]}]},{"@type":"ImageObject","inLanguage":"en-US","@id":"https:\/\/petuya.fr\/produit\/collection-cervidoux-en-balles-depeautre-bio\/#primaryimage","url":"https:\/\/i0.wp.com\/petuya.fr\/wp-content\/uploads\/2022\/12\/Photo041-scaled.jpg?fit=2560%2C1708&ssl=1","contentUrl":"https:\/\/i0.wp.com\/petuya.fr\/wp-content\/uploads\/2022\/12\/Photo041-scaled.jpg?fit=2560%2C1708&ssl=1","width":2560,"height":1708,"caption":"Coussin balles \u00e9peautre"},{"@type":"BreadcrumbList","@id":"https:\/\/petuya.fr\/produit\/collection-cervidoux-en-balles-depeautre-bio\/#breadcrumb","itemListElement":[{"@type":"ListItem","position":1,"name":"Accueil","item":"https:\/\/www.petuya.fr\/"},{"@type":"ListItem","position":2,"name":"Produits","item":"https:\/\/www.petuya.fr\/shop\/"},{"@type":"ListItem","position":3,"name":"Collection Cervidoux en balles d&rsquo;\u00e9peautre bio"}]},{"@type":"WebSite","@id":"https:\/\/www.petuya.fr\/#website","url":"https:\/\/www.petuya.fr\/","name":"P\u00e9tuya","description":"","publisher":{"@id":"https:\/\/www.petuya.fr\/#organization"},"potentialAction":[{"@type":"SearchAction","target":{"@type":"EntryPoint","urlTemplate":"https:\/\/www.petuya.fr\/?s={search_term_string}"},"query-input":{"@type":"PropertyValueSpecification","valueRequired":true,"valueName":"search_term_string"}}],"inLanguage":"en-US"},{"@type":"Organization","@id":"https:\/\/www.petuya.fr\/#organization","name":"P\u00e9tuya","url":"https:\/\/www.petuya.fr\/","logo":{"@type":"ImageObject","inLanguage":"en-US","@id":"https:\/\/www.petuya.fr\/#\/schema\/logo\/image\/","url":"https:\/\/i0.wp.com\/petuya.fr\/wp-content\/uploads\/2022\/12\/PETUYA-2211-GRIS-FONCE-03.png?fit=1773%2C804&ssl=1","contentUrl":"https:\/\/i0.wp.com\/petuya.fr\/wp-content\/uploads\/2022\/12\/PETUYA-2211-GRIS-FONCE-03.png?fit=1773%2C804&ssl=1","width":1773,"height":804,"caption":"P\u00e9tuya"},"image":{"@id":"https:\/\/www.petuya.fr\/#\/schema\/logo\/image\/"},"sameAs":["https:\/\/www.facebook.com\/StephaniePetuya.Literie","https:\/\/www.instagram.com\/stephaniepetuya\/?igshid=YmMyMTA2M2Y","https:\/\/www.pinterest.fr\/maisonpetuya\/"]}]}},"jetpack_sharing_enabled":true,"_links":{"self":[{"href":"https:\/\/petuya.fr\/en\/wp-json\/wp\/v2\/product\/1394","targetHints":{"allow":["GET"]}}],"collection":[{"href":"https:\/\/petuya.fr\/en\/wp-json\/wp\/v2\/product"}],"about":[{"href":"https:\/\/petuya.fr\/en\/wp-json\/wp\/v2\/types\/product"}],"wp:featuredmedia":[{"embeddable":true,"href":"https:\/\/petuya.fr\/en\/wp-json\/wp\/v2\/media\/1529"}],"wp:attachment":[{"href":"https:\/\/petuya.fr\/en\/wp-json\/wp\/v2\/media?parent=1394"}],"wp:term":[{"taxonomy":"product_brand","embeddable":true,"href":"https:\/\/petuya.fr\/en\/wp-json\/wp\/v2\/product_brand?post=1394"},{"taxonomy":"product_cat","embeddable":true,"href":"https:\/\/petuya.fr\/en\/wp-json\/wp\/v2\/product_cat?post=1394"},{"taxonomy":"product_tag","embeddable":true,"href":"https:\/\/petuya.fr\/en\/wp-json\/wp\/v2\/product_tag?post=1394"}],"curies":[{"name":"wp","href":"https:\/\/api.w.org\/{rel}","templated":true}]}}