{"id":1419,"date":"2022-12-08T16:50:41","date_gmt":"2022-12-08T16:50:41","guid":{"rendered":"https:\/\/www.petuya.fr\/?post_type=product&#038;p=1419"},"modified":"2025-11-30T13:35:06","modified_gmt":"2025-11-30T13:35:06","slug":"bouillotte-seche-dehoussable","status":"publish","type":"product","link":"https:\/\/petuya.fr\/en\/product\/bouillotte-seche-dehoussable\/","title":{"rendered":"Bouillotte s\u00e8che d\u00e9houssable"},"content":{"rendered":"<p><strong>Caract\u00e9ristiques du tapis de sol :<br \/>\n<\/strong><span style=\"font-weight: 400;\"><strong>Dimensions :<\/strong> 60 x 15 x 2 cm<br \/>\n<\/span><span style=\"font-weight: 400;\"><strong>Poids :<\/strong> 0,84 kg<br \/>\n<\/span><span style=\"font-weight: 400;\"><strong>Housse :<\/strong> amovible et lavable \u00e0 30\u00b0C<br \/>\n<strong>Enveloppes :<\/strong> 100% lin naturel<br \/>\n<strong>Garnissage :<\/strong> graines de lin bio \u2013 lavandin bio<br \/>\n<\/span><\/p>\n<p><strong>Pourquoi choisir cette bouillotte ?<br \/>\n<\/strong><span style=\"font-weight: 400;\">Cette bouillotte en graines de lin bio d\u00e9houssable <\/span><span style=\"font-weight: 400;\">s\u2019utilise \u00e0 froid comme \u00e0 chaud.<br \/>\n<\/span><span style=\"font-weight: 400;\">A chaud, elle <strong>apaise<\/strong>, <strong>d\u00e9tend<\/strong> et <strong>soulage<\/strong> vos douleurs et vos tensions.<br \/>\n<\/span><span style=\"font-weight: 400;\">A froid, elle <strong>d\u00e9congestionne<\/strong> vos bleus, entorses, h\u00e9matomes.<br \/>\n<\/span><span style=\"font-weight: 400;\">Un cadeau utile, sobre et pratique pour un <strong>r\u00e9confort<\/strong> au quotidien.<br \/>\n<\/span><span style=\"font-weight: 400;\">Le remplissage est \u00e9quilibr\u00e9 en 6 compartiments.<\/span><\/p>\n<p><strong>Conseils d\u2019utilisation :<\/strong><\/p>\n<ul>\n<li><span style=\"font-weight: 400;\">Chauffer au micro-ondes (environ 2min), au four dans un plat (environ 5min \u00e0 180\u00b0C), sur le po\u00eale dans un plat, ou poser sur un radiateur<\/span><span style=\"font-weight: 400;\">\u00a0<\/span><\/li>\n<li><span style=\"font-weight: 400;\">Refroidir au r\u00e9frig\u00e9rateur ou au cong\u00e9lateur (3 heures)<\/span><\/li>\n<li><span style=\"font-weight: 400;\">Toujours surveiller la chauffe de votre bouillotte<\/span><\/li>\n<\/ul>\n<p><strong>Conseil d\u2019entretien :\u00a0<\/strong><\/p>\n<ul>\n<li><span style=\"font-weight: 400;\">Conserver dans un endroit sec et frais (-15\u00b0)<\/span><\/li>\n<li>Conservation longue dur\u00e9e id\u00e9ale au cong\u00e9lateur<\/li>\n<\/ul>\n<p><strong>Livraison :<\/strong><br \/>\n<span style=\"font-weight: 400;\">Sous 1 semaine, sous r\u00e9serve de stocks<\/span><\/p>","protected":false},"excerpt":{"rendered":"<p>Fait \u00e0 la main, dans la pure tradition, en s\u00e9rie limit\u00e9e. Cette bouillotte en graines de lin bio d\u00e9houssable s\u2019utilise \u00e0 froid comme \u00e0 chaud. A chaud, elle apaise, d\u00e9tend et soulage vos douleurs et vos tensions. A froid, elle d\u00e9congestionne vos bleus, entorses, h\u00e9matomes. Un cadeau utile, sobre et pratique pour un r\u00e9confort au quotidien.<\/p>","protected":false},"featured_media":1133,"template":"","meta":{"site-sidebar-layout":"default","site-content-layout":"default","ast-site-content-layout":"default","site-content-style":"default","site-sidebar-style":"default","ast-global-header-display":"","ast-banner-title-visibility":"","ast-main-header-display":"","ast-hfb-above-header-display":"","ast-hfb-below-header-display":"","ast-hfb-mobile-header-display":"","site-post-title":"","ast-breadcrumbs-content":"","ast-featured-img":"","footer-sml-layout":"","ast-disable-related-posts":"","theme-transparent-header-meta":"default","adv-header-id-meta":"","stick-header-meta":"","header-above-stick-meta":"","header-main-stick-meta":"","header-below-stick-meta":"","astra-migrate-meta-layouts":"set","ast-page-background-enabled":"default","ast-page-background-meta":{"desktop":{"background-color":"var(--ast-global-color-4)","background-image":"","background-repeat":"repeat","background-position":"center center","background-size":"auto","background-attachment":"scroll","background-type":"","background-media":"","overlay-type":"","overlay-color":"","overlay-opacity":"","overlay-gradient":""},"tablet":{"background-color":"","background-image":"","background-repeat":"repeat","background-position":"center center","background-size":"auto","background-attachment":"scroll","background-type":"","background-media":"","overlay-type":"","overlay-color":"","overlay-opacity":"","overlay-gradient":""},"mobile":{"background-color":"","background-image":"","background-repeat":"repeat","background-position":"center center","background-size":"auto","background-attachment":"scroll","background-type":"","background-media":"","overlay-type":"","overlay-color":"","overlay-opacity":"","overlay-gradient":""}},"ast-content-background-meta":{"desktop":{"background-color":"var(--ast-global-color-5)","background-image":"","background-repeat":"repeat","background-position":"center center","background-size":"auto","background-attachment":"scroll","background-type":"","background-media":"","overlay-type":"","overlay-color":"","overlay-opacity":"","overlay-gradient":""},"tablet":{"background-color":"var(--ast-global-color-5)","background-image":"","background-repeat":"repeat","background-position":"center center","background-size":"auto","background-attachment":"scroll","background-type":"","background-media":"","overlay-type":"","overlay-color":"","overlay-opacity":"","overlay-gradient":""},"mobile":{"background-color":"var(--ast-global-color-5)","background-image":"","background-repeat":"repeat","background-position":"center center","background-size":"auto","background-attachment":"scroll","background-type":"","background-media":"","overlay-type":"","overlay-color":"","overlay-opacity":"","overlay-gradient":""}}},"product_brand":[],"product_cat":[34,28],"product_tag":[],"class_list":{"0":"post-1419","1":"product","2":"type-product","3":"status-publish","4":"has-post-thumbnail","6":"product_cat-bouillotte","7":"product_cat-bien-etre","8":"product_shipping_class-colissimo-sans-signature","9":"desktop-align-left","10":"tablet-align-left","11":"mobile-align-left","13":"first","14":"instock","15":"taxable","16":"shipping-taxable","17":"purchasable","18":"product-type-simple"},"yoast_head":"<!-- This site is optimized with the Yoast SEO plugin v27.5 - https:\/\/yoast.com\/product\/yoast-seo-wordpress\/ -->\n<title>Bouillotte s\u00e8che d\u00e9houssable - P\u00e9tuya<\/title>\n<meta name=\"description\" content=\"D\u00e9couvrez la bouillote s\u00e8che de la marque P\u00e9tuya. \u00c0 chaud ou \u00e0 froid, elle a de nombreuses vertues. Elle soulage, apaise, d\u00e9tend, d\u00e9congestionne !\" \/>\n<meta name=\"robots\" content=\"index, follow, max-snippet:-1, max-image-preview:large, max-video-preview:-1\" \/>\n<link rel=\"canonical\" href=\"https:\/\/petuya.fr\/en\/product\/bouillotte-seche-dehoussable\/\" \/>\n<meta property=\"og:locale\" content=\"en_US\" \/>\n<meta property=\"og:type\" content=\"article\" \/>\n<meta property=\"og:title\" content=\"Bouillotte s\u00e8che d\u00e9houssable - P\u00e9tuya\" \/>\n<meta property=\"og:description\" content=\"D\u00e9couvrez la bouillote s\u00e8che de la marque P\u00e9tuya. \u00c0 chaud ou \u00e0 froid, elle a de nombreuses vertues. Elle soulage, apaise, d\u00e9tend, d\u00e9congestionne !\" \/>\n<meta property=\"og:url\" content=\"https:\/\/petuya.fr\/en\/product\/bouillotte-seche-dehoussable\/\" \/>\n<meta property=\"og:site_name\" content=\"Petuya - Couette et Oreillers laine et lin - Made in France\" \/>\n<meta property=\"article:publisher\" content=\"https:\/\/www.facebook.com\/StephaniePetuya.Literie\" \/>\n<meta property=\"article:modified_time\" content=\"2025-11-30T13:35:06+00:00\" \/>\n<meta property=\"og:image\" content=\"https:\/\/i0.wp.com\/petuya.fr\/wp-content\/uploads\/2022\/12\/bien-etre--scaled.jpg?fit=2560%2C1708&ssl=1\" \/>\n\t<meta property=\"og:image:width\" content=\"2560\" \/>\n\t<meta property=\"og:image:height\" content=\"1708\" \/>\n\t<meta property=\"og:image:type\" content=\"image\/jpeg\" \/>\n<meta name=\"twitter:card\" content=\"summary_large_image\" \/>\n<meta name=\"twitter:label1\" content=\"Est. reading time\" \/>\n\t<meta name=\"twitter:data1\" content=\"1 minute\" \/>\n<script type=\"application\/ld+json\" class=\"yoast-schema-graph\">{\"@context\":\"https:\\\/\\\/schema.org\",\"@graph\":[{\"@type\":\"WebPage\",\"@id\":\"https:\\\/\\\/petuya.fr\\\/produit\\\/bouillotte-seche-dehoussable\\\/\",\"url\":\"https:\\\/\\\/petuya.fr\\\/produit\\\/bouillotte-seche-dehoussable\\\/\",\"name\":\"Bouillotte s\u00e8che d\u00e9houssable - P\u00e9tuya\",\"isPartOf\":{\"@id\":\"https:\\\/\\\/www.petuya.fr\\\/#website\"},\"primaryImageOfPage\":{\"@id\":\"https:\\\/\\\/petuya.fr\\\/produit\\\/bouillotte-seche-dehoussable\\\/#primaryimage\"},\"image\":{\"@id\":\"https:\\\/\\\/petuya.fr\\\/produit\\\/bouillotte-seche-dehoussable\\\/#primaryimage\"},\"thumbnailUrl\":\"https:\\\/\\\/i0.wp.com\\\/petuya.fr\\\/wp-content\\\/uploads\\\/2022\\\/12\\\/bien-etre--scaled.jpg?fit=2560%2C1708&ssl=1\",\"datePublished\":\"2022-12-08T16:50:41+00:00\",\"dateModified\":\"2025-11-30T13:35:06+00:00\",\"description\":\"D\u00e9couvrez la bouillote s\u00e8che de la marque P\u00e9tuya. \u00c0 chaud ou \u00e0 froid, elle a de nombreuses vertues. Elle soulage, apaise, d\u00e9tend, d\u00e9congestionne !\",\"breadcrumb\":{\"@id\":\"https:\\\/\\\/petuya.fr\\\/produit\\\/bouillotte-seche-dehoussable\\\/#breadcrumb\"},\"inLanguage\":\"en-US\",\"potentialAction\":[{\"@type\":\"ReadAction\",\"target\":[\"https:\\\/\\\/petuya.fr\\\/produit\\\/bouillotte-seche-dehoussable\\\/\"]}]},{\"@type\":\"ImageObject\",\"inLanguage\":\"en-US\",\"@id\":\"https:\\\/\\\/petuya.fr\\\/produit\\\/bouillotte-seche-dehoussable\\\/#primaryimage\",\"url\":\"https:\\\/\\\/i0.wp.com\\\/petuya.fr\\\/wp-content\\\/uploads\\\/2022\\\/12\\\/bien-etre--scaled.jpg?fit=2560%2C1708&ssl=1\",\"contentUrl\":\"https:\\\/\\\/i0.wp.com\\\/petuya.fr\\\/wp-content\\\/uploads\\\/2022\\\/12\\\/bien-etre--scaled.jpg?fit=2560%2C1708&ssl=1\",\"width\":2560,\"height\":1708,\"caption\":\"bien etre\"},{\"@type\":\"BreadcrumbList\",\"@id\":\"https:\\\/\\\/petuya.fr\\\/produit\\\/bouillotte-seche-dehoussable\\\/#breadcrumb\",\"itemListElement\":[{\"@type\":\"ListItem\",\"position\":1,\"name\":\"Accueil\",\"item\":\"https:\\\/\\\/www.petuya.fr\\\/\"},{\"@type\":\"ListItem\",\"position\":2,\"name\":\"Produits\",\"item\":\"https:\\\/\\\/www.petuya.fr\\\/shop\\\/\"},{\"@type\":\"ListItem\",\"position\":3,\"name\":\"Bouillotte s\u00e8che d\u00e9houssable\"}]},{\"@type\":\"WebSite\",\"@id\":\"https:\\\/\\\/www.petuya.fr\\\/#website\",\"url\":\"https:\\\/\\\/www.petuya.fr\\\/\",\"name\":\"P\u00e9tuya\",\"description\":\"\",\"publisher\":{\"@id\":\"https:\\\/\\\/www.petuya.fr\\\/#organization\"},\"potentialAction\":[{\"@type\":\"SearchAction\",\"target\":{\"@type\":\"EntryPoint\",\"urlTemplate\":\"https:\\\/\\\/www.petuya.fr\\\/?s={search_term_string}\"},\"query-input\":{\"@type\":\"PropertyValueSpecification\",\"valueRequired\":true,\"valueName\":\"search_term_string\"}}],\"inLanguage\":\"en-US\"},{\"@type\":\"Organization\",\"@id\":\"https:\\\/\\\/www.petuya.fr\\\/#organization\",\"name\":\"P\u00e9tuya\",\"url\":\"https:\\\/\\\/www.petuya.fr\\\/\",\"logo\":{\"@type\":\"ImageObject\",\"inLanguage\":\"en-US\",\"@id\":\"https:\\\/\\\/www.petuya.fr\\\/#\\\/schema\\\/logo\\\/image\\\/\",\"url\":\"https:\\\/\\\/i0.wp.com\\\/petuya.fr\\\/wp-content\\\/uploads\\\/2022\\\/12\\\/PETUYA-2211-GRIS-FONCE-03.png?fit=1773%2C804&ssl=1\",\"contentUrl\":\"https:\\\/\\\/i0.wp.com\\\/petuya.fr\\\/wp-content\\\/uploads\\\/2022\\\/12\\\/PETUYA-2211-GRIS-FONCE-03.png?fit=1773%2C804&ssl=1\",\"width\":1773,\"height\":804,\"caption\":\"P\u00e9tuya\"},\"image\":{\"@id\":\"https:\\\/\\\/www.petuya.fr\\\/#\\\/schema\\\/logo\\\/image\\\/\"},\"sameAs\":[\"https:\\\/\\\/www.facebook.com\\\/StephaniePetuya.Literie\",\"https:\\\/\\\/www.instagram.com\\\/stephaniepetuya\\\/?igshid=YmMyMTA2M2Y\",\"https:\\\/\\\/www.pinterest.fr\\\/maisonpetuya\\\/\"]}]}<\/script>\n<!-- \/ Yoast SEO plugin. -->","yoast_head_json":{"title":"Bouillotte s\u00e8che d\u00e9houssable - P\u00e9tuya","description":"D\u00e9couvrez la bouillote s\u00e8che de la marque P\u00e9tuya. \u00c0 chaud ou \u00e0 froid, elle a de nombreuses vertues. Elle soulage, apaise, d\u00e9tend, d\u00e9congestionne !","robots":{"index":"index","follow":"follow","max-snippet":"max-snippet:-1","max-image-preview":"max-image-preview:large","max-video-preview":"max-video-preview:-1"},"canonical":"https:\/\/petuya.fr\/en\/product\/bouillotte-seche-dehoussable\/","og_locale":"en_US","og_type":"article","og_title":"Bouillotte s\u00e8che d\u00e9houssable - P\u00e9tuya","og_description":"D\u00e9couvrez la bouillote s\u00e8che de la marque P\u00e9tuya. \u00c0 chaud ou \u00e0 froid, elle a de nombreuses vertues. Elle soulage, apaise, d\u00e9tend, d\u00e9congestionne !","og_url":"https:\/\/petuya.fr\/en\/product\/bouillotte-seche-dehoussable\/","og_site_name":"Petuya - Couette et Oreillers laine et lin - Made in France","article_publisher":"https:\/\/www.facebook.com\/StephaniePetuya.Literie","article_modified_time":"2025-11-30T13:35:06+00:00","og_image":[{"width":2560,"height":1708,"url":"https:\/\/i0.wp.com\/petuya.fr\/wp-content\/uploads\/2022\/12\/bien-etre--scaled.jpg?fit=2560%2C1708&ssl=1","type":"image\/jpeg"}],"twitter_card":"summary_large_image","twitter_misc":{"Est. reading time":"1 minute"},"schema":{"@context":"https:\/\/schema.org","@graph":[{"@type":"WebPage","@id":"https:\/\/petuya.fr\/produit\/bouillotte-seche-dehoussable\/","url":"https:\/\/petuya.fr\/produit\/bouillotte-seche-dehoussable\/","name":"Bouillotte s\u00e8che d\u00e9houssable - P\u00e9tuya","isPartOf":{"@id":"https:\/\/www.petuya.fr\/#website"},"primaryImageOfPage":{"@id":"https:\/\/petuya.fr\/produit\/bouillotte-seche-dehoussable\/#primaryimage"},"image":{"@id":"https:\/\/petuya.fr\/produit\/bouillotte-seche-dehoussable\/#primaryimage"},"thumbnailUrl":"https:\/\/i0.wp.com\/petuya.fr\/wp-content\/uploads\/2022\/12\/bien-etre--scaled.jpg?fit=2560%2C1708&ssl=1","datePublished":"2022-12-08T16:50:41+00:00","dateModified":"2025-11-30T13:35:06+00:00","description":"D\u00e9couvrez la bouillote s\u00e8che de la marque P\u00e9tuya. \u00c0 chaud ou \u00e0 froid, elle a de nombreuses vertues. Elle soulage, apaise, d\u00e9tend, d\u00e9congestionne !","breadcrumb":{"@id":"https:\/\/petuya.fr\/produit\/bouillotte-seche-dehoussable\/#breadcrumb"},"inLanguage":"en-US","potentialAction":[{"@type":"ReadAction","target":["https:\/\/petuya.fr\/produit\/bouillotte-seche-dehoussable\/"]}]},{"@type":"ImageObject","inLanguage":"en-US","@id":"https:\/\/petuya.fr\/produit\/bouillotte-seche-dehoussable\/#primaryimage","url":"https:\/\/i0.wp.com\/petuya.fr\/wp-content\/uploads\/2022\/12\/bien-etre--scaled.jpg?fit=2560%2C1708&ssl=1","contentUrl":"https:\/\/i0.wp.com\/petuya.fr\/wp-content\/uploads\/2022\/12\/bien-etre--scaled.jpg?fit=2560%2C1708&ssl=1","width":2560,"height":1708,"caption":"bien etre"},{"@type":"BreadcrumbList","@id":"https:\/\/petuya.fr\/produit\/bouillotte-seche-dehoussable\/#breadcrumb","itemListElement":[{"@type":"ListItem","position":1,"name":"Accueil","item":"https:\/\/www.petuya.fr\/"},{"@type":"ListItem","position":2,"name":"Produits","item":"https:\/\/www.petuya.fr\/shop\/"},{"@type":"ListItem","position":3,"name":"Bouillotte s\u00e8che d\u00e9houssable"}]},{"@type":"WebSite","@id":"https:\/\/www.petuya.fr\/#website","url":"https:\/\/www.petuya.fr\/","name":"P\u00e9tuya","description":"","publisher":{"@id":"https:\/\/www.petuya.fr\/#organization"},"potentialAction":[{"@type":"SearchAction","target":{"@type":"EntryPoint","urlTemplate":"https:\/\/www.petuya.fr\/?s={search_term_string}"},"query-input":{"@type":"PropertyValueSpecification","valueRequired":true,"valueName":"search_term_string"}}],"inLanguage":"en-US"},{"@type":"Organization","@id":"https:\/\/www.petuya.fr\/#organization","name":"P\u00e9tuya","url":"https:\/\/www.petuya.fr\/","logo":{"@type":"ImageObject","inLanguage":"en-US","@id":"https:\/\/www.petuya.fr\/#\/schema\/logo\/image\/","url":"https:\/\/i0.wp.com\/petuya.fr\/wp-content\/uploads\/2022\/12\/PETUYA-2211-GRIS-FONCE-03.png?fit=1773%2C804&ssl=1","contentUrl":"https:\/\/i0.wp.com\/petuya.fr\/wp-content\/uploads\/2022\/12\/PETUYA-2211-GRIS-FONCE-03.png?fit=1773%2C804&ssl=1","width":1773,"height":804,"caption":"P\u00e9tuya"},"image":{"@id":"https:\/\/www.petuya.fr\/#\/schema\/logo\/image\/"},"sameAs":["https:\/\/www.facebook.com\/StephaniePetuya.Literie","https:\/\/www.instagram.com\/stephaniepetuya\/?igshid=YmMyMTA2M2Y","https:\/\/www.pinterest.fr\/maisonpetuya\/"]}]}},"jetpack_sharing_enabled":true,"_links":{"self":[{"href":"https:\/\/petuya.fr\/en\/wp-json\/wp\/v2\/product\/1419","targetHints":{"allow":["GET"]}}],"collection":[{"href":"https:\/\/petuya.fr\/en\/wp-json\/wp\/v2\/product"}],"about":[{"href":"https:\/\/petuya.fr\/en\/wp-json\/wp\/v2\/types\/product"}],"wp:featuredmedia":[{"embeddable":true,"href":"https:\/\/petuya.fr\/en\/wp-json\/wp\/v2\/media\/1133"}],"wp:attachment":[{"href":"https:\/\/petuya.fr\/en\/wp-json\/wp\/v2\/media?parent=1419"}],"wp:term":[{"taxonomy":"product_brand","embeddable":true,"href":"https:\/\/petuya.fr\/en\/wp-json\/wp\/v2\/product_brand?post=1419"},{"taxonomy":"product_cat","embeddable":true,"href":"https:\/\/petuya.fr\/en\/wp-json\/wp\/v2\/product_cat?post=1419"},{"taxonomy":"product_tag","embeddable":true,"href":"https:\/\/petuya.fr\/en\/wp-json\/wp\/v2\/product_tag?post=1419"}],"curies":[{"name":"wp","href":"https:\/\/api.w.org\/{rel}","templated":true}]}}