{"id":2326,"date":"2022-12-19T14:42:14","date_gmt":"2022-12-19T14:42:14","guid":{"rendered":"https:\/\/www.petuya.fr\/?post_type=product&#038;p=2326"},"modified":"2025-09-02T15:40:08","modified_gmt":"2025-09-02T15:40:08","slug":"la-couette-bebe-la-plus-saine-et-naturelle-du-monde","status":"publish","type":"product","link":"https:\/\/petuya.fr\/en\/product\/la-couette-bebe-la-plus-saine-et-naturelle-du-monde\/","title":{"rendered":"La couette b\u00e9b\u00e9 la plus saine et naturelle du monde"},"content":{"rendered":"<p><strong>Caract\u00e9ristiques de la couette :<br \/>\n<\/strong><span style=\"font-weight: 400;\"><strong>Taille :<\/strong> 75&#215;120<br \/>\n<\/span><span style=\"font-weight: 400;\"><strong>Couleurs des points de fixation au choix :<\/strong> <\/span><span style=\"font-weight: 400;\">Nord \u2013 Sud \u2013 Est \u2013 Ouest (en lin c\u00e2bl\u00e9) \u2013 <\/span><span style=\"font-weight: 400;\">Rouge \u2013 Rose \u2013 Orange \u2013 Safran \u2013 Orange \u2013 Bleu \u2013 Gris \u2013 Taupe \u2013 Camel (pure laine teinture v\u00e9g\u00e9tale)<br \/>\n<strong>Garnissage :<\/strong> Pure laine d&rsquo;Auvergne<br \/>\n<strong>Tissu :<\/strong> Lin naturel fran\u00e7ais<br \/>\n<strong>Grammages :<\/strong> 300gr\/m\u00b2 ou 500gr\/m\u00b2<\/span><\/p>\n<p>&nbsp;<\/p>\n<p><strong>Pourquoi choisir cette couette ?<br \/>\n<\/strong><span style=\"font-weight: 400;\">A 75 ans, nous aurons, en moyenne, dormi 25 ans.<br \/>\n<\/span><span style=\"font-weight: 400;\">C\u2019est aujourd\u2019hui scientifiquement prouv\u00e9 : une literie en laine et lin favorise un <strong>sommeil<\/strong> environ 25% <strong>plus r\u00e9g\u00e9n\u00e9rateur<\/strong> et diminue statistiquement le rythme cardiaque.<\/span><\/p>\n<p><span style=\"font-weight: 400;\">Autant commencer d\u00e8s la naissance !<\/span><\/p>\n<p><span style=\"font-weight: 400;\">La laine, avec ses 80% d\u2019air, se met rapidement \u00e0 la temp\u00e9rature du corps accueilli. Offrez au corps de votre enfant tout le <strong>confort<\/strong> et la <strong>juste chaleur<\/strong> dont il a besoin.<br \/>\n<\/span><span style=\"font-weight: 400;\">Un confort unique, du fait que la laine et le lin sont naturellement les plus performants du monde pour r\u00e9guler l\u2019humidit\u00e9 : un atout des plus importants quand on sait que l\u2019on transpire entre 30 et 50cl par nuit.<br \/>\n<\/span><span style=\"font-weight: 400;\">Faites l\u2019essai lors d\u2019une ballade avec une chaussette en laine et une en coton, un t-shirt en lin et un t-shirt en coton. Votre corps reste au sec avec la laine et le lin tandis qu\u2019il sera dans son humidit\u00e9 avec du coton.<br \/>\n<\/span><span style=\"font-weight: 400;\">La couette est garnie de pure laine napp\u00e9e (pure laine Blanche du Massif Central) et envelopp\u00e9e de tissu en lin naturel. Les points de fixation sont en lin c\u00e2bl\u00e9 ou en pure laine teinture v\u00e9g\u00e9tale (couleur au choix). Des fl\u00e8ches brod\u00e9es \u00e0 la main vous indiquent le haut et le bas de la couette.<\/span><\/p>\n<p><span style=\"font-weight: 400;\"><strong>Comment choisir sa couette ?<br \/>\n<\/strong><\/span><span style=\"font-weight: 400;\">Le choix de la densit\u00e9 de votre couette va d\u00e9pendre de l\u2019endroit o\u00f9 vous vivez (en montagne, dans une r\u00e9gion humide ou s\u00e8che, \u2026) de l\u2019isolation de votre lieu de vie, de votre fa\u00e7on de chauffer votre chambre.<\/span><\/p>\n<p><span style=\"font-weight: 400;\">A titre de rep\u00e8re et de fa\u00e7on commune :<\/span><\/p>\n<ul>\n<li><span style=\"font-weight: 400;\">500gr\/m\u00b2 pour les chambres peu chauff\u00e9es<\/span><\/li>\n<li>350gr\/m\u00b2 pour toute l\u2019ann\u00e9e et les chambres chauff\u00e9es en hiver.<\/li>\n<\/ul>\n<p><span style=\"font-weight: 400;\">Pensez \u00e0 a\u00e9rer r\u00e9guli\u00e8rement votre couette, au grand air ou au soleil. C\u2019est comme cela que la laine se r\u00e9g\u00e9n\u00e8re, s\u2019auto-nettoie et reprend du gonflant.<br \/>\n<\/span><span style=\"font-weight: 400;\">Taille sp\u00e9ciale et\/ou autre grammage, <a href=\"https:\/\/petuya.fr\/en\/contact\/\">nous consulter<\/a><\/span><\/p>\n<p><strong>Livraison :<\/strong><br \/>\n<span style=\"font-weight: 400;\">Sous 1 mois, sous r\u00e9serve de stocks<\/span><\/p>","protected":false},"excerpt":{"rendered":"<p>Fait \u00e0 la main, dans la pure tradition, en pi\u00e8ce unique. Enfin une couette qui prend soin de votre enfant.<br \/>\nOffrez \u00e0 son corps tout le confort et la juste chaleur dont chacun il a besoin d\u00e8s sa naissance.<br \/>\nCouette temp\u00e9r\u00e9e (350gr\/m2) ou couette chaude (500gr\/m2) en pure laine et lin naturel<\/p>\n<p><a href=\"https:\/\/petuya.fr\/en\/guide-des-tailles\/\">Guide des tailles<\/a> &#8211; <a href=\"https:\/\/petuya.fr\/en\/guide-dentretien\/\">Guide d&rsquo;entretien<\/a><\/p>","protected":false},"featured_media":1311,"template":"","meta":{"site-sidebar-layout":"default","site-content-layout":"default","ast-site-content-layout":"default","site-content-style":"default","site-sidebar-style":"default","ast-global-header-display":"","ast-banner-title-visibility":"","ast-main-header-display":"","ast-hfb-above-header-display":"","ast-hfb-below-header-display":"","ast-hfb-mobile-header-display":"","site-post-title":"","ast-breadcrumbs-content":"","ast-featured-img":"","footer-sml-layout":"","ast-disable-related-posts":"","theme-transparent-header-meta":"default","adv-header-id-meta":"","stick-header-meta":"","header-above-stick-meta":"","header-main-stick-meta":"","header-below-stick-meta":"","astra-migrate-meta-layouts":"set","ast-page-background-enabled":"default","ast-page-background-meta":{"desktop":{"background-color":"var(--ast-global-color-4)","background-image":"","background-repeat":"repeat","background-position":"center center","background-size":"auto","background-attachment":"scroll","background-type":"","background-media":"","overlay-type":"","overlay-color":"","overlay-opacity":"","overlay-gradient":""},"tablet":{"background-color":"","background-image":"","background-repeat":"repeat","background-position":"center center","background-size":"auto","background-attachment":"scroll","background-type":"","background-media":"","overlay-type":"","overlay-color":"","overlay-opacity":"","overlay-gradient":""},"mobile":{"background-color":"","background-image":"","background-repeat":"repeat","background-position":"center center","background-size":"auto","background-attachment":"scroll","background-type":"","background-media":"","overlay-type":"","overlay-color":"","overlay-opacity":"","overlay-gradient":""}},"ast-content-background-meta":{"desktop":{"background-color":"var(--ast-global-color-5)","background-image":"","background-repeat":"repeat","background-position":"center center","background-size":"auto","background-attachment":"scroll","background-type":"","background-media":"","overlay-type":"","overlay-color":"","overlay-opacity":"","overlay-gradient":""},"tablet":{"background-color":"var(--ast-global-color-5)","background-image":"","background-repeat":"repeat","background-position":"center center","background-size":"auto","background-attachment":"scroll","background-type":"","background-media":"","overlay-type":"","overlay-color":"","overlay-opacity":"","overlay-gradient":""},"mobile":{"background-color":"var(--ast-global-color-5)","background-image":"","background-repeat":"repeat","background-position":"center center","background-size":"auto","background-attachment":"scroll","background-type":"","background-media":"","overlay-type":"","overlay-color":"","overlay-opacity":"","overlay-gradient":""}}},"product_brand":[],"product_cat":[54,55],"product_tag":[],"class_list":{"0":"post-2326","1":"product","2":"type-product","3":"status-publish","4":"has-post-thumbnail","6":"product_cat-collection-bebe","7":"product_cat-collection-nomade","8":"product_shipping_class-colissimo-avec-signature","9":"desktop-align-left","10":"tablet-align-left","11":"mobile-align-left","13":"first","14":"instock","15":"taxable","16":"shipping-taxable","17":"purchasable","18":"product-type-variable","19":"has-default-attributes"},"yoast_head":"<!-- This site is optimized with the Yoast SEO plugin v27.5 - https:\/\/yoast.com\/product\/yoast-seo-wordpress\/ -->\n<title>La couette b\u00e9b\u00e9 la plus saine et naturelle du monde - P\u00e9tuya<\/title>\n<meta name=\"description\" content=\"D\u00e9couvrez la couette b\u00e9b\u00e9 en pure laine et lin naturel de la marque P\u00e9tuya, faites \u00e0 la main, dans la pure tradition, en pi\u00e8ce unique en Alsace.\" \/>\n<meta name=\"robots\" content=\"index, follow, max-snippet:-1, max-image-preview:large, max-video-preview:-1\" \/>\n<link rel=\"canonical\" href=\"http:\/\/www.petuya.fr\/produit\/la-couette-bebe-la-plus-saine-et-naturelle-du-monde\/\" \/>\n<meta property=\"og:locale\" content=\"en_US\" \/>\n<meta property=\"og:type\" content=\"article\" \/>\n<meta property=\"og:title\" content=\"La couette b\u00e9b\u00e9 la plus saine et naturelle du monde - P\u00e9tuya\" \/>\n<meta property=\"og:description\" content=\"D\u00e9couvrez la couette b\u00e9b\u00e9 en pure laine et lin naturel de la marque P\u00e9tuya, faites \u00e0 la main, dans la pure tradition, en pi\u00e8ce unique en Alsace.\" \/>\n<meta property=\"og:url\" content=\"http:\/\/www.petuya.fr\/produit\/la-couette-bebe-la-plus-saine-et-naturelle-du-monde\/\" \/>\n<meta property=\"og:site_name\" content=\"Petuya - Couette et Oreillers laine et lin - Made in France\" \/>\n<meta property=\"article:publisher\" content=\"https:\/\/www.facebook.com\/StephaniePetuya.Literie\" \/>\n<meta property=\"article:modified_time\" content=\"2025-09-02T15:40:08+00:00\" \/>\n<meta property=\"og:image\" content=\"https:\/\/i0.wp.com\/www.petuya.fr\/wp-content\/uploads\/2022\/09\/Literie-alsacienne-scaled.jpg?fit=2560%2C1708\" \/>\n\t<meta property=\"og:image:width\" content=\"2560\" \/>\n\t<meta property=\"og:image:height\" content=\"1708\" \/>\n\t<meta property=\"og:image:type\" content=\"image\/jpeg\" \/>\n<meta name=\"twitter:card\" content=\"summary_large_image\" \/>\n<meta name=\"twitter:label1\" content=\"Est. reading time\" \/>\n\t<meta name=\"twitter:data1\" content=\"3 minutes\" \/>\n<script type=\"application\/ld+json\" class=\"yoast-schema-graph\">{\"@context\":\"https:\\\/\\\/schema.org\",\"@graph\":[{\"@type\":\"WebPage\",\"@id\":\"http:\\\/\\\/www.petuya.fr\\\/produit\\\/la-couette-bebe-la-plus-saine-et-naturelle-du-monde\\\/\",\"url\":\"http:\\\/\\\/www.petuya.fr\\\/produit\\\/la-couette-bebe-la-plus-saine-et-naturelle-du-monde\\\/\",\"name\":\"La couette b\u00e9b\u00e9 la plus saine et naturelle du monde - P\u00e9tuya\",\"isPartOf\":{\"@id\":\"https:\\\/\\\/www.petuya.fr\\\/#website\"},\"primaryImageOfPage\":{\"@id\":\"http:\\\/\\\/www.petuya.fr\\\/produit\\\/la-couette-bebe-la-plus-saine-et-naturelle-du-monde\\\/#primaryimage\"},\"image\":{\"@id\":\"http:\\\/\\\/www.petuya.fr\\\/produit\\\/la-couette-bebe-la-plus-saine-et-naturelle-du-monde\\\/#primaryimage\"},\"thumbnailUrl\":\"https:\\\/\\\/i0.wp.com\\\/petuya.fr\\\/wp-content\\\/uploads\\\/2022\\\/09\\\/Literie-alsacienne-scaled.jpg?fit=2560%2C1708&ssl=1\",\"datePublished\":\"2022-12-19T14:42:14+00:00\",\"dateModified\":\"2025-09-02T15:40:08+00:00\",\"description\":\"D\u00e9couvrez la couette b\u00e9b\u00e9 en pure laine et lin naturel de la marque P\u00e9tuya, faites \u00e0 la main, dans la pure tradition, en pi\u00e8ce unique en Alsace.\",\"breadcrumb\":{\"@id\":\"http:\\\/\\\/www.petuya.fr\\\/produit\\\/la-couette-bebe-la-plus-saine-et-naturelle-du-monde\\\/#breadcrumb\"},\"inLanguage\":\"en-US\",\"potentialAction\":[{\"@type\":\"ReadAction\",\"target\":[\"http:\\\/\\\/www.petuya.fr\\\/produit\\\/la-couette-bebe-la-plus-saine-et-naturelle-du-monde\\\/\"]}]},{\"@type\":\"ImageObject\",\"inLanguage\":\"en-US\",\"@id\":\"http:\\\/\\\/www.petuya.fr\\\/produit\\\/la-couette-bebe-la-plus-saine-et-naturelle-du-monde\\\/#primaryimage\",\"url\":\"https:\\\/\\\/i0.wp.com\\\/petuya.fr\\\/wp-content\\\/uploads\\\/2022\\\/09\\\/Literie-alsacienne-scaled.jpg?fit=2560%2C1708&ssl=1\",\"contentUrl\":\"https:\\\/\\\/i0.wp.com\\\/petuya.fr\\\/wp-content\\\/uploads\\\/2022\\\/09\\\/Literie-alsacienne-scaled.jpg?fit=2560%2C1708&ssl=1\",\"width\":2560,\"height\":1708,\"caption\":\"Literie alsacienne\"},{\"@type\":\"BreadcrumbList\",\"@id\":\"http:\\\/\\\/www.petuya.fr\\\/produit\\\/la-couette-bebe-la-plus-saine-et-naturelle-du-monde\\\/#breadcrumb\",\"itemListElement\":[{\"@type\":\"ListItem\",\"position\":1,\"name\":\"Accueil\",\"item\":\"https:\\\/\\\/www.petuya.fr\\\/\"},{\"@type\":\"ListItem\",\"position\":2,\"name\":\"Produits\",\"item\":\"https:\\\/\\\/www.petuya.fr\\\/shop\\\/\"},{\"@type\":\"ListItem\",\"position\":3,\"name\":\"La couette b\u00e9b\u00e9 la plus saine et naturelle du monde\"}]},{\"@type\":\"WebSite\",\"@id\":\"https:\\\/\\\/www.petuya.fr\\\/#website\",\"url\":\"https:\\\/\\\/www.petuya.fr\\\/\",\"name\":\"P\u00e9tuya\",\"description\":\"\",\"publisher\":{\"@id\":\"https:\\\/\\\/www.petuya.fr\\\/#organization\"},\"potentialAction\":[{\"@type\":\"SearchAction\",\"target\":{\"@type\":\"EntryPoint\",\"urlTemplate\":\"https:\\\/\\\/www.petuya.fr\\\/?s={search_term_string}\"},\"query-input\":{\"@type\":\"PropertyValueSpecification\",\"valueRequired\":true,\"valueName\":\"search_term_string\"}}],\"inLanguage\":\"en-US\"},{\"@type\":\"Organization\",\"@id\":\"https:\\\/\\\/www.petuya.fr\\\/#organization\",\"name\":\"P\u00e9tuya\",\"url\":\"https:\\\/\\\/www.petuya.fr\\\/\",\"logo\":{\"@type\":\"ImageObject\",\"inLanguage\":\"en-US\",\"@id\":\"https:\\\/\\\/www.petuya.fr\\\/#\\\/schema\\\/logo\\\/image\\\/\",\"url\":\"https:\\\/\\\/i0.wp.com\\\/petuya.fr\\\/wp-content\\\/uploads\\\/2022\\\/12\\\/PETUYA-2211-GRIS-FONCE-03.png?fit=1773%2C804&ssl=1\",\"contentUrl\":\"https:\\\/\\\/i0.wp.com\\\/petuya.fr\\\/wp-content\\\/uploads\\\/2022\\\/12\\\/PETUYA-2211-GRIS-FONCE-03.png?fit=1773%2C804&ssl=1\",\"width\":1773,\"height\":804,\"caption\":\"P\u00e9tuya\"},\"image\":{\"@id\":\"https:\\\/\\\/www.petuya.fr\\\/#\\\/schema\\\/logo\\\/image\\\/\"},\"sameAs\":[\"https:\\\/\\\/www.facebook.com\\\/StephaniePetuya.Literie\",\"https:\\\/\\\/www.instagram.com\\\/stephaniepetuya\\\/?igshid=YmMyMTA2M2Y\",\"https:\\\/\\\/www.pinterest.fr\\\/maisonpetuya\\\/\"]}]}<\/script>\n<!-- \/ Yoast SEO plugin. -->","yoast_head_json":{"title":"La couette b\u00e9b\u00e9 la plus saine et naturelle du monde - P\u00e9tuya","description":"D\u00e9couvrez la couette b\u00e9b\u00e9 en pure laine et lin naturel de la marque P\u00e9tuya, faites \u00e0 la main, dans la pure tradition, en pi\u00e8ce unique en Alsace.","robots":{"index":"index","follow":"follow","max-snippet":"max-snippet:-1","max-image-preview":"max-image-preview:large","max-video-preview":"max-video-preview:-1"},"canonical":"http:\/\/www.petuya.fr\/produit\/la-couette-bebe-la-plus-saine-et-naturelle-du-monde\/","og_locale":"en_US","og_type":"article","og_title":"La couette b\u00e9b\u00e9 la plus saine et naturelle du monde - P\u00e9tuya","og_description":"D\u00e9couvrez la couette b\u00e9b\u00e9 en pure laine et lin naturel de la marque P\u00e9tuya, faites \u00e0 la main, dans la pure tradition, en pi\u00e8ce unique en Alsace.","og_url":"http:\/\/www.petuya.fr\/produit\/la-couette-bebe-la-plus-saine-et-naturelle-du-monde\/","og_site_name":"Petuya - Couette et Oreillers laine et lin - Made in France","article_publisher":"https:\/\/www.facebook.com\/StephaniePetuya.Literie","article_modified_time":"2025-09-02T15:40:08+00:00","og_image":[{"width":2560,"height":1708,"url":"https:\/\/i0.wp.com\/www.petuya.fr\/wp-content\/uploads\/2022\/09\/Literie-alsacienne-scaled.jpg?fit=2560%2C1708","type":"image\/jpeg"}],"twitter_card":"summary_large_image","twitter_misc":{"Est. reading time":"3 minutes"},"schema":{"@context":"https:\/\/schema.org","@graph":[{"@type":"WebPage","@id":"http:\/\/www.petuya.fr\/produit\/la-couette-bebe-la-plus-saine-et-naturelle-du-monde\/","url":"http:\/\/www.petuya.fr\/produit\/la-couette-bebe-la-plus-saine-et-naturelle-du-monde\/","name":"La couette b\u00e9b\u00e9 la plus saine et naturelle du monde - P\u00e9tuya","isPartOf":{"@id":"https:\/\/www.petuya.fr\/#website"},"primaryImageOfPage":{"@id":"http:\/\/www.petuya.fr\/produit\/la-couette-bebe-la-plus-saine-et-naturelle-du-monde\/#primaryimage"},"image":{"@id":"http:\/\/www.petuya.fr\/produit\/la-couette-bebe-la-plus-saine-et-naturelle-du-monde\/#primaryimage"},"thumbnailUrl":"https:\/\/i0.wp.com\/petuya.fr\/wp-content\/uploads\/2022\/09\/Literie-alsacienne-scaled.jpg?fit=2560%2C1708&ssl=1","datePublished":"2022-12-19T14:42:14+00:00","dateModified":"2025-09-02T15:40:08+00:00","description":"D\u00e9couvrez la couette b\u00e9b\u00e9 en pure laine et lin naturel de la marque P\u00e9tuya, faites \u00e0 la main, dans la pure tradition, en pi\u00e8ce unique en Alsace.","breadcrumb":{"@id":"http:\/\/www.petuya.fr\/produit\/la-couette-bebe-la-plus-saine-et-naturelle-du-monde\/#breadcrumb"},"inLanguage":"en-US","potentialAction":[{"@type":"ReadAction","target":["http:\/\/www.petuya.fr\/produit\/la-couette-bebe-la-plus-saine-et-naturelle-du-monde\/"]}]},{"@type":"ImageObject","inLanguage":"en-US","@id":"http:\/\/www.petuya.fr\/produit\/la-couette-bebe-la-plus-saine-et-naturelle-du-monde\/#primaryimage","url":"https:\/\/i0.wp.com\/petuya.fr\/wp-content\/uploads\/2022\/09\/Literie-alsacienne-scaled.jpg?fit=2560%2C1708&ssl=1","contentUrl":"https:\/\/i0.wp.com\/petuya.fr\/wp-content\/uploads\/2022\/09\/Literie-alsacienne-scaled.jpg?fit=2560%2C1708&ssl=1","width":2560,"height":1708,"caption":"Literie alsacienne"},{"@type":"BreadcrumbList","@id":"http:\/\/www.petuya.fr\/produit\/la-couette-bebe-la-plus-saine-et-naturelle-du-monde\/#breadcrumb","itemListElement":[{"@type":"ListItem","position":1,"name":"Accueil","item":"https:\/\/www.petuya.fr\/"},{"@type":"ListItem","position":2,"name":"Produits","item":"https:\/\/www.petuya.fr\/shop\/"},{"@type":"ListItem","position":3,"name":"La couette b\u00e9b\u00e9 la plus saine et naturelle du monde"}]},{"@type":"WebSite","@id":"https:\/\/www.petuya.fr\/#website","url":"https:\/\/www.petuya.fr\/","name":"P\u00e9tuya","description":"","publisher":{"@id":"https:\/\/www.petuya.fr\/#organization"},"potentialAction":[{"@type":"SearchAction","target":{"@type":"EntryPoint","urlTemplate":"https:\/\/www.petuya.fr\/?s={search_term_string}"},"query-input":{"@type":"PropertyValueSpecification","valueRequired":true,"valueName":"search_term_string"}}],"inLanguage":"en-US"},{"@type":"Organization","@id":"https:\/\/www.petuya.fr\/#organization","name":"P\u00e9tuya","url":"https:\/\/www.petuya.fr\/","logo":{"@type":"ImageObject","inLanguage":"en-US","@id":"https:\/\/www.petuya.fr\/#\/schema\/logo\/image\/","url":"https:\/\/i0.wp.com\/petuya.fr\/wp-content\/uploads\/2022\/12\/PETUYA-2211-GRIS-FONCE-03.png?fit=1773%2C804&ssl=1","contentUrl":"https:\/\/i0.wp.com\/petuya.fr\/wp-content\/uploads\/2022\/12\/PETUYA-2211-GRIS-FONCE-03.png?fit=1773%2C804&ssl=1","width":1773,"height":804,"caption":"P\u00e9tuya"},"image":{"@id":"https:\/\/www.petuya.fr\/#\/schema\/logo\/image\/"},"sameAs":["https:\/\/www.facebook.com\/StephaniePetuya.Literie","https:\/\/www.instagram.com\/stephaniepetuya\/?igshid=YmMyMTA2M2Y","https:\/\/www.pinterest.fr\/maisonpetuya\/"]}]}},"jetpack_sharing_enabled":true,"_links":{"self":[{"href":"https:\/\/petuya.fr\/en\/wp-json\/wp\/v2\/product\/2326","targetHints":{"allow":["GET"]}}],"collection":[{"href":"https:\/\/petuya.fr\/en\/wp-json\/wp\/v2\/product"}],"about":[{"href":"https:\/\/petuya.fr\/en\/wp-json\/wp\/v2\/types\/product"}],"wp:featuredmedia":[{"embeddable":true,"href":"https:\/\/petuya.fr\/en\/wp-json\/wp\/v2\/media\/1311"}],"wp:attachment":[{"href":"https:\/\/petuya.fr\/en\/wp-json\/wp\/v2\/media?parent=2326"}],"wp:term":[{"taxonomy":"product_brand","embeddable":true,"href":"https:\/\/petuya.fr\/en\/wp-json\/wp\/v2\/product_brand?post=2326"},{"taxonomy":"product_cat","embeddable":true,"href":"https:\/\/petuya.fr\/en\/wp-json\/wp\/v2\/product_cat?post=2326"},{"taxonomy":"product_tag","embeddable":true,"href":"https:\/\/petuya.fr\/en\/wp-json\/wp\/v2\/product_tag?post=2326"}],"curies":[{"name":"wp","href":"https:\/\/api.w.org\/{rel}","templated":true}]}}